{"id":1497,"date":"2025-04-24T18:49:05","date_gmt":"2025-04-24T18:49:05","guid":{"rendered":"https:\/\/habibimb.com\/?post_type=product&#038;p=1497"},"modified":"2025-05-15T07:31:01","modified_gmt":"2025-05-15T07:31:01","slug":"apa-de-parfum-infamous-riiffs-barbati-100ml","status":"publish","type":"product","link":"https:\/\/habibimb.com\/en\/product\/apa-de-parfum-infamous-riiffs-barbati-100ml\/","title":{"rendered":"Infamous, Riiffs"},"content":{"rendered":"<h2>Descoperi\u021bi esen\u021ba Infamous<\/h2>\n<p>V\u0103 prezent\u0103m <strong>Apa de Parfum Infamous<\/strong> de la Riiffs, un parfum captivant conceput pentru b\u0103rbatul modern care \u00eendr\u0103zne\u0219te s\u0103 fie diferit. Aceast\u0103 sticl\u0103 de 100 ml \u00eencapsuleaz\u0103 un amestec unic de note care evoc\u0103 \u00eencredere \u0219i carism\u0103, f\u0103c\u00e2ndu-l alegerea perfect\u0103 pentru orice ocazie, indiferent dac\u0103 mergi la birou sau ie\u0219i \u00eentr-o sear\u0103 cu prietenii.<\/p>\n<h2>Profil olfactiv care iese \u00een eviden\u021b\u0103<\/h2>\n<p>Parfumul Infamous se deschide cu note de v\u00e2rf revigorante care tachinez\u0103 sim\u021burile, dezv\u0103luind treptat o inim\u0103 \u00eembog\u0103\u021bit\u0103 cu profunzime \u0219i c\u0103ldur\u0103. Pe m\u0103sur\u0103 ce se a\u0219eaz\u0103, notele de baz\u0103 ofer\u0103 o arom\u0103 persistent\u0103 care captiveaz\u0103 \u0219i \u00eenc\u00e2nt\u0103, l\u0103s\u00e2nd o urm\u0103 de neuitat. Acest parfum atent lucrat este perfect pentru domnul care dore\u0219te s\u0103 fac\u0103 o impresie de durat\u0103.<\/p>\n<h2>De ce s\u0103 alegi Infamous?<\/h2>\n<p>Alegerea <strong>Apa de Parfum Infamous<\/strong> \u00eenseamn\u0103 \u00eembr\u0103\u021bi\u0219area unui parfum care \u00eentruchipeaz\u0103 rafinamentul \u0219i puterea. Sticla cu design elegant nu este doar un vas pentru parfum, ci \u0219i o pies\u0103 de referin\u021b\u0103 pentru colec\u021bia ta. Cu formula sa de lung\u0103 durat\u0103, v\u0103 asigur\u0103 c\u0103 mirosi\u021bi grozav pe tot parcursul zilei aglomerate. Acest parfum este realizat cu ingrediente de \u00eenalt\u0103 calitate, ceea ce \u00eel face o alegere excep\u021bional\u0103 pentru cei care apreciaz\u0103 luxul.<\/p>\n<p>Ridic\u0103-\u021bi prezen\u021ba \u0219i exprim\u0103-\u021bi individualitatea cu fiecare jet de Infamous. Ideal ca cadou sau r\u0103sf\u0103\u021b personal, simbolizeaz\u0103 esen\u021ba a ceea ce \u00eenseamn\u0103 s\u0103 fii cu adev\u0103rat memorabil. Nu rata \u0219ansa de a de\u021bine acest parfum distinctiv &#8211; ia-\u021bi sticla de 100 ml ast\u0103zi \u0219i redefine\u0219te-\u021bi parfumul semn\u0103tur\u0103!<\/p>","protected":false},"excerpt":{"rendered":"<ul>\n<li class=\"\" data-start=\"119\" data-end=\"176\">\n<p class=\"\" data-start=\"121\" data-end=\"176\"><strong data-start=\"121\" data-end=\"137\">Note de v\u00e2rf<\/strong>: <span class=\"relative -mx-px my-[-0.2rem] rounded px-px py-[0.2rem] transition-colors duration-100 ease-in-out\">bergamot\u0103, ananas, mandarin\u0103<\/span><\/p>\n<\/li>\n<li class=\"\" data-start=\"177\" data-end=\"236\">\n<p class=\"\" data-start=\"179\" data-end=\"236\"><strong data-start=\"179\" data-end=\"197\">Note de mijloc<\/strong>: <span class=\"relative -mx-px my-[-0.2rem] rounded px-px py-[0.2rem] transition-colors duration-100 ease-in-out\">note marine, patchouli, ambr\u0103<\/span><\/p>\n<\/li>\n<li class=\"\" data-start=\"237\" data-end=\"338\">\n<p class=\"\" data-start=\"239\" data-end=\"338\"><strong data-start=\"239\" data-end=\"255\">Note de baz\u0103<\/strong>: <span class=\"relative -mx-px my-[-0.2rem] rounded px-px py-[0.2rem] transition-colors duration-100 ease-in-out\">mu\u0219chi, vanilie, mosc, lemn de cedru<\/span><\/p>\n<\/li>\n<\/ul>","protected":false},"featured_media":1503,"comment_status":"open","ping_status":"closed","template":"","meta":{"om_disable_all_campaigns":false,"_monsterinsights_skip_tracking":false,"_monsterinsights_sitenote_active":false,"_monsterinsights_sitenote_note":"","_monsterinsights_sitenote_category":0},"product_brand":[73],"product_cat":[55],"product_tag":[],"class_list":{"0":"post-1497","1":"product","2":"type-product","3":"status-publish","4":"has-post-thumbnail","6":"product_brand-riiffs","7":"product_cat-pentru-el","9":"first","10":"instock","11":"shipping-taxable","12":"purchasable","13":"product-type-simple"},"aioseo_notices":[],"ct_brands":[{"id":73,"name":"Riiffs","slug":"riiffs"}],"_links":{"self":[{"href":"https:\/\/habibimb.com\/en\/wp-json\/wp\/v2\/product\/1497","targetHints":{"allow":["GET"]}}],"collection":[{"href":"https:\/\/habibimb.com\/en\/wp-json\/wp\/v2\/product"}],"about":[{"href":"https:\/\/habibimb.com\/en\/wp-json\/wp\/v2\/types\/product"}],"replies":[{"embeddable":true,"href":"https:\/\/habibimb.com\/en\/wp-json\/wp\/v2\/comments?post=1497"}],"wp:featuredmedia":[{"embeddable":true,"href":"https:\/\/habibimb.com\/en\/wp-json\/wp\/v2\/media\/1503"}],"wp:attachment":[{"href":"https:\/\/habibimb.com\/en\/wp-json\/wp\/v2\/media?parent=1497"}],"wp:term":[{"taxonomy":"product_brand","embeddable":true,"href":"https:\/\/habibimb.com\/en\/wp-json\/wp\/v2\/product_brand?post=1497"},{"taxonomy":"product_cat","embeddable":true,"href":"https:\/\/habibimb.com\/en\/wp-json\/wp\/v2\/product_cat?post=1497"},{"taxonomy":"product_tag","embeddable":true,"href":"https:\/\/habibimb.com\/en\/wp-json\/wp\/v2\/product_tag?post=1497"}],"curies":[{"name":"wp","href":"https:\/\/api.w.org\/{rel}","templated":true}]}}