{"id":1494,"date":"2025-04-24T18:42:01","date_gmt":"2025-04-24T18:42:01","guid":{"rendered":"https:\/\/habibimb.com\/?post_type=product&#038;p=1494"},"modified":"2025-10-02T11:30:00","modified_gmt":"2025-10-02T11:30:00","slug":"apa-de-parfum-rawaee-regina-al-wataniah-femei-100ml","status":"publish","type":"product","link":"https:\/\/habibimb.com\/en\/product\/apa-de-parfum-rawaee-regina-al-wataniah-femei-100ml\/","title":{"rendered":"Rawaee Regina, Al Wataniah"},"content":{"rendered":"<h2>Dezl\u0103n\u021buie-\u021bi elegan\u021ba interioar\u0103<\/h2>\n<p>V\u0103 prezent\u0103m <strong>Apa de Parfum Rawaee Regina<\/strong> de Al Wataniah, un parfum rafinat conceput pentru femeia modern\u0103 care \u00eentruchipeaz\u0103 gra\u021bia \u0219i \u00eencrederea. Aceast\u0103 sticl\u0103 de 100 ml nu este doar un parfum; Este o declara\u021bie de rafinament \u0219i farmec, f\u0103c\u00e2ndu-l completarea perfect\u0103 pentru colec\u021bia ta personal\u0103.<\/p>\n<h2>Profil de parfum captivant<\/h2>\n<p><strong>Sufletul Apa de Parfum Rawaee Regina<\/strong> este \u021besut cu note florale \u0219i fructate delicate, armoniz\u00e2ndu-se frumos pentru a crea o arom\u0103 captivant\u0103. Din momentul \u00een care \u00eel pulveriza\u021bi, ve\u021bi fi \u00eent\u00e2mpina\u021bi cu note de v\u00e2rf r\u0103coritoare de citrice care v\u0103 ridic\u0103 moralul, trec\u00e2nd treptat la o inim\u0103 de flori elegante. Parfumul se \u00eencheie cu note de baz\u0103 calde, moscate, care persist\u0103 pe tot parcursul zilei, \u00eenv\u0103luindu-te \u00eentr-o aur\u0103 de mister.<\/p>\n<h2>De ce s\u0103 alegi Rawaee Regina?<\/h2>\n<p>Acest parfum de lux este perfect pentru orice ocazie, indiferent dac\u0103 te \u00eembraci pentru o noapte \u00een ora\u0219 sau cau\u021bi un parfum subtil pentru activit\u0103\u021bile tale de zi cu zi. Designul elegant al sticlei reflect\u0103 bog\u0103\u021bia parfumului din interior, f\u0103c\u00e2ndu-l o pies\u0103 frumoas\u0103 de expus pe toalet\u0103. Cu o formul\u0103 de lung\u0103 durat\u0103, <strong>Apa de Parfum Rawaee Regina<\/strong> v\u0103 asigur\u0103 c\u0103 r\u0103m\u00e2ne\u021bi \u00eenc\u00e2nt\u0103tor \u0219i parfumat de diminea\u021ba p\u00e2n\u0103 seara. R\u0103sf\u0103\u021ba\u021bi-v\u0103 \u0219i \u00een\u0103l\u021ba\u021bi fiecare moment cu acest parfum rafinat care \u00eentruchipeaz\u0103 feminitatea \u0219i farmec.0ML<\/p>","protected":false},"excerpt":{"rendered":"<p>Inspirat din Kirke Tiziana Terenzi<\/p>\n<p>&nbsp;<\/p>\n<p><strong>Note de v\u00e2rf:<\/strong>\u00a0Fructul pasiunii, Piersic\u0103, Par\u0103, Zmeur\u0103, Coac\u0103ze negre;<\/p>\n<p><strong>Note de mijloc:<\/strong>\u00a0L\u0103cr\u0103mioare;<\/p>\n<p><strong>Note de baz\u0103:<\/strong>\u00a0Mosc, Lemn de santal, Vanilie, Patchouli, Heliotrop.<\/p>","protected":false},"featured_media":1496,"comment_status":"open","ping_status":"closed","template":"","meta":{"om_disable_all_campaigns":false,"_monsterinsights_skip_tracking":false,"_monsterinsights_sitenote_active":false,"_monsterinsights_sitenote_note":"","_monsterinsights_sitenote_category":0},"product_brand":[69],"product_cat":[56],"product_tag":[],"class_list":{"0":"post-1494","1":"product","2":"type-product","3":"status-publish","4":"has-post-thumbnail","6":"product_brand-al-wataniah","7":"product_cat-pentru-ea","9":"first","10":"outofstock","11":"shipping-taxable","12":"purchasable","13":"product-type-simple"},"aioseo_notices":[],"ct_brands":[{"id":69,"name":"Al Wataniah","slug":"al-wataniah"}],"_links":{"self":[{"href":"https:\/\/habibimb.com\/en\/wp-json\/wp\/v2\/product\/1494","targetHints":{"allow":["GET"]}}],"collection":[{"href":"https:\/\/habibimb.com\/en\/wp-json\/wp\/v2\/product"}],"about":[{"href":"https:\/\/habibimb.com\/en\/wp-json\/wp\/v2\/types\/product"}],"replies":[{"embeddable":true,"href":"https:\/\/habibimb.com\/en\/wp-json\/wp\/v2\/comments?post=1494"}],"wp:featuredmedia":[{"embeddable":true,"href":"https:\/\/habibimb.com\/en\/wp-json\/wp\/v2\/media\/1496"}],"wp:attachment":[{"href":"https:\/\/habibimb.com\/en\/wp-json\/wp\/v2\/media?parent=1494"}],"wp:term":[{"taxonomy":"product_brand","embeddable":true,"href":"https:\/\/habibimb.com\/en\/wp-json\/wp\/v2\/product_brand?post=1494"},{"taxonomy":"product_cat","embeddable":true,"href":"https:\/\/habibimb.com\/en\/wp-json\/wp\/v2\/product_cat?post=1494"},{"taxonomy":"product_tag","embeddable":true,"href":"https:\/\/habibimb.com\/en\/wp-json\/wp\/v2\/product_tag?post=1494"}],"curies":[{"name":"wp","href":"https:\/\/api.w.org\/{rel}","templated":true}]}}