{"id":1491,"date":"2025-04-24T18:40:13","date_gmt":"2025-04-24T18:40:13","guid":{"rendered":"https:\/\/habibimb.com\/?post_type=product&#038;p=1491"},"modified":"2025-05-15T07:31:01","modified_gmt":"2025-05-15T07:31:01","slug":"apa-de-parfum-rawaee-monarch-al-wataniah-barbati-100ml","status":"publish","type":"product","link":"https:\/\/habibimb.com\/en\/product\/apa-de-parfum-rawaee-monarch-al-wataniah-barbati-100ml\/","title":{"rendered":"Rawaee Monarch, Al Wataniah"},"content":{"rendered":"<h2>Dezl\u0103n\u021buie-\u021bi esen\u021ba<\/h2>\n<p>Descoperi\u021bi alura captivant\u0103 a <strong>Apa de Parfum Rawaee Monarch<\/strong> de la Al Wataniah. Acest parfum rafinat este conceput pentru cei care \u00eembr\u0103\u021bi\u0219eaz\u0103 rafinamentul \u0219i elegan\u021ba. Cu un amestec armonios de note bogate, Rawaee Monarch v\u0103 va ridica profilul olfactiv, f\u0103c\u00e2ndu-v\u0103 centrul aten\u021biei oriunde a\u021bi merge. R\u0103sf\u0103\u021ba\u021bi-v\u0103 sim\u021burile \u00een timp ce \u00eentruchipa\u021bi esen\u021ba luxului cu fiecare pic\u0103tur\u0103.<\/p>\n<h2>Un parfum incomparabil<\/h2>\n<p>Parfumul <strong>Rawaee Monarch<\/strong> este conceput meticulos pentru a atrage persoanele cu discern\u0103m\u00e2nt. Aceast\u0103 sticl\u0103 de 100 ml \u00eencapsuleaz\u0103 o combina\u021bie \u00eenc\u00e2nt\u0103toare de nuan\u021be florale, lemnoase \u0219i picante. Notele de v\u00e2rf \u00ee\u021bi trezesc sim\u021burile cu o explozie de citrice \u0219i bergamot\u0103, trec\u00e2nd \u00eentr-o inim\u0103 de flori delicate \u0219i condimente bogate, a\u0219ez\u00e2ndu-se \u00een cele din urm\u0103 \u00eentr-o baz\u0103 cald\u0103 de chihlimbar \u0219i lemn de santal. Aceast\u0103 combina\u021bie unic\u0103 asigur\u0103 o experien\u021b\u0103 olfactiv\u0103 memorabil\u0103 care persist\u0103 pe pielea ta pe tot parcursul zilei.<\/p>\n<h2>Perfect pentru orice ocazie<\/h2>\n<p>Fie c\u0103 te \u00eembraci pentru o \u00eent\u00e2lnire important\u0103, o noapte \u00een ora\u0219 sau o \u00eent\u00e2lnire casual, <strong>Apa de Parfum Rawaee Monarch<\/strong> este \u00eenso\u021bitorul t\u0103u perfect. Versatilitatea sa \u00eei permite s\u0103 se \u00eembine perfect cu stilul \u0219i starea ta de spirit. Parfumul atr\u0103g\u0103tor este o alegere ideal\u0103 at\u00e2t pentru farmecul zilei, c\u00e2t \u0219i pentru rafinamentul de sear\u0103. Face\u021bi o impresie de durat\u0103 cu un parfum care \u00eentruchipeaz\u0103 \u00eencrederea \u0219i carisma.<\/p>","protected":false},"excerpt":{"rendered":"<p>Inspirat din Oud Satin Mood Maison Francis\u00a0Kurkdjian<\/p>\n<p>&nbsp;<\/p>\n<p><strong>Note de v\u00e2rf:<\/strong>\u00a0Afine, Mandarine;<\/p>\n<p><strong>Note de mijloc:<\/strong>\u00a0Trandafir bulg\u0103resc, Geranium, Magnolie;<\/p>\n<p><strong>Note de baz\u0103:<\/strong>\u00a0Mosc, Patchouli.<\/p>","protected":false},"featured_media":1493,"comment_status":"open","ping_status":"closed","template":"","meta":{"om_disable_all_campaigns":false,"_monsterinsights_skip_tracking":false,"_monsterinsights_sitenote_active":false,"_monsterinsights_sitenote_note":"","_monsterinsights_sitenote_category":0},"product_brand":[69],"product_cat":[55],"product_tag":[],"class_list":{"0":"post-1491","1":"product","2":"type-product","3":"status-publish","4":"has-post-thumbnail","6":"product_brand-al-wataniah","7":"product_cat-pentru-el","9":"first","10":"instock","11":"shipping-taxable","12":"purchasable","13":"product-type-simple"},"aioseo_notices":[],"ct_brands":[{"id":69,"name":"Al Wataniah","slug":"al-wataniah"}],"_links":{"self":[{"href":"https:\/\/habibimb.com\/en\/wp-json\/wp\/v2\/product\/1491","targetHints":{"allow":["GET"]}}],"collection":[{"href":"https:\/\/habibimb.com\/en\/wp-json\/wp\/v2\/product"}],"about":[{"href":"https:\/\/habibimb.com\/en\/wp-json\/wp\/v2\/types\/product"}],"replies":[{"embeddable":true,"href":"https:\/\/habibimb.com\/en\/wp-json\/wp\/v2\/comments?post=1491"}],"wp:featuredmedia":[{"embeddable":true,"href":"https:\/\/habibimb.com\/en\/wp-json\/wp\/v2\/media\/1493"}],"wp:attachment":[{"href":"https:\/\/habibimb.com\/en\/wp-json\/wp\/v2\/media?parent=1491"}],"wp:term":[{"taxonomy":"product_brand","embeddable":true,"href":"https:\/\/habibimb.com\/en\/wp-json\/wp\/v2\/product_brand?post=1491"},{"taxonomy":"product_cat","embeddable":true,"href":"https:\/\/habibimb.com\/en\/wp-json\/wp\/v2\/product_cat?post=1491"},{"taxonomy":"product_tag","embeddable":true,"href":"https:\/\/habibimb.com\/en\/wp-json\/wp\/v2\/product_tag?post=1491"}],"curies":[{"name":"wp","href":"https:\/\/api.w.org\/{rel}","templated":true}]}}