{"id":1488,"date":"2025-04-24T18:38:19","date_gmt":"2025-04-24T18:38:19","guid":{"rendered":"https:\/\/habibimb.com\/?post_type=product&#038;p=1488"},"modified":"2025-05-15T07:31:01","modified_gmt":"2025-05-15T07:31:01","slug":"apa-de-parfum-rawaee-elite-al-wataniah-barbati-100ml","status":"publish","type":"product","link":"https:\/\/habibimb.com\/en\/product\/apa-de-parfum-rawaee-elite-al-wataniah-barbati-100ml\/","title":{"rendered":"Rawaee Elite, Al Wataniah"},"content":{"rendered":"<h2>Experimenta\u021bi o elegan\u021b\u0103 de neegalat<\/h2>\n<p>Apa de Parfum Rawaee Elite de la Al Wataniah este mai mult dec\u00e2t un parfum; Este o c\u0103l\u0103torie olfactiv\u0103 care vorbe\u0219te sim\u021burilor tale. Creat pentru cei care apreciaz\u0103 lucrurile fine din via\u021b\u0103, acest parfum rafinat este conceput at\u00e2t pentru b\u0103rba\u021bi, c\u00e2t \u0219i pentru femei care doresc rafinament \u0219i farmec \u00een fiecare spritz. Amestecul luxos de arome creeaz\u0103 o semn\u0103tur\u0103 unic\u0103 care persist\u0103 pe tot parcursul zilei, f\u0103c\u00e2ndu-l un accesoriu esen\u021bial pentru orice ocazie.<\/p>\n<h2>Note care captiveaz\u0103<\/h2>\n<p>La prima pulverizare, e\u0219ti \u00eent\u00e2mpinat cu o explozie de note de v\u00e2rf vibrante \u0219i proaspete care revigoreaz\u0103 spiritul. Inima dezv\u0103luie un amestec armonios de acorduri florale \u0219i lemnoase, ad\u0103ug\u00e2nd profunzime \u0219i caracter parfumului. \u00cen cele din urm\u0103, notele de baz\u0103 se a\u0219eaz\u0103 frumos, \u00eenv\u0103luindu-te \u00eentr-o \u00eembr\u0103\u021bi\u0219are cald\u0103 care las\u0103 o impresie de durat\u0103. Aceast\u0103 combina\u021bie echilibrat\u0103 asigur\u0103 c\u0103 Apa de Parfum Rawaee Elite r\u0103m\u00e2ne memorabil\u0103 mult timp dup\u0103 ce a\u021bi p\u0103r\u0103sit camera.<\/p>\n<h2>Cadoul perfect<\/h2>\n<p>Fie c\u0103 v\u0103 r\u0103sf\u0103\u021ba\u021bi sau c\u0103uta\u021bi cadoul perfect pentru o persoan\u0103 drag\u0103, flaconul de 100 ml de Apa de Parfum Rawaee Elite este frumos proiectat, \u00eembin\u00e2nd elegan\u021ba cu func\u021bionalitatea. Ambalajul s\u0103u elegant \u0219i sofisticat \u00eel face un plus atr\u0103g\u0103tor pentru orice colec\u021bie de vanit\u0103\u021bi sau parfumuri. Perfect pentru anivers\u0103ri, zile de na\u0219tere sau s\u0103rb\u0103tori speciale, acest parfum va \u00eenc\u00e2nta cu siguran\u021b\u0103 pe oricine \u00eel prime\u0219te.<\/p>\n<p>Face\u021bi o impresie de durat\u0103 la fiecare \u00eent\u00e2lnire. \u00cembr\u0103\u021bi\u0219eaz\u0103 frumuse\u021bea \u0219i luxul Apa de Parfum Rawaee Elite \u0219i ridic\u0103-\u021bi jocul de parfumuri la noi culmi. R\u0103sf\u0103\u021ba\u021bi-v\u0103 sau \u00eemp\u0103rt\u0103\u0219i\u021bi experien\u021ba cu cineva special ast\u0103zi.<\/p>","protected":false},"excerpt":{"rendered":"<p>Inspirat din Sauvage\u00a0Dior<\/p>\n<p>&nbsp;<\/p>\n<p><strong>Note de v\u00e2rf:<\/strong> Lavand\u0103, Trandafir, Lamaie;<\/p>\n<p><strong>Note de mijloc:<\/strong>\u00a0Geranium, Nuc\u0219oar\u0103;<\/p>\n<p><strong>Note de baz\u0103:<\/strong>\u00a0Patchouli, Vetiver.<\/p>","protected":false},"featured_media":1489,"comment_status":"open","ping_status":"closed","template":"","meta":{"om_disable_all_campaigns":false,"_monsterinsights_skip_tracking":false,"_monsterinsights_sitenote_active":false,"_monsterinsights_sitenote_note":"","_monsterinsights_sitenote_category":0},"product_brand":[69],"product_cat":[55],"product_tag":[],"class_list":{"0":"post-1488","1":"product","2":"type-product","3":"status-publish","4":"has-post-thumbnail","6":"product_brand-al-wataniah","7":"product_cat-pentru-el","9":"first","10":"instock","11":"shipping-taxable","12":"purchasable","13":"product-type-simple"},"aioseo_notices":[],"ct_brands":[{"id":69,"name":"Al Wataniah","slug":"al-wataniah"}],"_links":{"self":[{"href":"https:\/\/habibimb.com\/en\/wp-json\/wp\/v2\/product\/1488","targetHints":{"allow":["GET"]}}],"collection":[{"href":"https:\/\/habibimb.com\/en\/wp-json\/wp\/v2\/product"}],"about":[{"href":"https:\/\/habibimb.com\/en\/wp-json\/wp\/v2\/types\/product"}],"replies":[{"embeddable":true,"href":"https:\/\/habibimb.com\/en\/wp-json\/wp\/v2\/comments?post=1488"}],"wp:featuredmedia":[{"embeddable":true,"href":"https:\/\/habibimb.com\/en\/wp-json\/wp\/v2\/media\/1489"}],"wp:attachment":[{"href":"https:\/\/habibimb.com\/en\/wp-json\/wp\/v2\/media?parent=1488"}],"wp:term":[{"taxonomy":"product_brand","embeddable":true,"href":"https:\/\/habibimb.com\/en\/wp-json\/wp\/v2\/product_brand?post=1488"},{"taxonomy":"product_cat","embeddable":true,"href":"https:\/\/habibimb.com\/en\/wp-json\/wp\/v2\/product_cat?post=1488"},{"taxonomy":"product_tag","embeddable":true,"href":"https:\/\/habibimb.com\/en\/wp-json\/wp\/v2\/product_tag?post=1488"}],"curies":[{"name":"wp","href":"https:\/\/api.w.org\/{rel}","templated":true}]}}