{"id":1485,"date":"2025-04-24T18:34:51","date_gmt":"2025-04-24T18:34:51","guid":{"rendered":"https:\/\/habibimb.com\/?post_type=product&#038;p=1485"},"modified":"2025-05-15T07:31:01","modified_gmt":"2025-05-15T07:31:01","slug":"apa-de-parfum-rawaee-noble-al-wataniah-unisex-100ml","status":"publish","type":"product","link":"https:\/\/habibimb.com\/en\/product\/apa-de-parfum-rawaee-noble-al-wataniah-unisex-100ml\/","title":{"rendered":"Rawaee Noble, Al Wataniah"},"content":{"rendered":"<h2>Experimenta\u021bi esen\u021ba elegan\u021bei<\/h2>\n<p>Descoper\u0103 alura captivant\u0103 a <strong>Apa de Parfum Rawaee Noble<\/strong> de Al Wataniah, un parfum unisex frumos realizat, conceput pentru a \u00eencapsula esen\u021ba farmecului sofisticat. Acest parfum rafinat de 100 ml este mai mult dec\u00e2t un simplu parfum; Este o extensie a personalit\u0103\u021bii tale, o declara\u021bie a stilului t\u0103u unic \u0219i o m\u0103rturie a gustului t\u0103u pentru lucrurile bune din via\u021b\u0103.<\/p>\n<h2>Note de neuitat care transcend timpul<\/h2>\n<p>\u00cen inima Apa de Parfum Rawaee Noble se afl\u0103 un amestec armonios de note \u00eenc\u00e2nt\u0103toare care creeaz\u0103 o experien\u021b\u0103 olfactiv\u0103 de neuitat. Notele de v\u00e2rf sunt revigorante \u0219i proaspete, oferind o explozie primitoare care ademene\u0219te sim\u021burile. Pe m\u0103sur\u0103 ce parfumul se dezvolt\u0103, notele de mijloc dezv\u0103luie un caracter bogat \u0219i complex, prezent\u00e2nd o fuziune de nuan\u021be florale \u0219i lemnoase. \u00cen cele din urm\u0103, notele de baz\u0103 ofer\u0103 un final cald \u0219i persistent, care las\u0103 o impresie de durat\u0103. Acest parfum cu mai multe fa\u021bete este perfect pentru oricine dore\u0219te s\u0103 aib\u0103 un impact memorabil, indiferent dac\u0103 v\u0103 \u00eendrepta\u021bi spre o \u00eent\u00e2lnire important\u0103 sau v\u0103 bucura\u021bi de o sear\u0103 romantic\u0103.<\/p>\n<h2>Un parfum de semn\u0103tur\u0103 pentru toate ocaziile<\/h2>\n<p>Conceput\u0103 at\u00e2t pentru b\u0103rba\u021bi, c\u00e2t \u0219i pentru femei, aceast\u0103 capodoper\u0103 unisex este suficient de versatil\u0103 pentru a fi purtat\u0103 oric\u00e2nd \u0219i oriunde. <strong>Apa de Parfum Rawaee Noble<\/strong> v\u0103 poate completa f\u0103r\u0103 efort \u021binuta de zi sau v\u0103 poate \u00eembun\u0103t\u0103\u021bi ansamblul de sear\u0103. Aura sa sofisticat\u0103 \u00eel face ideal pentru ie\u0219iri casual, evenimente formale sau pur \u0219i simplu ca parte a rutinei zilnice. Acest parfum nu se limiteaz\u0103 la un singur anotimp; Este un \u00eenso\u021bitor pe tot parcursul anului care se adapteaz\u0103 frumos la orice mediu.<\/p>\n<p>Cu ambalajul s\u0103u elegant \u0219i formula excep\u021bional\u0103, Apa de Parfum Rawaee Noble este, de asemenea, o alegere excelent\u0103 de cadou. Fie pentru o persoan\u0103 drag\u0103 sau pentru tine, acest parfum spune multe despre grij\u0103 \u0219i rafinament.<\/p>\n<p>\u00cembun\u0103t\u0103\u021be\u0219te-\u021bi colec\u021bia de parfumuri cu \u00eenc\u00e2nt\u0103torul <strong>Apa de Parfum Rawaee Noble<\/strong> de la Al Wataniah \u0219i \u00eembr\u0103\u021bi\u0219eaz\u0103 puterea parfumului pentru a-\u021bi \u00eembun\u0103t\u0103\u021bi experien\u021bele de zi cu zi. R\u0103sf\u0103\u021ba\u021bi-v\u0103 cu acest parfum de lux \u0219i descoperi\u021bi cum v\u0103 poate transforma prezen\u021ba \u00een orice situa\u021bie.<\/p>","protected":false},"excerpt":{"rendered":"<p>Inspirat din Erba Pura Xerjoff<\/p>\n<p>&nbsp;<\/p>\n<p><strong>Note de v\u00e2rf:<\/strong>\u00a0Piper roz, Piper negru, \u0218ofran, Bergamot\u0103, Mandarin\u0103;<\/p>\n<p><strong>Note de mijloc:<\/strong>\u00a0Ylang \u2013 ylang, Floare de portocal, Ananas, Mango;<\/p>\n<p><strong>Note de baz\u0103:<\/strong>\u00a0Cognac, Lemn de cedru, Patchouli, Ambr\u0103.<\/p>","protected":false},"featured_media":1487,"comment_status":"open","ping_status":"closed","template":"","meta":{"om_disable_all_campaigns":false,"_monsterinsights_skip_tracking":false,"_monsterinsights_sitenote_active":false,"_monsterinsights_sitenote_note":"","_monsterinsights_sitenote_category":0},"product_brand":[69],"product_cat":[57],"product_tag":[],"class_list":{"0":"post-1485","1":"product","2":"type-product","3":"status-publish","4":"has-post-thumbnail","6":"product_brand-al-wataniah","7":"product_cat-unisex","9":"first","10":"instock","11":"shipping-taxable","12":"purchasable","13":"product-type-simple"},"aioseo_notices":[],"ct_brands":[{"id":69,"name":"Al Wataniah","slug":"al-wataniah"}],"_links":{"self":[{"href":"https:\/\/habibimb.com\/en\/wp-json\/wp\/v2\/product\/1485","targetHints":{"allow":["GET"]}}],"collection":[{"href":"https:\/\/habibimb.com\/en\/wp-json\/wp\/v2\/product"}],"about":[{"href":"https:\/\/habibimb.com\/en\/wp-json\/wp\/v2\/types\/product"}],"replies":[{"embeddable":true,"href":"https:\/\/habibimb.com\/en\/wp-json\/wp\/v2\/comments?post=1485"}],"wp:featuredmedia":[{"embeddable":true,"href":"https:\/\/habibimb.com\/en\/wp-json\/wp\/v2\/media\/1487"}],"wp:attachment":[{"href":"https:\/\/habibimb.com\/en\/wp-json\/wp\/v2\/media?parent=1485"}],"wp:term":[{"taxonomy":"product_brand","embeddable":true,"href":"https:\/\/habibimb.com\/en\/wp-json\/wp\/v2\/product_brand?post=1485"},{"taxonomy":"product_cat","embeddable":true,"href":"https:\/\/habibimb.com\/en\/wp-json\/wp\/v2\/product_cat?post=1485"},{"taxonomy":"product_tag","embeddable":true,"href":"https:\/\/habibimb.com\/en\/wp-json\/wp\/v2\/product_tag?post=1485"}],"curies":[{"name":"wp","href":"https:\/\/api.w.org\/{rel}","templated":true}]}}