{"id":1482,"date":"2025-04-24T18:32:47","date_gmt":"2025-04-24T18:32:47","guid":{"rendered":"https:\/\/habibimb.com\/?post_type=product&#038;p=1482"},"modified":"2025-10-02T11:31:25","modified_gmt":"2025-10-02T11:31:25","slug":"apa-de-parfum-selena-al-wataniah-femei-100ml","status":"publish","type":"product","link":"https:\/\/habibimb.com\/en\/product\/apa-de-parfum-selena-al-wataniah-femei-100ml\/","title":{"rendered":"Selena, Al Wataniah"},"content":{"rendered":"<h2>Descoper\u0103 esen\u021ba elegan\u021bei<\/h2>\n<p>P\u0103\u0219i\u021bi \u00eentr-o lume a rafinamentului cu Apa de Parfum Selena de Al Wataniah. Acest parfum rafinat pentru femei este conceput pentru a captiva sim\u021burile, oferind un amestec perfect de elegan\u021b\u0103 \u0219i farmec. Fie c\u0103 te \u00eembraci pentru o ocazie special\u0103 sau cau\u021bi s\u0103-\u021bi \u00eembun\u0103t\u0103\u021be\u0219ti rutina de zi cu zi, acest parfum transform\u0103 obi\u0219nuitul \u00een extraordinar.<\/p>\n<h2>Un profil unic de parfum<\/h2>\n<p>Apa de Parfum Selena se m\u00e2ndre\u0219te cu un buchet complex de note care se armonizeaz\u0103 frumos. Parfumul se deschide cu note de v\u00e2rf proaspete \u0219i vibrante care trezesc spiritul, trec\u00e2nd f\u0103r\u0103 probleme \u00eentr-o inim\u0103 compus\u0103 din acorduri florale delicate. Pe m\u0103sur\u0103 ce se a\u0219eaz\u0103, apare o baz\u0103 cald\u0103 \u0219i primitoare, l\u0103s\u00e2nd o impresie de durat\u0103 care persist\u0103 pe tot parcursul zilei. Acest parfum captivant este perfect pentru femeile care apreciaz\u0103 m\u0103iestria parfumurilor.<\/p>\n<h2>Perfect pentru orice ocazie<\/h2>\n<p>Conceput\u0103 pentru versatilitate, Apa de Parfum Selena este potrivit\u0103 pentru orice ocazie, fie c\u0103 este vorba de o zi la birou, o sear\u0103 romantic\u0103 sau o \u00eent\u00e2lnire fastuoas\u0103. Flaconul de 100 ml v\u0103 asigur\u0103 c\u0103 ave\u021bi la dispozi\u021bie o mul\u021bime de acest parfum luxos, f\u0103c\u00e2ndu-l un plus esen\u021bial pentru colec\u021bia dvs. Simte-te \u00eencrez\u0103tor \u0219i radiant \u00een timp ce \u00ee\u021bi \u00eembr\u0103\u021bi\u0219ezi stilul unic \u0219i \u00ee\u021bi exprimi adev\u0103ratul sine prin acest parfum fermec\u0103tor.<\/p>\n<p>\u00cembun\u0103t\u0103\u021be\u0219te-\u021bi jocul de parfumuri cu Apa de Parfum Selena de la Al Wataniah, unde fiecare spritz ofer\u0103 o oportunitate de a str\u0103luci. Ideal pentru a v\u0103 oferi cadou sau a v\u0103 r\u0103sf\u0103\u021ba, acest parfum promite o experien\u021b\u0103 aromatic\u0103 de neuitat. Cufunda\u021bi-v\u0103 \u00een lux; \u00eembr\u0103\u021bi\u0219eaz\u0103 elegan\u021ba Selenei.<\/p>","protected":false},"excerpt":{"rendered":"<p><strong>Note de v\u00e2rf:<\/strong>\u00a0\u0218ofran, Piment, Trandafir;<br \/>\n<strong>Note de mijloc:<\/strong>\u00a0Patchouli, Caramel, Oud, Note florale;<\/p>\n<p><strong>Note de baz\u0103:<\/strong>\u00a0Mosc, Tamaie, Ambr\u0103, R\u0103\u0219ini, Note lemnoase.<\/p>","protected":false},"featured_media":1483,"comment_status":"open","ping_status":"closed","template":"","meta":{"om_disable_all_campaigns":false,"_monsterinsights_skip_tracking":false,"_monsterinsights_sitenote_active":false,"_monsterinsights_sitenote_note":"","_monsterinsights_sitenote_category":0},"product_brand":[69],"product_cat":[56],"product_tag":[],"class_list":{"0":"post-1482","1":"product","2":"type-product","3":"status-publish","4":"has-post-thumbnail","6":"product_brand-al-wataniah","7":"product_cat-pentru-ea","9":"first","10":"outofstock","11":"shipping-taxable","12":"purchasable","13":"product-type-simple"},"aioseo_notices":[],"ct_brands":[{"id":69,"name":"Al Wataniah","slug":"al-wataniah"}],"_links":{"self":[{"href":"https:\/\/habibimb.com\/en\/wp-json\/wp\/v2\/product\/1482","targetHints":{"allow":["GET"]}}],"collection":[{"href":"https:\/\/habibimb.com\/en\/wp-json\/wp\/v2\/product"}],"about":[{"href":"https:\/\/habibimb.com\/en\/wp-json\/wp\/v2\/types\/product"}],"replies":[{"embeddable":true,"href":"https:\/\/habibimb.com\/en\/wp-json\/wp\/v2\/comments?post=1482"}],"wp:featuredmedia":[{"embeddable":true,"href":"https:\/\/habibimb.com\/en\/wp-json\/wp\/v2\/media\/1483"}],"wp:attachment":[{"href":"https:\/\/habibimb.com\/en\/wp-json\/wp\/v2\/media?parent=1482"}],"wp:term":[{"taxonomy":"product_brand","embeddable":true,"href":"https:\/\/habibimb.com\/en\/wp-json\/wp\/v2\/product_brand?post=1482"},{"taxonomy":"product_cat","embeddable":true,"href":"https:\/\/habibimb.com\/en\/wp-json\/wp\/v2\/product_cat?post=1482"},{"taxonomy":"product_tag","embeddable":true,"href":"https:\/\/habibimb.com\/en\/wp-json\/wp\/v2\/product_tag?post=1482"}],"curies":[{"name":"wp","href":"https:\/\/api.w.org\/{rel}","templated":true}]}}