{"id":1479,"date":"2025-04-24T18:29:25","date_gmt":"2025-04-24T18:29:25","guid":{"rendered":"https:\/\/habibimb.com\/?post_type=product&#038;p=1479"},"modified":"2025-05-15T07:31:01","modified_gmt":"2025-05-15T07:31:01","slug":"apa-de-parfum-qasr-al-watan-al-wataniah-barbati-100ml","status":"publish","type":"product","link":"https:\/\/habibimb.com\/en\/product\/apa-de-parfum-qasr-al-watan-al-wataniah-barbati-100ml\/","title":{"rendered":"Qasr Al Watan, Al Wataniah"},"content":{"rendered":"<h2>\u00cembr\u0103\u021bi\u0219eaz\u0103 elegan\u021ba atemporal\u0103<\/h2>\n<p>Dezv\u0103luie o lume de arome rafinate cu Apa de Parfum Qasr Al Watan de Al Wataniah. Acest parfum foarte c\u0103utat surprinde esen\u021ba bogat\u0103 a mo\u0219tenirii culturale, f\u0103c\u00e2ndu-l o alegere irezistibil\u0103 pentru pasiona\u021bii de parfumuri. Realizat cu grij\u0103, este perfect pentru cei care apreciaz\u0103 parfumurile fine care las\u0103 o impresie de durat\u0103. Cu combina\u021bia sa unic\u0103 de note, acest parfum \u00eentruchipeaz\u0103 elegan\u021b\u0103, rafinament \u0219i o not\u0103 de mister &#8211; ideal at\u00e2t pentru zi, c\u00e2t \u0219i pentru noapte.<\/p>\n<h2>O simfonie de note de parfum<\/h2>\n<p>Din momentul \u00een care pulveriza\u021bi Apa de Parfum Qasr Al Watan, sunte\u021bi \u00eent\u00e2mpina\u021bi cu un amestec armonios de note captivante. Notele de v\u00e2rf ofer\u0103 o introducere r\u0103coritoare, cu flori delicate \u0219i citrice picante care trezesc sim\u021burile. Pe m\u0103sur\u0103 ce parfumul evolueaz\u0103, \u00eei vei descoperi inima &#8211; o tapiserie bogat\u0103 de condimente exotice \u0219i acorduri cremoase care creeaz\u0103 o aur\u0103 cald\u0103 \u0219i primitoare. \u00cen cele din urm\u0103, notele de baz\u0103 ofer\u0103 un finisaj de \u00eemp\u0103m\u00e2ntare, care aminte\u0219te de lemnul catifelat \u0219i moscurile opulente, asigur\u00e2ndu-se c\u0103 parfumul persist\u0103 frumos pe tot parcursul zilei.<\/p>\n<h2>O completare iconic\u0103 a colec\u021biei tale<\/h2>\n<p>Sticla de 100 ml de Qasr Al Watan nu este doar un parfum; este o pies\u0103 declarativ\u0103. Designul s\u0103u elegant \u0219i ambalajul atent organizat reflect\u0103 calitatea \u0219i luxul care se afl\u0103 \u00een interior. Fie c\u0103 dori\u021bi s\u0103 v\u0103 \u00eembun\u0103t\u0103\u021bi\u021bi colec\u021bia personal\u0103 sau c\u0103uta\u021bi cadoul perfect, acest parfum va impresiona cu siguran\u021b\u0103. Prezentarea sa elegant\u0103 \u0219i parfumul sofisticat \u00eel fac potrivit pentru orice ocazie, garant\u00e2nd c\u0103 ve\u021bi \u00eentoarce capetele oriunde a\u021bi merge.<\/p>\n<p>R\u0103sf\u0103\u021ba\u021bi-v\u0103 ast\u0103zi cu frumuse\u021bea Apa de Parfum Qasr Al Watan \u0219i experimenta\u021bi arta parfumeriei pe care Al Wataniah a perfec\u021bionat-o. Cu fiecare pulverizare, purta\u021bi o bucat\u0103 de istorie \u0219i elegan\u021b\u0103, f\u0103c\u00e2nd din fiecare moment o s\u0103rb\u0103toare parfumat\u0103.<\/p>","protected":false},"excerpt":{"rendered":"<p>Inspirat din Interlude Man Amouage<\/p>\n<p>&nbsp;<\/p>\n<ul>\n<li data-start=\"225\" data-end=\"282\"><strong data-start=\"227\" data-end=\"243\">Note de v\u00e2rf<\/strong>: <span class=\"relative -mx-px my-[-0.2rem] rounded px-px py-[0.2rem] transition-colors duration-100 ease-in-out\">bergamot\u0103, cardamom, \u0219ofran<\/span><\/li>\n<li class=\"\" data-start=\"283\" data-end=\"342\">\n<p class=\"\" data-start=\"285\" data-end=\"342\"><strong data-start=\"285\" data-end=\"303\">Note de mijloc<\/strong>: <span class=\"relative -mx-px my-[-0.2rem] rounded px-px py-[0.2rem] transition-colors duration-100 ease-in-out\">patchouli, vanilie, lemn de santal<\/span><\/p>\n<\/li>\n<li class=\"\" data-start=\"343\" data-end=\"444\">\n<p class=\"\" data-start=\"345\" data-end=\"444\"><strong data-start=\"345\" data-end=\"361\">Note de baz\u0103<\/strong>: <span class=\"relative -mx-px my-[-0.2rem] rounded px-px py-[0.2rem] transition-colors duration-100 ease-in-out\">ambar, mosc, oud<\/span><\/p>\n<\/li>\n<\/ul>","protected":false},"featured_media":1480,"comment_status":"open","ping_status":"closed","template":"","meta":{"om_disable_all_campaigns":false,"_monsterinsights_skip_tracking":false,"_monsterinsights_sitenote_active":false,"_monsterinsights_sitenote_note":"","_monsterinsights_sitenote_category":0},"product_brand":[69],"product_cat":[55],"product_tag":[],"class_list":{"0":"post-1479","1":"product","2":"type-product","3":"status-publish","4":"has-post-thumbnail","6":"product_brand-al-wataniah","7":"product_cat-pentru-el","9":"first","10":"instock","11":"shipping-taxable","12":"purchasable","13":"product-type-simple"},"aioseo_notices":[],"ct_brands":[{"id":69,"name":"Al Wataniah","slug":"al-wataniah"}],"_links":{"self":[{"href":"https:\/\/habibimb.com\/en\/wp-json\/wp\/v2\/product\/1479","targetHints":{"allow":["GET"]}}],"collection":[{"href":"https:\/\/habibimb.com\/en\/wp-json\/wp\/v2\/product"}],"about":[{"href":"https:\/\/habibimb.com\/en\/wp-json\/wp\/v2\/types\/product"}],"replies":[{"embeddable":true,"href":"https:\/\/habibimb.com\/en\/wp-json\/wp\/v2\/comments?post=1479"}],"wp:featuredmedia":[{"embeddable":true,"href":"https:\/\/habibimb.com\/en\/wp-json\/wp\/v2\/media\/1480"}],"wp:attachment":[{"href":"https:\/\/habibimb.com\/en\/wp-json\/wp\/v2\/media?parent=1479"}],"wp:term":[{"taxonomy":"product_brand","embeddable":true,"href":"https:\/\/habibimb.com\/en\/wp-json\/wp\/v2\/product_brand?post=1479"},{"taxonomy":"product_cat","embeddable":true,"href":"https:\/\/habibimb.com\/en\/wp-json\/wp\/v2\/product_cat?post=1479"},{"taxonomy":"product_tag","embeddable":true,"href":"https:\/\/habibimb.com\/en\/wp-json\/wp\/v2\/product_tag?post=1479"}],"curies":[{"name":"wp","href":"https:\/\/api.w.org\/{rel}","templated":true}]}}