{"id":1476,"date":"2025-04-24T18:26:04","date_gmt":"2025-04-24T18:26:04","guid":{"rendered":"https:\/\/habibimb.com\/?post_type=product&#038;p=1476"},"modified":"2025-05-15T07:31:01","modified_gmt":"2025-05-15T07:31:01","slug":"apa-de-parfum-redaa-al-wataniah-eternal-barbati-100ml","status":"publish","type":"product","link":"https:\/\/habibimb.com\/en\/product\/apa-de-parfum-redaa-al-wataniah-eternal-barbati-100ml\/","title":{"rendered":"Reda`a, Al Wataniah Eternal"},"content":{"rendered":"<h2>Dezv\u0103lui\u021bi esen\u021ba luxului<\/h2>\n<p>R\u0103sf\u0103\u021ba\u021bi-v\u0103 cu alura captivant\u0103 a Apa de Parfum Reda&#8217;a, Al Wataniah Eternal, un parfum de semn\u0103tur\u0103 care \u00eentruchipeaz\u0103 elegan\u021ba \u0219i rafinamentul. Acest parfum rafinat, prezentat \u00eentr-o sticl\u0103 generoas\u0103 de 100 ml, v\u0103 invit\u0103 s\u0103 explora\u021bi o c\u0103l\u0103torie aromatic\u0103 care transcende timpul.<\/p>\n<h2>Creat pentru individul cu discern\u0103m\u00e2nt<\/h2>\n<p>Conceput pentru cei care apreciaz\u0103 lucrurile fine din via\u021b\u0103, Apa de Parfum Reda&#8217;a, Al Wataniah Eternal este o compozi\u021bie magistral\u0103 de note care se \u00eembin\u0103 armonios pentru a crea o experien\u021b\u0103 olfactiv\u0103 bogat\u0103. Notele de v\u00e2rf introduc o explozie r\u0103coritoare de citrice, tranzi\u021bion\u00e2nd elegant \u00eentr-o inim\u0103 de nuan\u021be florale \u0219i lemnoase, asigur\u00e2nd o impresie memorabil\u0103 \u0219i de durat\u0103.<\/p>\n<h2>De ce s\u0103 alegi Apa de Parfum Reda&#8217;a?<\/h2>\n<p>Cu fiecare spray de Apa de Parfum Reda&#8217;a, ve\u021bi descoperi c\u0103 nu este doar un parfum; este o expresie a individualit\u0103\u021bii tale. Ideal at\u00e2t pentru zi, c\u00e2t \u0219i pentru sear\u0103, acest parfum completeaz\u0103 perfect orice ocazie, fie c\u0103 este vorba de o \u00eent\u00e2lnire formal\u0103 sau de o ie\u0219ire casual. Formula sa de lung\u0103 durat\u0103 v\u0103 asigur\u0103 c\u0103 v\u0103 pute\u021bi bucura de esen\u021ba sa luxoas\u0103 pe tot parcursul zilei, f\u0103c\u00e2ndu-l un plus util pentru colec\u021bia dvs.<\/p>\n<p>Ridica\u021bi-v\u0103 sim\u021burile \u0219i face\u021bi o declara\u021bie de durat\u0103 cu Apa de Parfum Reda&#8217;a, Al Wataniah Eternal. Acest parfum este mai mult dec\u00e2t un simplu parfum. Este o afirmare a elegan\u021bei, stilului \u0219i frumuse\u021bii atemporale.<\/p>","protected":false},"excerpt":{"rendered":"<p><strong>Note de varf:<\/strong>\u00a0bergamot\u0103; cardamom; mandarin\u0103<br \/>\n<strong>Note de mijloc:<\/strong>\u00a0frunze de viorea; Lavanda; salvie<br \/>\n<strong>Note de baza:<\/strong>\u00a0benzoin; lemn de cedru; paciuli<\/p>","protected":false},"featured_media":1477,"comment_status":"open","ping_status":"closed","template":"","meta":{"om_disable_all_campaigns":false,"_monsterinsights_skip_tracking":false,"_monsterinsights_sitenote_active":false,"_monsterinsights_sitenote_note":"","_monsterinsights_sitenote_category":0},"product_brand":[71],"product_cat":[55],"product_tag":[],"class_list":{"0":"post-1476","1":"product","2":"type-product","3":"status-publish","4":"has-post-thumbnail","6":"product_brand-al-wataniah-eternal","7":"product_cat-pentru-el","9":"first","10":"instock","11":"shipping-taxable","12":"purchasable","13":"product-type-simple"},"aioseo_notices":[],"ct_brands":[{"id":71,"name":"Al Wataniah Eternal","slug":"al-wataniah-eternal"}],"_links":{"self":[{"href":"https:\/\/habibimb.com\/en\/wp-json\/wp\/v2\/product\/1476","targetHints":{"allow":["GET"]}}],"collection":[{"href":"https:\/\/habibimb.com\/en\/wp-json\/wp\/v2\/product"}],"about":[{"href":"https:\/\/habibimb.com\/en\/wp-json\/wp\/v2\/types\/product"}],"replies":[{"embeddable":true,"href":"https:\/\/habibimb.com\/en\/wp-json\/wp\/v2\/comments?post=1476"}],"wp:featuredmedia":[{"embeddable":true,"href":"https:\/\/habibimb.com\/en\/wp-json\/wp\/v2\/media\/1477"}],"wp:attachment":[{"href":"https:\/\/habibimb.com\/en\/wp-json\/wp\/v2\/media?parent=1476"}],"wp:term":[{"taxonomy":"product_brand","embeddable":true,"href":"https:\/\/habibimb.com\/en\/wp-json\/wp\/v2\/product_brand?post=1476"},{"taxonomy":"product_cat","embeddable":true,"href":"https:\/\/habibimb.com\/en\/wp-json\/wp\/v2\/product_cat?post=1476"},{"taxonomy":"product_tag","embeddable":true,"href":"https:\/\/habibimb.com\/en\/wp-json\/wp\/v2\/product_tag?post=1476"}],"curies":[{"name":"wp","href":"https:\/\/api.w.org\/{rel}","templated":true}]}}