{"id":1472,"date":"2025-04-24T18:23:31","date_gmt":"2025-04-24T18:23:31","guid":{"rendered":"https:\/\/habibimb.com\/?post_type=product&#038;p=1472"},"modified":"2025-05-15T07:31:01","modified_gmt":"2025-05-15T07:31:01","slug":"apa-de-parfum-al-arjawani-al-khas-al-wataniah-eternal-unisex-100ml","status":"publish","type":"product","link":"https:\/\/habibimb.com\/en\/product\/apa-de-parfum-al-arjawani-al-khas-al-wataniah-eternal-unisex-100ml\/","title":{"rendered":"AL Arjawani Al Khas, Al Wataniah Eternal"},"content":{"rendered":"<h2>Experimenteaz\u0103 esen\u021ba eternit\u0103\u021bii<\/h2>\n<p>V\u0103 prezent\u0103m Apa de Parfum AL Arjawani Al Khas, Al Wataniah Eternal &#8211; un parfum unisex captivant care \u00eentruchipeaz\u0103 elegan\u021ba \u0219i rafinamentul atemporal. Acest parfum rafinat este conceput pentru cei care apreciaz\u0103 lucrurile fine din via\u021b\u0103 \u0219i caut\u0103 s\u0103 lase o impresie de durat\u0103. Cu aroma sa \u00eenc\u00e2nt\u0103toare, aceast\u0103 sticl\u0103 de 100 ml promite s\u0103 v\u0103 ridice experien\u021bele de zi cu zi \u00een momente extraordinare.<\/p>\n<h2>O simfonie de note aromatice<\/h2>\n<p>Compozi\u021bia unic\u0103 a AL Arjawani Al Khas combin\u0103 note florale \u0219i lemnoase care se \u00eembin\u0103 armonios \u00eempreun\u0103. \u00cen centrul acestui parfum fascinant se afl\u0103 un buchet floral, ademenindu-\u021bi sim\u021burile cu note de iasomie \u0219i trandafir. Aceste nuan\u021be florale delicate sunt frumos completate de note de baz\u0103 bogate de lemn de santal \u0219i chihlimbar, cre\u00e2nd o aur\u0103 cald\u0103 \u0219i primitoare. Fiecare spray \u00eencapsuleaz\u0103 un sentiment de aventur\u0103, f\u0103c\u00e2ndu-l o alegere ideal\u0103 at\u00e2t pentru zi, c\u00e2t \u0219i pentru sear\u0103.<\/p>\n<h2>Perfect pentru orice ocazie<\/h2>\n<p>Fie c\u0103 participa\u021bi la un eveniment formal sau pur \u0219i simplu v\u0103 bucura\u021bi de o ie\u0219ire casual, acest parfum unisex se adapteaz\u0103 perfect oric\u0103rui decor. Versatilitatea sa face din AL Wataniah Eternal un cadou perfect pentru prieteni sau familie, deoarece face apel la diverse preferin\u021be. Flaconul de 100 ml este conceput pentru a fi pl\u0103cut din punct de vedere estetic, oferind \u00een acela\u0219i timp un parfum de lung\u0103 durat\u0103 care persist\u0103 pe tot parcursul zilei. \u00cembr\u0103\u021bi\u0219eaz\u0103 arta parfumeriei cu acest parfum \u00eenc\u00e2nt\u0103tor \u0219i experimenteaz\u0103 puterea transformatoare a AL Arjawani.<\/p>\n<p>\u00cembun\u0103t\u0103\u021be\u0219te-\u021bi colec\u021bia de parfumuri cu Apa de Parfum AL Arjawani Al Khas, Al Wataniah Eternal \u0219i r\u0103sf\u0103\u021ba\u021bi-v\u0103 cu un parfum care define\u0219te cu adev\u0103rat elegan\u021ba. Cufunda\u021bi-v\u0103 \u00eentr-o c\u0103l\u0103torie aromat\u0103 care celebreaz\u0103 individualitatea \u0219i exprimarea personal\u0103.<\/p>","protected":false},"excerpt":{"rendered":"<ul>\n<li class=\"\" data-start=\"190\" data-end=\"247\">\n<p class=\"\" data-start=\"192\" data-end=\"247\"><strong data-start=\"192\" data-end=\"208\">Note de v\u00e2rf<\/strong>: <span class=\"relative -mx-px my-[-0.2rem] rounded px-px py-[0.2rem] transition-colors duration-100 ease-in-out\">portocal\u0103, zmeur\u0103, prun\u0103<\/span><\/p>\n<\/li>\n<li class=\"\" data-start=\"248\" data-end=\"307\">\n<p class=\"\" data-start=\"250\" data-end=\"307\"><strong data-start=\"250\" data-end=\"268\">Note de mijloc<\/strong>: <span class=\"relative -mx-px my-[-0.2rem] rounded px-px py-[0.2rem] transition-colors duration-100 ease-in-out\">flori albe, tonuri acvatice, piersic\u0103<\/span><\/p>\n<\/li>\n<li class=\"\" data-start=\"308\" data-end=\"409\">\n<p class=\"\" data-start=\"310\" data-end=\"409\"><strong data-start=\"310\" data-end=\"326\">Note de baz\u0103<\/strong>: <span class=\"relative -mx-px my-[-0.2rem] rounded px-px py-[0.2rem] transition-colors duration-100 ease-in-out\">mosc, vanilie<\/span><\/p>\n<\/li>\n<\/ul>","protected":false},"featured_media":1473,"comment_status":"open","ping_status":"closed","template":"","meta":{"om_disable_all_campaigns":false,"_monsterinsights_skip_tracking":false,"_monsterinsights_sitenote_active":false,"_monsterinsights_sitenote_note":"","_monsterinsights_sitenote_category":0},"product_brand":[71],"product_cat":[57],"product_tag":[],"class_list":{"0":"post-1472","1":"product","2":"type-product","3":"status-publish","4":"has-post-thumbnail","6":"product_brand-al-wataniah-eternal","7":"product_cat-unisex","9":"first","10":"instock","11":"shipping-taxable","12":"purchasable","13":"product-type-simple"},"aioseo_notices":[],"ct_brands":[{"id":71,"name":"Al Wataniah Eternal","slug":"al-wataniah-eternal"}],"_links":{"self":[{"href":"https:\/\/habibimb.com\/en\/wp-json\/wp\/v2\/product\/1472","targetHints":{"allow":["GET"]}}],"collection":[{"href":"https:\/\/habibimb.com\/en\/wp-json\/wp\/v2\/product"}],"about":[{"href":"https:\/\/habibimb.com\/en\/wp-json\/wp\/v2\/types\/product"}],"replies":[{"embeddable":true,"href":"https:\/\/habibimb.com\/en\/wp-json\/wp\/v2\/comments?post=1472"}],"wp:featuredmedia":[{"embeddable":true,"href":"https:\/\/habibimb.com\/en\/wp-json\/wp\/v2\/media\/1473"}],"wp:attachment":[{"href":"https:\/\/habibimb.com\/en\/wp-json\/wp\/v2\/media?parent=1472"}],"wp:term":[{"taxonomy":"product_brand","embeddable":true,"href":"https:\/\/habibimb.com\/en\/wp-json\/wp\/v2\/product_brand?post=1472"},{"taxonomy":"product_cat","embeddable":true,"href":"https:\/\/habibimb.com\/en\/wp-json\/wp\/v2\/product_cat?post=1472"},{"taxonomy":"product_tag","embeddable":true,"href":"https:\/\/habibimb.com\/en\/wp-json\/wp\/v2\/product_tag?post=1472"}],"curies":[{"name":"wp","href":"https:\/\/api.w.org\/{rel}","templated":true}]}}