{"id":1469,"date":"2025-04-24T18:18:25","date_gmt":"2025-04-24T18:18:25","guid":{"rendered":"https:\/\/habibimb.com\/?post_type=product&#038;p=1469"},"modified":"2025-05-15T07:31:01","modified_gmt":"2025-05-15T07:31:01","slug":"apa-de-parfum-roohi-al-wataniah-eternalunisex-100ml","status":"publish","type":"product","link":"https:\/\/habibimb.com\/en\/product\/apa-de-parfum-roohi-al-wataniah-eternalunisex-100ml\/","title":{"rendered":"Roohi, Al Wataniah Eternal"},"content":{"rendered":"<h2>Descoperi\u021bi esen\u021ba lui Roohi<\/h2>\n<p>Experimenta\u021bi parfumul atr\u0103g\u0103tor care transcende grani\u021bele cu Apa de Parfum Roohi de Al Wataniah. Creat meticulos pentru a satisface at\u00e2t b\u0103rba\u021bii, c\u00e2t \u0219i femeile, acest parfum unisex este conceput pentru a-\u021bi completa personalitatea \u0219i a-\u021bi ridica prezen\u021ba, f\u0103c\u00e2ndu-l un plus esen\u021bial pentru colec\u021bia ta. Flaconul elegant de 100 ml este perfect pentru utilizarea zilnic\u0103 sau pentru ocazii speciale, eman\u00e2nd o aur\u0103 de rafinament care \u00eei captiveaz\u0103 pe to\u021bi cei din jurul t\u0103u.<\/p>\n<h2>Note care v\u0103 \u00eenc\u00e2nt\u0103 sim\u021burile<\/h2>\n<p>\u00cen centrul Apa de Parfum Roohi se afl\u0103 un amestec \u00eenc\u00e2nt\u0103tor de note care creeaz\u0103 un profil olfactiv armonios. Notele de v\u00e2rf sunt proaspete \u0219i \u00een\u0103l\u021b\u0103toare, oferind o introducere vibrant\u0103 care v\u0103 revigoreaz\u0103 sim\u021burile. Pe m\u0103sur\u0103 ce parfumul evolueaz\u0103, notele de mijloc dezv\u0103luie nuan\u021be florale \u0219i picante, \u00eentruchip\u00e2nd at\u00e2t c\u0103ldura, c\u00e2t \u0219i bog\u0103\u021bia. \u00cen cele din urm\u0103, notele de baz\u0103 se a\u0219eaz\u0103 \u00eentr-un mosc profund \u0219i misterios, l\u0103s\u00e2nd o amprent\u0103 de ne\u0219ters care persist\u0103 pe tot parcursul zilei. Aceast\u0103 stratificare complicat\u0103 asigur\u0103 c\u0103 fiecare pulverizare de Roohi este o nou\u0103 c\u0103l\u0103torie pentru sim\u021burile tale.<\/p>\n<h2>Un parfum versatil pentru fiecare ocazie<\/h2>\n<p>Frumuse\u021bea Apa de Parfum Roohi const\u0103 \u00een versatilitatea sa. Fie c\u0103 te \u00eembraci pentru un eveniment formal sau cau\u021bi un parfum pl\u0103cut de zi cu zi, acest parfum se adapteaz\u0103 f\u0103r\u0103 efort la orice scenariu. Compozi\u021bia sa echilibrat\u0103 \u00eel face potrivit pentru toate anotimpurile, oferind confort \u00een c\u0103ldura verii \u0219i bog\u0103\u021bie \u00een lunile mai reci. Numi\u021bi-l personal sau profesional, acest parfum este \u00eenso\u021bitorul t\u0103u perfect, sporindu-\u021bi \u00eencrederea \u0219i l\u0103s\u00e2nd o impresie de durat\u0103 oriunde te-ai duce.<\/p>\n<p>\u00cembun\u0103t\u0103\u021be\u0219te-\u021bi jocul de parfumuri cu Apa de Parfum Roohi, Al Wataniah Eternal. Cu caracterul s\u0103u rafinat \u0219i amestecul unic, v\u0103 pute\u021bi exprima individualitatea \u00een timp ce v\u0103 bucura\u021bi de experien\u021ba divin\u0103 a unui parfum captivant. Aceast\u0103 sticl\u0103 de 100 ml nu numai c\u0103 iese \u00een eviden\u021b\u0103 pe dulap, dar serve\u0219te \u0219i ca o reamintire a naturii rafinate a rafinamentului pe care \u00eel poate aduce parfumul. W<\/p>","protected":false},"excerpt":{"rendered":"<ul>\n<li class=\"\" data-start=\"190\" data-end=\"247\">\n<p class=\"\" data-start=\"192\" data-end=\"247\"><strong data-start=\"192\" data-end=\"208\">Note de v\u00e2rf<\/strong>: <span class=\"relative -mx-px my-[-0.2rem] rounded px-px py-[0.2rem] transition-colors duration-100 ease-in-out\">piper roz, coac\u0103ze negre, cardamom, \u0219ofran<\/span><\/p>\n<\/li>\n<li class=\"\" data-start=\"248\" data-end=\"307\">\n<p class=\"\" data-start=\"250\" data-end=\"307\"><strong data-start=\"250\" data-end=\"268\">Note de mijloc<\/strong>: <span class=\"relative -mx-px my-[-0.2rem] rounded px-px py-[0.2rem] transition-colors duration-100 ease-in-out\">trandafir, cacao, vetiver<\/span><\/p>\n<\/li>\n<li class=\"\" data-start=\"308\" data-end=\"409\">\n<p class=\"\" data-start=\"310\" data-end=\"409\"><strong data-start=\"310\" data-end=\"326\">Note de baz\u0103<\/strong>: <span class=\"relative -mx-px my-[-0.2rem] rounded px-px py-[0.2rem] transition-colors duration-100 ease-in-out\">maltol, chihlimbar, patchouli, mosc<\/span><\/p>\n<\/li>\n<\/ul>","protected":false},"featured_media":1471,"comment_status":"open","ping_status":"closed","template":"","meta":{"om_disable_all_campaigns":false,"_monsterinsights_skip_tracking":false,"_monsterinsights_sitenote_active":false,"_monsterinsights_sitenote_note":"","_monsterinsights_sitenote_category":0},"product_brand":[71],"product_cat":[57],"product_tag":[],"class_list":{"0":"post-1469","1":"product","2":"type-product","3":"status-publish","4":"has-post-thumbnail","6":"product_brand-al-wataniah-eternal","7":"product_cat-unisex","9":"first","10":"instock","11":"shipping-taxable","12":"purchasable","13":"product-type-simple"},"aioseo_notices":[],"ct_brands":[{"id":71,"name":"Al Wataniah Eternal","slug":"al-wataniah-eternal"}],"_links":{"self":[{"href":"https:\/\/habibimb.com\/en\/wp-json\/wp\/v2\/product\/1469","targetHints":{"allow":["GET"]}}],"collection":[{"href":"https:\/\/habibimb.com\/en\/wp-json\/wp\/v2\/product"}],"about":[{"href":"https:\/\/habibimb.com\/en\/wp-json\/wp\/v2\/types\/product"}],"replies":[{"embeddable":true,"href":"https:\/\/habibimb.com\/en\/wp-json\/wp\/v2\/comments?post=1469"}],"wp:featuredmedia":[{"embeddable":true,"href":"https:\/\/habibimb.com\/en\/wp-json\/wp\/v2\/media\/1471"}],"wp:attachment":[{"href":"https:\/\/habibimb.com\/en\/wp-json\/wp\/v2\/media?parent=1469"}],"wp:term":[{"taxonomy":"product_brand","embeddable":true,"href":"https:\/\/habibimb.com\/en\/wp-json\/wp\/v2\/product_brand?post=1469"},{"taxonomy":"product_cat","embeddable":true,"href":"https:\/\/habibimb.com\/en\/wp-json\/wp\/v2\/product_cat?post=1469"},{"taxonomy":"product_tag","embeddable":true,"href":"https:\/\/habibimb.com\/en\/wp-json\/wp\/v2\/product_tag?post=1469"}],"curies":[{"name":"wp","href":"https:\/\/api.w.org\/{rel}","templated":true}]}}