{"id":1466,"date":"2025-04-24T18:14:59","date_gmt":"2025-04-24T18:14:59","guid":{"rendered":"https:\/\/habibimb.com\/?post_type=product&#038;p=1466"},"modified":"2025-05-15T07:31:00","modified_gmt":"2025-05-15T07:31:00","slug":"apa-de-parfum-suroor-al-wataniah-eternalunisex-100ml","status":"publish","type":"product","link":"https:\/\/habibimb.com\/en\/product\/apa-de-parfum-suroor-al-wataniah-eternalunisex-100ml\/","title":{"rendered":"Suroor, Al Wataniah Eternal"},"content":{"rendered":"<h2>Experimenta\u021bi esen\u021ba luxului<\/h2>\n<p>V\u0103 prezent\u0103m Apa de Parfum Suroor de la Al Wataniah, un parfum extraordinar care transcende timpul \u0219i sexul. Acest parfum unisex, prezentat \u00eentr-o sticl\u0103 generoas\u0103 de 100 ml, \u00eentruchipeaz\u0103 elegan\u021ba \u0219i rafinamentul, f\u0103c\u00e2ndu-l completarea perfect\u0103 pentru orice colec\u021bie de parfumuri. Cu note complicate \u0219i o prezen\u021b\u0103 \u00eenc\u00e2nt\u0103toare, Suroor promite s\u0103 te \u00eenv\u0103luie \u00eentr-o aur\u0103 luxoas\u0103 care las\u0103 o impresie de durat\u0103.<\/p>\n<h2>Profil de parfum de neuitat<\/h2>\n<p>Apa de Parfum Suroor este conceput\u0103 pentru cei care apreciaz\u0103 lucrurile fine din via\u021b\u0103. Notele de v\u00e2rf sunt un amestec vibrant care \u00ee\u021bi deschide sim\u021burile cu o explozie de note citrice \u0219i florale, cre\u00e2nd o atmosfer\u0103 revigorant\u0103. Pe m\u0103sur\u0103 ce parfumul se dezvolt\u0103, inima dezv\u0103luie un amestec armonios de condimente calde \u0219i flori delicate, cre\u00e2nd o esen\u021b\u0103 captivant\u0103, at\u00e2t \u00eenc\u00e2nt\u0103toare, c\u00e2t \u0219i de neuitat. \u00cen cele din urm\u0103, notele de baz\u0103 ofer\u0103 o baz\u0103 robust\u0103, combin\u00e2nd lemnul bogat \u0219i chihlimbarul lini\u0219titor, rezult\u00e2nd o experien\u021b\u0103 olfactiv\u0103 bine rotunjit\u0103 \u0219i de durat\u0103.<\/p>\n<h2>Un parfum pentru fiecare ocazie<\/h2>\n<p>Fie c\u0103 te \u00eembraci pentru o ocazie special\u0103 sau vrei s\u0103-\u021bi \u00eembun\u0103t\u0103\u021be\u0219ti rutina de zi cu zi, Apa de Parfum Suroor se adreseaz\u0103 tuturor momentelor. Natura sa versatil\u0103 \u00eel face potrivit at\u00e2t pentru zi, c\u00e2t \u0219i pentru noapte, permi\u021b\u00e2ndu-v\u0103 s\u0103 radia\u021bi \u00eencredere oriunde merge\u021bi. Atrac\u021bia unisex asigur\u0103 c\u0103 toat\u0103 lumea se poate bucura de parfumul s\u0103u luxos, f\u0103c\u00e2ndu-l un cadou excelent pentru cei dragi sau un r\u0103sf\u0103\u021b personal. \u00cembr\u0103\u021bi\u0219eaz\u0103 esen\u021ba atemporal\u0103 a lui Al Wataniah cu acest parfum rafinat care va deveni cu siguran\u021b\u0103 un element de baz\u0103 \u00een regimul t\u0103u de frumuse\u021be.<\/p>","protected":false},"excerpt":{"rendered":"<ul data-start=\"570\" data-end=\"808\">\n<li class=\"\" data-start=\"570\" data-end=\"618\">\n<p class=\"\" data-start=\"572\" data-end=\"618\"><strong data-start=\"572\" data-end=\"589\">Note de v\u00e2rf:<\/strong> bergamot\u0103, \u0219ofran, portocale<\/p>\n<\/li>\n<li class=\"\" data-start=\"619\" data-end=\"677\">\n<p class=\"\" data-start=\"621\" data-end=\"677\"><strong data-start=\"621\" data-end=\"640\">Note de mijloc:<\/strong> caramel, floare de portocal, iasomie<\/p>\n<\/li>\n<li class=\"\" data-start=\"678\" data-end=\"808\">\n<p class=\"\" data-start=\"680\" data-end=\"808\"><strong data-start=\"680\" data-end=\"697\">Note de baz\u0103:<\/strong> chihlimbar, mosc, mu\u0219chi \u200b<\/p>\n<\/li>\n<\/ul>","protected":false},"featured_media":1467,"comment_status":"open","ping_status":"closed","template":"","meta":{"om_disable_all_campaigns":false,"_monsterinsights_skip_tracking":false,"_monsterinsights_sitenote_active":false,"_monsterinsights_sitenote_note":"","_monsterinsights_sitenote_category":0},"product_brand":[71],"product_cat":[57],"product_tag":[],"class_list":{"0":"post-1466","1":"product","2":"type-product","3":"status-publish","4":"has-post-thumbnail","6":"product_brand-al-wataniah-eternal","7":"product_cat-unisex","9":"first","10":"instock","11":"shipping-taxable","12":"purchasable","13":"product-type-simple"},"aioseo_notices":[],"ct_brands":[{"id":71,"name":"Al Wataniah Eternal","slug":"al-wataniah-eternal"}],"_links":{"self":[{"href":"https:\/\/habibimb.com\/en\/wp-json\/wp\/v2\/product\/1466","targetHints":{"allow":["GET"]}}],"collection":[{"href":"https:\/\/habibimb.com\/en\/wp-json\/wp\/v2\/product"}],"about":[{"href":"https:\/\/habibimb.com\/en\/wp-json\/wp\/v2\/types\/product"}],"replies":[{"embeddable":true,"href":"https:\/\/habibimb.com\/en\/wp-json\/wp\/v2\/comments?post=1466"}],"wp:featuredmedia":[{"embeddable":true,"href":"https:\/\/habibimb.com\/en\/wp-json\/wp\/v2\/media\/1467"}],"wp:attachment":[{"href":"https:\/\/habibimb.com\/en\/wp-json\/wp\/v2\/media?parent=1466"}],"wp:term":[{"taxonomy":"product_brand","embeddable":true,"href":"https:\/\/habibimb.com\/en\/wp-json\/wp\/v2\/product_brand?post=1466"},{"taxonomy":"product_cat","embeddable":true,"href":"https:\/\/habibimb.com\/en\/wp-json\/wp\/v2\/product_cat?post=1466"},{"taxonomy":"product_tag","embeddable":true,"href":"https:\/\/habibimb.com\/en\/wp-json\/wp\/v2\/product_tag?post=1466"}],"curies":[{"name":"wp","href":"https:\/\/api.w.org\/{rel}","templated":true}]}}