{"id":1462,"date":"2025-04-24T18:11:08","date_gmt":"2025-04-24T18:11:08","guid":{"rendered":"https:\/\/habibimb.com\/?post_type=product&#038;p=1462"},"modified":"2025-05-15T07:30:51","modified_gmt":"2025-05-15T07:30:51","slug":"apa-de-parfum-amethyst-al-wataniah-unisex-100ml","status":"publish","type":"product","link":"https:\/\/habibimb.com\/en\/product\/apa-de-parfum-amethyst-al-wataniah-unisex-100ml\/","title":{"rendered":"Amethyst, Al Wataniah"},"content":{"rendered":"<h2>Descoper\u0103 esen\u021ba elegan\u021bei<\/h2>\n<p>V\u0103 prezent\u0103m Apa de Parfum Amethyst de Al Wataniah, un parfum unisex captivant care v\u0103 invit\u0103 \u00eentr-o c\u0103l\u0103torie senzorial\u0103 f\u0103r\u0103 egal. Perfect \u00eembuteliat \u00eentr-o dimensiune generoas\u0103 de 100 ml, acest parfum este conceput pentru a face o declara\u021bie, \u00eembin\u00e2nd rafinamentul cu o not\u0103 de mister. Fie c\u0103 te \u00eembraci pentru o ocazie formal\u0103 sau cau\u021bi un parfum de semn\u0103tur\u0103 pentru purtarea zilnic\u0103, Ametistul se adreseaz\u0103 tuturor preferin\u021belor \u0219i ocaziei.<\/p>\n<h2>Un amestec armonios de note parfumate<\/h2>\n<p>Apa de Parfum Amethyst se deschide cu o explozie r\u0103coritoare de note vibrante, trec\u00e2nd f\u0103r\u0103 probleme \u00eentr-o inim\u0103 care se m\u00e2ndre\u0219te cu nuan\u021be florale bogate. Notele de baz\u0103 ofer\u0103 un final cald \u0219i primitor, cre\u00e2nd o arom\u0103 bine rotunjit\u0103 care persist\u0103 pe tot parcursul zilei. Ideal at\u00e2t pentru b\u0103rba\u021bi, c\u00e2t \u0219i pentru femei, acest parfum \u00eentruchipeaz\u0103 spiritul echilibrului \u0219i versatilit\u0103\u021bii, f\u0103c\u00e2ndu-l un plus esen\u021bial pentru orice colec\u021bie de parfumuri.<\/p>\n<h2>De ce s\u0103 alegi Apa de Parfum Amethyst?<\/h2>\n<p>Alegerea Ametistului \u00eenseamn\u0103 a investi \u00een calitate. Al Wataniah este renumit pentru crearea de parfumuri care nu numai c\u0103 capteaz\u0103 aten\u021bia, dar evoc\u0103 \u0219i emo\u021bii \u0219i amintiri. Compozi\u021bia luxoas\u0103 \u0219i bogat\u0103 a Apa de Parfum Amethyst v\u0103 asigur\u0103 c\u0103 ie\u0219i\u021bi \u00een eviden\u021b\u0103 \u00eentr-o mul\u021bime f\u0103r\u0103 a cople\u0219i sim\u021burile. Descoper\u0103 frumuse\u021bea unui parfum bine echilibrat, deoarece \u00ee\u021bi \u00eembun\u0103t\u0103\u021be\u0219te frumos stilul personal \u0219i te face s\u0103 te sim\u021bi \u00eencrez\u0103tor de fiecare dat\u0103 c\u00e2nd \u00eel por\u021bi.<\/p>\n<p>Nu rata\u021bi s\u0103 v\u0103 \u00eembun\u0103t\u0103\u021bi\u021bi jocul de parfumuri cu Apa de Parfum Amethyst. \u00cembr\u0103\u021bi\u0219eaz\u0103 un parfum care \u00ee\u021bi reflect\u0103 personalitatea unic\u0103 \u0219i las\u0103 o impresie de durat\u0103 oriunde te-ai duce. W<\/p>","protected":false},"excerpt":{"rendered":"<p><strong>Note de varf:\u00a0<\/strong>trandafir de Damasc, piper roz, coacaze negre<br \/>\n<strong>Note de mijloc:\u00a0<\/strong>trandafir, violeta<br \/>\n<strong>Note de baza:\u00a0<\/strong>mosc, vanilie, t\u0103m\u00e2ia<\/p>","protected":false},"featured_media":1463,"comment_status":"open","ping_status":"closed","template":"","meta":{"om_disable_all_campaigns":false,"_monsterinsights_skip_tracking":false,"_monsterinsights_sitenote_active":false,"_monsterinsights_sitenote_note":"","_monsterinsights_sitenote_category":0},"product_brand":[69],"product_cat":[57],"product_tag":[],"class_list":{"0":"post-1462","1":"product","2":"type-product","3":"status-publish","4":"has-post-thumbnail","6":"product_brand-al-wataniah","7":"product_cat-unisex","9":"first","10":"instock","11":"shipping-taxable","12":"purchasable","13":"product-type-simple"},"aioseo_notices":[],"ct_brands":[{"id":69,"name":"Al Wataniah","slug":"al-wataniah"}],"_links":{"self":[{"href":"https:\/\/habibimb.com\/en\/wp-json\/wp\/v2\/product\/1462","targetHints":{"allow":["GET"]}}],"collection":[{"href":"https:\/\/habibimb.com\/en\/wp-json\/wp\/v2\/product"}],"about":[{"href":"https:\/\/habibimb.com\/en\/wp-json\/wp\/v2\/types\/product"}],"replies":[{"embeddable":true,"href":"https:\/\/habibimb.com\/en\/wp-json\/wp\/v2\/comments?post=1462"}],"wp:featuredmedia":[{"embeddable":true,"href":"https:\/\/habibimb.com\/en\/wp-json\/wp\/v2\/media\/1463"}],"wp:attachment":[{"href":"https:\/\/habibimb.com\/en\/wp-json\/wp\/v2\/media?parent=1462"}],"wp:term":[{"taxonomy":"product_brand","embeddable":true,"href":"https:\/\/habibimb.com\/en\/wp-json\/wp\/v2\/product_brand?post=1462"},{"taxonomy":"product_cat","embeddable":true,"href":"https:\/\/habibimb.com\/en\/wp-json\/wp\/v2\/product_cat?post=1462"},{"taxonomy":"product_tag","embeddable":true,"href":"https:\/\/habibimb.com\/en\/wp-json\/wp\/v2\/product_tag?post=1462"}],"curies":[{"name":"wp","href":"https:\/\/api.w.org\/{rel}","templated":true}]}}