{"id":1459,"date":"2025-04-24T18:08:47","date_gmt":"2025-04-24T18:08:47","guid":{"rendered":"https:\/\/habibimb.com\/?post_type=product&#038;p=1459"},"modified":"2025-10-02T11:32:01","modified_gmt":"2025-10-02T11:32:01","slug":"apa-de-parfum-nawal-fluorite-al-wataniah-femei-100ml","status":"publish","type":"product","link":"https:\/\/habibimb.com\/en\/product\/apa-de-parfum-nawal-fluorite-al-wataniah-femei-100ml\/","title":{"rendered":"Nawal Fluorite , Al Wataniah"},"content":{"rendered":"<h2>O experien\u021b\u0103 parfumat\u0103 captivant\u0103<\/h2>\n<p>V\u0103 prezent\u0103m <strong>Apa de Parfum Nawal Fluorite<\/strong> de la Al Wataniah, un parfum de lux de 100 ml conceput exclusiv pentru femei. Acest parfum \u00eenc\u00e2nt\u0103tor te \u00eenv\u0103luie \u00eentr-o lume de elegan\u021b\u0103 \u0219i rafinament, f\u0103c\u00e2ndu-l completarea perfect\u0103 pentru rutina ta zilnic\u0103 sau pentru ocazii speciale. Cufunda\u021bi-v\u0103 \u00eentr-o c\u0103l\u0103torie aromat\u0103 care v\u0103 eviden\u021biaz\u0103 individualitatea \u0219i spiritul.<\/p>\n<h2>Note \u00eenc\u00e2nt\u0103toare de elegan\u021b\u0103 floral\u0103<\/h2>\n<p>Parfumul Nawal Fluorite captiveaz\u0103 sim\u021burile cu amestecul s\u0103u complicat de note florale proaspete combinate cu note de fructe suculente. \u00cenc\u0103 de la prima pulverizare, experimenta\u021bi o fuziune armonioas\u0103 de bergamot\u0103 \u0219i floare care v\u0103 treze\u0219te sim\u021burile, urmat\u0103 de o inim\u0103 de iasomie subtil\u0103 \u0219i vanilie dulce. Notele de baz\u0103 de chihlimbar bogat \u0219i mosc cald las\u0103 o urm\u0103 persistent\u0103, asigur\u00e2ndu-v\u0103 c\u0103 sunte\u021bi amintit oriunde merge\u021bi.<\/p>\n<h2>De ce s\u0103 alege\u021bi fluoritul Nawal?<\/h2>\n<p>Acest parfum rafinat nu este doar un parfum; este o declara\u021bie de \u00eencredere \u0219i feminitate. Fie c\u0103 dori\u021bi s\u0103 impresiona\u021bi la un eveniment formal sau pur \u0219i simplu dori\u021bi s\u0103 pre\u021bui\u021bi o zi \u00eenc\u00e2nt\u0103toare acas\u0103, Nawal Fluorite ofer\u0103 parfumul perfect pentru fiecare moment. Formula sa de lung\u0103 durat\u0103 te asigur\u0103 c\u0103 r\u0103m\u00e2i \u00eenv\u0103luit \u00een esen\u021ba sa frumoas\u0103 pe tot parcursul zilei, cu doar c\u00e2teva spray-uri necesare pentru alura pe tot parcursul zilei.<\/p>\n<p>Ambalat elegant, acest parfum vine \u00eentr-o sticl\u0103 uimitoare care reflect\u0103 farmecul atemporal al con\u021binutului s\u0103u. Un cadou perfect pentru tine sau pentru cineva special, Apa de Parfum Nawal Fluorite este un must-have pentru orice femeie modern\u0103. \u00cembun\u0103t\u0103\u021be\u0219te-\u021bi colec\u021bia de parfumuri \u0219i \u00eembr\u0103\u021bi\u0219eaz\u0103 elegan\u021ba cu fiecare pic\u0103tur\u0103.<\/p>","protected":false},"excerpt":{"rendered":"<ul>\n<li class=\"\" data-start=\"570\" data-end=\"629\">\n<p class=\"\" data-start=\"572\" data-end=\"629\"><strong data-start=\"572\" data-end=\"589\">Note de v\u00e2rf:<\/strong> <span class=\"relative -mx-px my-[-0.2rem] rounded px-px py-[0.2rem] transition-colors duration-100 ease-in-out\">floare de portocal, bergamot\u0103<\/span><\/p>\n<\/li>\n<li class=\"\" data-start=\"630\" data-end=\"691\">\n<p class=\"\" data-start=\"632\" data-end=\"691\"><strong data-start=\"632\" data-end=\"651\">Note de mijloc:<\/strong> <span class=\"relative -mx-px my-[-0.2rem] rounded px-px py-[0.2rem] transition-colors duration-100 ease-in-out\">tuberoz\u0103, iasomie indian\u0103<\/span><\/p>\n<\/li>\n<li class=\"\" data-start=\"692\" data-end=\"837\">\n<p class=\"\" data-start=\"694\" data-end=\"837\"><strong data-start=\"694\" data-end=\"711\">Note de baz\u0103:<\/strong><\/p>\n<\/li>\n<\/ul>","protected":false},"featured_media":1461,"comment_status":"open","ping_status":"closed","template":"","meta":{"om_disable_all_campaigns":false,"_monsterinsights_skip_tracking":false,"_monsterinsights_sitenote_active":false,"_monsterinsights_sitenote_note":"","_monsterinsights_sitenote_category":0},"product_brand":[69],"product_cat":[56],"product_tag":[],"class_list":{"0":"post-1459","1":"product","2":"type-product","3":"status-publish","4":"has-post-thumbnail","6":"product_brand-al-wataniah","7":"product_cat-pentru-ea","9":"first","10":"outofstock","11":"shipping-taxable","12":"purchasable","13":"product-type-simple"},"aioseo_notices":[],"ct_brands":[{"id":69,"name":"Al Wataniah","slug":"al-wataniah"}],"_links":{"self":[{"href":"https:\/\/habibimb.com\/en\/wp-json\/wp\/v2\/product\/1459","targetHints":{"allow":["GET"]}}],"collection":[{"href":"https:\/\/habibimb.com\/en\/wp-json\/wp\/v2\/product"}],"about":[{"href":"https:\/\/habibimb.com\/en\/wp-json\/wp\/v2\/types\/product"}],"replies":[{"embeddable":true,"href":"https:\/\/habibimb.com\/en\/wp-json\/wp\/v2\/comments?post=1459"}],"wp:featuredmedia":[{"embeddable":true,"href":"https:\/\/habibimb.com\/en\/wp-json\/wp\/v2\/media\/1461"}],"wp:attachment":[{"href":"https:\/\/habibimb.com\/en\/wp-json\/wp\/v2\/media?parent=1459"}],"wp:term":[{"taxonomy":"product_brand","embeddable":true,"href":"https:\/\/habibimb.com\/en\/wp-json\/wp\/v2\/product_brand?post=1459"},{"taxonomy":"product_cat","embeddable":true,"href":"https:\/\/habibimb.com\/en\/wp-json\/wp\/v2\/product_cat?post=1459"},{"taxonomy":"product_tag","embeddable":true,"href":"https:\/\/habibimb.com\/en\/wp-json\/wp\/v2\/product_tag?post=1459"}],"curies":[{"name":"wp","href":"https:\/\/api.w.org\/{rel}","templated":true}]}}