{"id":1456,"date":"2025-04-24T18:06:23","date_gmt":"2025-04-24T18:06:23","guid":{"rendered":"https:\/\/habibimb.com\/?post_type=product&#038;p=1456"},"modified":"2025-10-02T11:32:56","modified_gmt":"2025-10-02T11:32:56","slug":"apa-de-parfum-tiara-al-wataniah-femei-100ml","status":"publish","type":"product","link":"https:\/\/habibimb.com\/en\/product\/apa-de-parfum-tiara-al-wataniah-femei-100ml\/","title":{"rendered":"Tiara , Al Wataniah"},"content":{"rendered":"<h2>Descoperi\u021bi esen\u021ba tiarei<\/h2>\n<p>Dezl\u0103n\u021buie-\u021bi elegan\u021ba interioar\u0103 cu remarcabila <strong>tiar\u0103 Apa de Parfum de<\/strong> la Al Wataniah. Conceput special pentru femei, acest parfum de lux \u00eentruchipeaz\u0103 rafinamentul \u0219i farmecul, f\u0103c\u00e2ndu-l un partener perfect pentru orice ocazie. La 100 ml, ofer\u0103 nu doar un parfum, ci \u0219i o experien\u021b\u0103 care te \u00eenv\u0103luie, intensific\u00e2ndu-\u021bi alura natural\u0103 cu fiecare pulverizare.<\/p>\n<h2>Note care captiveaz\u0103<\/h2>\n<p>Apa de Parfum Tiara danseaz\u0103 vibrant cu un amestec armonios de note florale \u0219i fructate. Explozia ini\u021bial\u0103 reune\u0219te un amestec de citrice r\u0103coritoare \u0219i aroma luxuriant\u0103 a florilor \u00eenflorite. Pe m\u0103sur\u0103 ce parfumul se desf\u0103\u0219oar\u0103, se dezv\u0103luie nuan\u021be lemnoase \u0219i chihlimbar mai profunde, cre\u00e2nd un parfum cald \u0219i primitor care persist\u0103 pe tot parcursul zilei. Fie c\u0103 e\u0219ti la un brunch casual sau la o sear\u0103 formal\u0103, acest parfum \u00ee\u021bi \u00eembun\u0103t\u0103\u021be\u0219te prezen\u021ba f\u0103r\u0103 efort.<\/p>\n<h2>Un cadou perfect pentru fiecare femeie<\/h2>\n<p>Acest parfum rafinat nu este doar un r\u0103sf\u0103\u021b personal, ci \u0219i un cadou ideal pentru ocazii speciale. \u00cencapsulat \u00eentr-o sticl\u0103 cu design elegant, atractivitatea estetic\u0103 este egalat\u0103 de parfumul \u00eenc\u00e2nt\u0103tor din interior. Este o alegere \u00eenc\u00e2nt\u0103toare pentru zile de na\u0219tere, anivers\u0103ri sau pur \u0219i simplu pentru a-\u021bi exprima aprecierea pentru acele femei din via\u021ba ta care merit\u0103 s\u0103 se simt\u0103 pre\u021buite \u0219i adorate.<\/p>\n<p>\u00cembr\u0103\u021bi\u0219eaz\u0103 alura elegant\u0103 a <strong>Apa de Parfum Tiara<\/strong> de la Al Wataniah. Transform\u0103-\u021bi colec\u021bia de parfumuri sau surprinde pe cineva drag cu acest plus rafinat. Comanda\u021bi acum \u0219i l\u0103sa\u021bi parfumul captivant s\u0103 v\u0103 \u00eembun\u0103t\u0103\u021beasc\u0103 rutina zilnic\u0103. Un<\/p>","protected":false},"excerpt":{"rendered":"<ul>\n<li class=\"\" data-start=\"560\" data-end=\"619\">\n<p class=\"\" data-start=\"562\" data-end=\"619\"><strong data-start=\"562\" data-end=\"579\">Note de v\u00e2rf:<\/strong> <span class=\"relative -mx-px my-[-0.2rem] rounded px-px py-[0.2rem] transition-colors duration-100 ease-in-out\">Iasomie, \u0218ofran<\/span><\/p>\n<\/li>\n<li class=\"\" data-start=\"620\" data-end=\"681\">\n<p class=\"\" data-start=\"622\" data-end=\"681\"><strong data-start=\"622\" data-end=\"641\">Note de mijloc:<\/strong> <span class=\"relative -mx-px my-[-0.2rem] rounded px-px py-[0.2rem] transition-colors duration-100 ease-in-out\">Ambr\u0103, Note lemnoase<\/span><\/p>\n<\/li>\n<li class=\"\" data-start=\"682\" data-end=\"827\">\n<p class=\"\" data-start=\"684\" data-end=\"827\"><strong data-start=\"684\" data-end=\"701\">Note de baz\u0103:<\/strong> <span class=\"relative -mx-px my-[-0.2rem] rounded px-px py-[0.2rem] transition-colors duration-100 ease-in-out\">Pin, Lemn de cedru<\/span><\/p>\n<\/li>\n<\/ul>","protected":false},"featured_media":1458,"comment_status":"open","ping_status":"closed","template":"","meta":{"om_disable_all_campaigns":false,"_monsterinsights_skip_tracking":false,"_monsterinsights_sitenote_active":false,"_monsterinsights_sitenote_note":"","_monsterinsights_sitenote_category":0},"product_brand":[69],"product_cat":[56],"product_tag":[],"class_list":{"0":"post-1456","1":"product","2":"type-product","3":"status-publish","4":"has-post-thumbnail","6":"product_brand-al-wataniah","7":"product_cat-pentru-ea","9":"first","10":"outofstock","11":"shipping-taxable","12":"purchasable","13":"product-type-simple"},"aioseo_notices":[],"ct_brands":[{"id":69,"name":"Al Wataniah","slug":"al-wataniah"}],"_links":{"self":[{"href":"https:\/\/habibimb.com\/en\/wp-json\/wp\/v2\/product\/1456","targetHints":{"allow":["GET"]}}],"collection":[{"href":"https:\/\/habibimb.com\/en\/wp-json\/wp\/v2\/product"}],"about":[{"href":"https:\/\/habibimb.com\/en\/wp-json\/wp\/v2\/types\/product"}],"replies":[{"embeddable":true,"href":"https:\/\/habibimb.com\/en\/wp-json\/wp\/v2\/comments?post=1456"}],"wp:featuredmedia":[{"embeddable":true,"href":"https:\/\/habibimb.com\/en\/wp-json\/wp\/v2\/media\/1458"}],"wp:attachment":[{"href":"https:\/\/habibimb.com\/en\/wp-json\/wp\/v2\/media?parent=1456"}],"wp:term":[{"taxonomy":"product_brand","embeddable":true,"href":"https:\/\/habibimb.com\/en\/wp-json\/wp\/v2\/product_brand?post=1456"},{"taxonomy":"product_cat","embeddable":true,"href":"https:\/\/habibimb.com\/en\/wp-json\/wp\/v2\/product_cat?post=1456"},{"taxonomy":"product_tag","embeddable":true,"href":"https:\/\/habibimb.com\/en\/wp-json\/wp\/v2\/product_tag?post=1456"}],"curies":[{"name":"wp","href":"https:\/\/api.w.org\/{rel}","templated":true}]}}