{"id":1453,"date":"2025-04-24T18:03:30","date_gmt":"2025-04-24T18:03:30","guid":{"rendered":"https:\/\/habibimb.com\/?post_type=product&#038;p=1453"},"modified":"2025-10-02T11:33:42","modified_gmt":"2025-10-02T11:33:42","slug":"apa-de-parfum-zahrat-khasah-al-wataniah-eternal-femei-100ml","status":"publish","type":"product","link":"https:\/\/habibimb.com\/en\/product\/apa-de-parfum-zahrat-khasah-al-wataniah-eternal-femei-100ml\/","title":{"rendered":"Zahrat Khasah , Al Wataniah Eternal"},"content":{"rendered":"<h2>Descoper\u0103 esen\u021ba elegan\u021bei<\/h2>\n<p>R\u0103sf\u0103\u021ba\u021bi-v\u0103 cu alura captivant\u0103 a <strong>Apa de Parfum Zahrat Khasah, Al Wataniah Eternal<\/strong> pentru femei. Acest parfum rafinat este conceput pentru cei care apreciaz\u0103 rafinamentul \u0219i farmecul \u00een fiecare pic\u0103tur\u0103. Realizat cu un amestec armonios de note \u00eenc\u00e2nt\u0103toare, las\u0103 o impresie de durat\u0103 care rezoneaz\u0103 cu elegan\u021b\u0103 \u0219i gra\u021bie.<\/p>\n<h2>Un parfum care spune o poveste<\/h2>\n<p>\u00cen momentul \u00een care aplici acest parfum luxos, e\u0219ti \u00eent\u00e2mpinat de flori vibrante care creeaz\u0103 o aur\u0103 r\u0103coritoare. Notele de v\u00e2rf izbucnesc cu un buchet de flori, echilibr\u00e2nd perfect nuan\u021bele fructate care \u00eentruchipeaz\u0103 spontaneitatea \u0219i prospe\u021bimea. Pe m\u0103sur\u0103 ce parfumul se dezvolt\u0103, notele de mijloc dezv\u0103luie o tapiserie bogat\u0103 de condimente aromate \u0219i petale delicate, \u00eenv\u0103luindu-te \u00eentr-o \u00eembr\u0103\u021bi\u0219are de c\u0103ldur\u0103 \u0219i farmec. \u00cen cele din urm\u0103, notele de baz\u0103 plutesc, a\u0219ez\u00e2ndu-se \u00eentr-un acord de lemn profund \u0219i senzual care persist\u0103 mult timp dup\u0103 ce p\u0103r\u0103se\u0219ti camera, f\u0103c\u00e2ndu-l ideal at\u00e2t pentru zi, c\u00e2t \u0219i pentru noapte.<\/p>\n<h2>De ce s\u0103 alegi Zahrat Khasah?<\/h2>\n<p>Cu siguran\u021b\u0103, exist\u0103 nenum\u0103rate parfumuri pe pia\u021b\u0103, dar <strong>Apa de Parfum Zahrat Khasah<\/strong> se remarc\u0103 prin compozi\u021bia \u0219i m\u0103iestria sa unic\u0103. Aceast\u0103 sticl\u0103 de 100 ml de parfum ve\u0219nic nu numai c\u0103 vorbe\u0219te stilului t\u0103u sofisticat, dar \u00ee\u021bi spore\u0219te \u0219i alura personal\u0103. Fie c\u0103 te \u00eembraci pentru o ocazie special\u0103 sau pur \u0219i simplu cau\u021bi s\u0103 te sim\u021bi fabulos \u00een via\u021ba de zi cu zi, aceast\u0103 arom\u0103 \u00eenc\u00e2nt\u0103toare este \u00eenso\u021bitorul t\u0103u perfect. Cu ambalajul s\u0103u elegant, este, de asemenea, un cadou uimitor pentru cineva care apreciaz\u0103 lucrurile bune din via\u021b\u0103.<\/p>\n<p>\u00cembr\u0103\u021bi\u0219eaz\u0103 c\u0103l\u0103toria exprim\u0103rii de sine \u0219i a atrac\u021biei cu <strong>Apa de Parfum Zahrat Khasah, Al Wataniah Eternal<\/strong>. Ridica\u021bi-v\u0103 garderoba de parfumuri ast\u0103zi \u0219i l\u0103sa\u021bi-v\u0103 parfumul s\u0103 fie semn\u0103tura voastr\u0103!<\/p>","protected":false},"excerpt":{"rendered":"<p><strong data-start=\"53\" data-end=\"70\">Note de v\u00e2rf:<\/strong> bergamot\u0103, trandafir de Damasc, fructe ro\u0219ii<br data-start=\"115\" data-end=\"118\" \/><strong data-start=\"118\" data-end=\"137\" data-is-only-node=\"\">Note de mijloc:<\/strong> iasomie, floare de portocal, \u0219ofran<br data-start=\"173\" data-end=\"176\" \/><strong data-start=\"176\" data-end=\"193\">Note de baz\u0103:<\/strong> lemn de santal, mosc alb, ambr\u0103, vanilie<\/p>","protected":false},"featured_media":1455,"comment_status":"open","ping_status":"closed","template":"","meta":{"om_disable_all_campaigns":false,"_monsterinsights_skip_tracking":false,"_monsterinsights_sitenote_active":false,"_monsterinsights_sitenote_note":"","_monsterinsights_sitenote_category":0},"product_brand":[71],"product_cat":[56],"product_tag":[],"class_list":{"0":"post-1453","1":"product","2":"type-product","3":"status-publish","4":"has-post-thumbnail","6":"product_brand-al-wataniah-eternal","7":"product_cat-pentru-ea","9":"first","10":"outofstock","11":"shipping-taxable","12":"purchasable","13":"product-type-simple"},"aioseo_notices":[],"ct_brands":[{"id":71,"name":"Al Wataniah Eternal","slug":"al-wataniah-eternal"}],"_links":{"self":[{"href":"https:\/\/habibimb.com\/en\/wp-json\/wp\/v2\/product\/1453","targetHints":{"allow":["GET"]}}],"collection":[{"href":"https:\/\/habibimb.com\/en\/wp-json\/wp\/v2\/product"}],"about":[{"href":"https:\/\/habibimb.com\/en\/wp-json\/wp\/v2\/types\/product"}],"replies":[{"embeddable":true,"href":"https:\/\/habibimb.com\/en\/wp-json\/wp\/v2\/comments?post=1453"}],"wp:featuredmedia":[{"embeddable":true,"href":"https:\/\/habibimb.com\/en\/wp-json\/wp\/v2\/media\/1455"}],"wp:attachment":[{"href":"https:\/\/habibimb.com\/en\/wp-json\/wp\/v2\/media?parent=1453"}],"wp:term":[{"taxonomy":"product_brand","embeddable":true,"href":"https:\/\/habibimb.com\/en\/wp-json\/wp\/v2\/product_brand?post=1453"},{"taxonomy":"product_cat","embeddable":true,"href":"https:\/\/habibimb.com\/en\/wp-json\/wp\/v2\/product_cat?post=1453"},{"taxonomy":"product_tag","embeddable":true,"href":"https:\/\/habibimb.com\/en\/wp-json\/wp\/v2\/product_tag?post=1453"}],"curies":[{"name":"wp","href":"https:\/\/api.w.org\/{rel}","templated":true}]}}