{"id":1450,"date":"2025-04-24T17:58:41","date_gmt":"2025-04-24T17:58:41","guid":{"rendered":"https:\/\/habibimb.com\/?post_type=product&#038;p=1450"},"modified":"2025-10-02T11:35:12","modified_gmt":"2025-10-02T11:35:12","slug":"apa-de-parfum-al-khizer-al-khas-al-wataniah-eternal-femei-100ml","status":"publish","type":"product","link":"https:\/\/habibimb.com\/en\/product\/apa-de-parfum-al-khizer-al-khas-al-wataniah-eternal-femei-100ml\/","title":{"rendered":"Al Khizer Al Khas , Al Wataniah Eternal"},"content":{"rendered":"<h2>Descoperi\u021bi esen\u021ba lui Al Khizer Al Khas<\/h2>\n<p>Experimenta\u021bi parfumul \u00eenc\u00e2nt\u0103tor al Apa de Parfum Al Khizer Al Khas, un parfum semn\u0103tur\u0103 de la Al Wataniah care \u00eentruchipeaz\u0103 elegan\u021ba \u0219i rafinamentul. Acest parfum rafinat este conceput pentru femeile care apreciaz\u0103 lucrurile fine din via\u021b\u0103, oferind un amestec unic de note captivante care creeaz\u0103 o impresie de durat\u0103. Cu flaconul s\u0103u de 100 ml, este \u00eenso\u021bitorul perfect at\u00e2t pentru zi, c\u00e2t \u0219i pentru noapte.<\/p>\n<h2>Un profil de parfum de neuitat<\/h2>\n<p>Ap\u0103 de Parfum Al Khizer Al Khas se deschide cu o explozie vibrant\u0103 de note proaspete de citrice, care se \u00eembin\u0103 armonios cu nuan\u021be florale delicate. Pe m\u0103sur\u0103 ce evolueaz\u0103, inima dezv\u0103luie un buchet luxos de iasomie \u0219i trandafir, evoc\u00e2nd sentimente de romantism \u0219i mister. Parfumul se instaleaz\u0103 \u00eentr-o baz\u0103 cald\u0103 \u0219i senzual\u0103 de chihlimbar \u0219i lemn de santal, cre\u00e2nd o urm\u0103 captivant\u0103 care persist\u0103 pe tot parcursul zilei. Aceast\u0103 compozi\u021bie sofisticat\u0103 face din Al Khizer Al Khas un plus esen\u021bial pentru colec\u021bia de parfumuri a oric\u0103rei femei.<\/p>\n<h2>Elegan\u021b\u0103 \u00een fiecare pic\u0103tur\u0103<\/h2>\n<p>Designul izbitor al sticlei de 100 ml \u00een sine oglinde\u0219te elegan\u021ba parfumului din interior. Cu liniile sale elegante \u0219i finisajul luxos, nu este doar un parfum; Este o pies\u0103 statement pentru masa ta de toalet\u0103. Pulverizatorul atent proiectat asigur\u0103 c\u0103 fiecare aplicare ofer\u0103 cantitatea potrivit\u0103 de parfum, permi\u021b\u00e2ndu-v\u0103 s\u0103 v\u0103 r\u0103sf\u0103\u021ba\u021bi cu acest parfum rafinat f\u0103r\u0103 a v\u0103 cople\u0219i sim\u021burile.<\/p>\n<p>Fie c\u0103 v\u0103 \u00eendrepta\u021bi spre o \u00eent\u00e2lnire important\u0103, o sear\u0103 romantic\u0103 sau pur \u0219i simplu v\u0103 r\u0103sf\u0103\u021ba\u021bi cu \u00eengrijirea personal\u0103 acas\u0103, Apa de Parfum Al Khizer Al Khas v\u0103 va ridica prezen\u021ba. \u00cembr\u0103\u021bi\u0219eaz\u0103 esen\u021ba rafinamentului \u0219i simte-te \u00eemputernicit cu fiecare pulverizare. Acesta nu este doar un parfum; Este o experien\u021b\u0103 care \u00ee\u021bi surprinde individualitatea \u0219i spiritul.<\/p>\n<p>Perfect pentru cadou sau ca un r\u0103sf\u0103\u021b pentru tine, acest parfum rezoneaz\u0103 cu femeile care \u00eendr\u0103znesc s\u0103 fie \u00eendr\u0103zne\u021be, dar r\u0103m\u00e2n atemporale. L\u0103sa\u021bi esen\u021ba etern\u0103 a lui Al Wataniah s\u0103 v\u0103 inspire c\u0103l\u0103toria zilnic\u0103, f\u0103c\u00e2nd fiecare moment de neuitat.<\/p>","protected":false},"excerpt":{"rendered":"<p><strong>Nota varf:<\/strong>\u00a0menta, bergamota, grapefruit, lavanda<br \/>\n<strong>Note mijloc:\u00a0<\/strong>mar Granny Smith, trandafir<br \/>\n<strong>Note baza:\u00a0<\/strong>floare de bumbac, cihlimbar<\/p>","protected":false},"featured_media":1452,"comment_status":"open","ping_status":"closed","template":"","meta":{"om_disable_all_campaigns":false,"_monsterinsights_skip_tracking":false,"_monsterinsights_sitenote_active":false,"_monsterinsights_sitenote_note":"","_monsterinsights_sitenote_category":0},"product_brand":[71],"product_cat":[56],"product_tag":[],"class_list":{"0":"post-1450","1":"product","2":"type-product","3":"status-publish","4":"has-post-thumbnail","6":"product_brand-al-wataniah-eternal","7":"product_cat-pentru-ea","9":"first","10":"outofstock","11":"shipping-taxable","12":"purchasable","13":"product-type-simple"},"aioseo_notices":[],"ct_brands":[{"id":71,"name":"Al Wataniah Eternal","slug":"al-wataniah-eternal"}],"_links":{"self":[{"href":"https:\/\/habibimb.com\/en\/wp-json\/wp\/v2\/product\/1450","targetHints":{"allow":["GET"]}}],"collection":[{"href":"https:\/\/habibimb.com\/en\/wp-json\/wp\/v2\/product"}],"about":[{"href":"https:\/\/habibimb.com\/en\/wp-json\/wp\/v2\/types\/product"}],"replies":[{"embeddable":true,"href":"https:\/\/habibimb.com\/en\/wp-json\/wp\/v2\/comments?post=1450"}],"wp:featuredmedia":[{"embeddable":true,"href":"https:\/\/habibimb.com\/en\/wp-json\/wp\/v2\/media\/1452"}],"wp:attachment":[{"href":"https:\/\/habibimb.com\/en\/wp-json\/wp\/v2\/media?parent=1450"}],"wp:term":[{"taxonomy":"product_brand","embeddable":true,"href":"https:\/\/habibimb.com\/en\/wp-json\/wp\/v2\/product_brand?post=1450"},{"taxonomy":"product_cat","embeddable":true,"href":"https:\/\/habibimb.com\/en\/wp-json\/wp\/v2\/product_cat?post=1450"},{"taxonomy":"product_tag","embeddable":true,"href":"https:\/\/habibimb.com\/en\/wp-json\/wp\/v2\/product_tag?post=1450"}],"curies":[{"name":"wp","href":"https:\/\/api.w.org\/{rel}","templated":true}]}}