{"id":1446,"date":"2025-04-24T17:54:01","date_gmt":"2025-04-24T17:54:01","guid":{"rendered":"https:\/\/habibimb.com\/?post_type=product&#038;p=1446"},"modified":"2025-05-15T07:30:51","modified_gmt":"2025-05-15T07:30:51","slug":"apa-de-parfum-graphite-al-wataniah-unisex-100ml","status":"publish","type":"product","link":"https:\/\/habibimb.com\/en\/product\/apa-de-parfum-graphite-al-wataniah-unisex-100ml\/","title":{"rendered":"Graphite, Al Wataniah"},"content":{"rendered":"<h2>R\u0103sf\u0103\u021ba\u021bi-v\u0103 cu elegan\u021b\u0103 atemporal\u0103<\/h2>\n<p>Descoperi\u021bi alura captivant\u0103 a <strong>parfumului Apa de Parfum Graphite<\/strong> de Al Wataniah, un parfum unisex care transcende grani\u021bele conven\u021bionale. Amestecat elegant at\u00e2t pentru b\u0103rba\u021bi, c\u00e2t \u0219i pentru femei, acest parfum de 100 ml este conceput pentru individul modern care pre\u021buie\u0219te rafinamentul \u0219i stilul \u00een fiecare aspect al vie\u021bii. Fie c\u0103 este vorba de o ie\u0219ire casual sau de o \u00eent\u00e2lnire formal\u0103, Graphite prezint\u0103 un parfum care las\u0103 o impresie de durat\u0103.<\/p>\n<h2>Profil de parfum de neuitat<\/h2>\n<p>Parfumul de grafit este o armonie extraordinar\u0103 de parfumuri care evoc\u0103 for\u021b\u0103 \u0219i rafinament. Cu note de v\u00e2rf care revigoreaz\u0103 sim\u021burile, note de inim\u0103 care aprind pasiunea \u0219i note de baz\u0103 care fundamenteaz\u0103 experien\u021ba \u00een bog\u0103\u021bie, acest parfum \u00eencapsuleaz\u0103 o c\u0103l\u0103torie olfactiv\u0103 unic\u0103. Fiecare spray aduce un impuls \u00eenc\u00e2nt\u0103tor de \u00eencredere, asigur\u00e2ndu-v\u0103 c\u0103 v\u0103 sim\u021bi\u021bi cel mai bine pe tot parcursul zilei. Versatilitatea sa \u00eel face potrivit pentru purtarea de zi cu zi, precum \u0219i pentru ocazii speciale, f\u0103c\u00e2ndu-l un plus esen\u021bial pentru colec\u021bia ta de parfumuri.<\/p>\n<h2>Creat pentru impresii de durat\u0103<\/h2>\n<p>Angajamentul lui Al Wataniah fa\u021b\u0103 de calitate str\u0103luce\u0219te \u00een fiecare aspect al <strong>Apa de Parfum Graphite<\/strong>. Sticla de 100 ml nu este doar un obiect; Este o pies\u0103 estetic\u0103 care completeaz\u0103 orice chiuvet\u0103 cu designul s\u0103u elegant. \u00cen plus, formula atent realizat\u0103 promite un parfum de lung\u0103 durat\u0103 care evolueaz\u0103 frumos \u00een timp, permi\u021b\u00e2ndu-v\u0103 s\u0103 \u00eembr\u0103\u021bi\u0219a\u021bi farmecul grafitului mult timp dup\u0103 aplicarea ini\u021bial\u0103. Ideal pentru cadouri sau r\u0103sf\u0103\u021b personal, acest parfum se adreseaz\u0103 oricui caut\u0103 un parfum de semn\u0103tur\u0103 care s\u0103-l fac\u0103 s\u0103 ias\u0103 \u00een eviden\u021b\u0103.<\/p>\n<p>\u00cen concluzie, Apa de Parfum Graphite de la Al Wataniah este un must-have pentru cei care apreciaz\u0103 parfumurile sofisticate care \u00eentruchipeaz\u0103 elegan\u021ba \u0219i carisma. Ridic\u0103-\u021bi jocul de parfumuri \u0219i dezl\u0103n\u021buie-\u021bi adev\u0103ratul sine cu acest parfum unisex rafinat.<\/p>","protected":false},"excerpt":{"rendered":"<p><strong>Note de varf:\u00a0<\/strong>piper roz, salvie<br \/>\n<strong>Note de mijloc:\u00a0<\/strong>cihlimbar, mu\u0219chi de stejar<br \/>\n<strong>Note de baza:\u00a0<\/strong>mosc, piele, patchouli<\/p>","protected":false},"featured_media":1447,"comment_status":"open","ping_status":"closed","template":"","meta":{"om_disable_all_campaigns":false,"_monsterinsights_skip_tracking":false,"_monsterinsights_sitenote_active":false,"_monsterinsights_sitenote_note":"","_monsterinsights_sitenote_category":0},"product_brand":[69],"product_cat":[57],"product_tag":[],"class_list":{"0":"post-1446","1":"product","2":"type-product","3":"status-publish","4":"has-post-thumbnail","6":"product_brand-al-wataniah","7":"product_cat-unisex","9":"first","10":"instock","11":"shipping-taxable","12":"purchasable","13":"product-type-simple"},"aioseo_notices":[],"ct_brands":[{"id":69,"name":"Al Wataniah","slug":"al-wataniah"}],"_links":{"self":[{"href":"https:\/\/habibimb.com\/en\/wp-json\/wp\/v2\/product\/1446","targetHints":{"allow":["GET"]}}],"collection":[{"href":"https:\/\/habibimb.com\/en\/wp-json\/wp\/v2\/product"}],"about":[{"href":"https:\/\/habibimb.com\/en\/wp-json\/wp\/v2\/types\/product"}],"replies":[{"embeddable":true,"href":"https:\/\/habibimb.com\/en\/wp-json\/wp\/v2\/comments?post=1446"}],"wp:featuredmedia":[{"embeddable":true,"href":"https:\/\/habibimb.com\/en\/wp-json\/wp\/v2\/media\/1447"}],"wp:attachment":[{"href":"https:\/\/habibimb.com\/en\/wp-json\/wp\/v2\/media?parent=1446"}],"wp:term":[{"taxonomy":"product_brand","embeddable":true,"href":"https:\/\/habibimb.com\/en\/wp-json\/wp\/v2\/product_brand?post=1446"},{"taxonomy":"product_cat","embeddable":true,"href":"https:\/\/habibimb.com\/en\/wp-json\/wp\/v2\/product_cat?post=1446"},{"taxonomy":"product_tag","embeddable":true,"href":"https:\/\/habibimb.com\/en\/wp-json\/wp\/v2\/product_tag?post=1446"}],"curies":[{"name":"wp","href":"https:\/\/api.w.org\/{rel}","templated":true}]}}