{"id":1439,"date":"2025-04-24T17:51:20","date_gmt":"2025-04-24T17:51:20","guid":{"rendered":"https:\/\/habibimb.com\/?post_type=product&#038;p=1439"},"modified":"2025-05-15T07:30:51","modified_gmt":"2025-05-15T07:30:51","slug":"apa-de-parfum-tiger-eye-al-wataniah-unisex-100ml","status":"publish","type":"product","link":"https:\/\/habibimb.com\/en\/product\/apa-de-parfum-tiger-eye-al-wataniah-unisex-100ml\/","title":{"rendered":"Tiger Eye, Al Wataniah"},"content":{"rendered":"<h2>Dezv\u0103luie mirosul atr\u0103g\u0103tor al ochiului de tigru<\/h2>\n<p>P\u0103\u0219i\u021bi \u00eentr-o lume a rafinamentului cu Apa de Parfum Tiger Eye de la Al Wataniah. Acest parfum unisex rafinat v\u0103 invit\u0103 s\u0103 v\u0103 \u00eembr\u0103\u021bi\u0219a\u021bi individualitatea \u0219i s\u0103 v\u0103 exprima\u021bi esen\u021ba. Cu notele sale \u00eendr\u0103zne\u021be, dar echilibrate, Tiger Eye promite s\u0103 v\u0103 sporeasc\u0103 prezen\u021ba, l\u0103s\u00e2nd o impresie memorabil\u0103 oriunde merge\u021bi.<\/p>\n<h2>\u00cembog\u0103\u021bi\u021bi-v\u0103 garderoba de parfumuri<\/h2>\n<p>Parfumul Tiger Eye se m\u00e2ndre\u0219te cu un amestec complicat de arome captivante care trec frumos pe tot parcursul zilei. \u00cencep\u00e2nd cu note de v\u00e2rf proaspete care \u00ee\u021bi trezesc sim\u021burile, este perfect completat de o inim\u0103 de condimente bogate \u0219i accente florale, culmin\u00e2nd cu o baz\u0103 cald\u0103 \u0219i primitoare. Aceast\u0103 formul\u0103 rafinat\u0103 \u00eel face un plus perfect pentru colec\u021bia ta de parfumuri, potrivit pentru toate ocaziile, de la ie\u0219iri casual la evenimente formale.<\/p>\n<h2>Durabil \u0219i de lung\u0103 durat\u0103<\/h2>\n<p>Realizat\u0103 cu g\u00e2ndul la calitate, sticla de 100 ml de Tiger Eye este conceput\u0103 pentru longevitate. C\u00e2teva pulveriz\u0103ri sunt tot ce ai nevoie pentru a-i dezl\u0103n\u021bui \u00eentregul poten\u021bial, asigur\u00e2ndu-te c\u0103 te bucuri de aceast\u0103 arom\u0103 captivant\u0103 de diminea\u021ba p\u00e2n\u0103 seara. Ambalajul elegant nu numai c\u0103 protejeaz\u0103 parfumul, dar adaug\u0103 \u0219i o not\u0103 de lux mesei de toalet\u0103, f\u0103c\u00e2ndu-l un cadou excelent pentru cei dragi sau un r\u0103sf\u0103\u021b personal.<\/p>\n<p>\u00cembr\u0103\u021bi\u0219eaz\u0103 farmecul Apa de Parfum Tiger Eye, unde fiecare spray este o s\u0103rb\u0103toare a \u00eencrederii \u0219i farmecului. Descoperi\u021bi puterea transformatoare a parfumului cu acest parfum de semn\u0103tur\u0103 care rezoneaz\u0103 cu esen\u021ba individului modern.<\/p>","protected":false},"excerpt":{"rendered":"<p><strong>Notele de varf:<\/strong>\u00a0mandarin, grapefruit, lavanda<br \/>\n<strong>Notele de mijloc:\u00a0<\/strong>extras din portocala amara, lemn de cedru, kasmeran<br \/>\n<strong>Notele de baza:<\/strong>\u00a0cihlimbar, tonka, lemn de santal<\/p>","protected":false},"featured_media":1440,"comment_status":"open","ping_status":"closed","template":"","meta":{"om_disable_all_campaigns":false,"_monsterinsights_skip_tracking":false,"_monsterinsights_sitenote_active":false,"_monsterinsights_sitenote_note":"","_monsterinsights_sitenote_category":0},"product_brand":[69],"product_cat":[57],"product_tag":[],"class_list":{"0":"post-1439","1":"product","2":"type-product","3":"status-publish","4":"has-post-thumbnail","6":"product_brand-al-wataniah","7":"product_cat-unisex","9":"first","10":"instock","11":"shipping-taxable","12":"purchasable","13":"product-type-simple"},"aioseo_notices":[],"ct_brands":[{"id":69,"name":"Al Wataniah","slug":"al-wataniah"}],"_links":{"self":[{"href":"https:\/\/habibimb.com\/en\/wp-json\/wp\/v2\/product\/1439","targetHints":{"allow":["GET"]}}],"collection":[{"href":"https:\/\/habibimb.com\/en\/wp-json\/wp\/v2\/product"}],"about":[{"href":"https:\/\/habibimb.com\/en\/wp-json\/wp\/v2\/types\/product"}],"replies":[{"embeddable":true,"href":"https:\/\/habibimb.com\/en\/wp-json\/wp\/v2\/comments?post=1439"}],"wp:featuredmedia":[{"embeddable":true,"href":"https:\/\/habibimb.com\/en\/wp-json\/wp\/v2\/media\/1440"}],"wp:attachment":[{"href":"https:\/\/habibimb.com\/en\/wp-json\/wp\/v2\/media?parent=1439"}],"wp:term":[{"taxonomy":"product_brand","embeddable":true,"href":"https:\/\/habibimb.com\/en\/wp-json\/wp\/v2\/product_brand?post=1439"},{"taxonomy":"product_cat","embeddable":true,"href":"https:\/\/habibimb.com\/en\/wp-json\/wp\/v2\/product_cat?post=1439"},{"taxonomy":"product_tag","embeddable":true,"href":"https:\/\/habibimb.com\/en\/wp-json\/wp\/v2\/product_tag?post=1439"}],"curies":[{"name":"wp","href":"https:\/\/api.w.org\/{rel}","templated":true}]}}