{"id":1432,"date":"2025-04-24T15:55:21","date_gmt":"2025-04-24T15:55:21","guid":{"rendered":"https:\/\/habibimb.com\/?post_type=product&#038;p=1432"},"modified":"2025-05-15T07:30:51","modified_gmt":"2025-05-15T07:30:51","slug":"esenta-de-parfum-concentrat-tabacco-vanilie-unisex-6ml","status":"publish","type":"product","link":"https:\/\/habibimb.com\/en\/product\/esenta-de-parfum-concentrat-tabacco-vanilie-unisex-6ml\/","title":{"rendered":"Esenta de Parfum Concentrat Tabacco Vanilie 6"},"content":{"rendered":"<h2>Dezv\u0103luirea esen\u021bei elegan\u021bei<\/h2>\n<p>Cufund\u0103-te \u00een lumea captivant\u0103 a parfumurilor cu Esenta de Parfum Concentrat Tabacco Vanilie, un parfum unisex care \u00eentruchipeaz\u0103 rafinamentul \u0219i c\u0103ldura. Acest parfum rafinat combin\u0103 notele bogate \u0219i \u00eendr\u0103zne\u021be ale tutunului negru cu \u00eembr\u0103\u021bi\u0219area dulce a vaniliei, cre\u00e2nd un parfum distinctiv \u0219i memorabil. Perfect pentru cei care apreciaz\u0103 lucrurile fine din via\u021b\u0103, acest parfum este suficient de versatil at\u00e2t pentru ie\u0219iri casual, c\u00e2t \u0219i pentru evenimente formale.<\/p>\n<h2>Un amestec armonios de note<\/h2>\n<p>Esenta de Parfum Concentrat Tabacco Vanilie este realizat cu o formul\u0103 unic\u0103 care armonizeaz\u0103 notele profunde de tutun cu o esen\u021b\u0103 moale \u0219i cremoas\u0103 de vanilie. Parfumul se deschide cu o explozie \u00eembietoare de c\u0103ldur\u0103 care trece \u00eentr-o dulcea\u021b\u0103 neted\u0103 \u0219i persistent\u0103. Acest echilibru complicat v\u0103 asigur\u0103 c\u0103 l\u0103sa\u021bi o impresie de durat\u0103 oriunde merge\u021bi. Indiferent dac\u0103 \u00eel por\u021bi la \u00eent\u00e2lnirile din timpul zilei sau sub stele la un eveniment de sear\u0103, acest parfum se adapteaz\u0103 frumos la orice decor, f\u0103c\u00e2ndu-l un plus esen\u021bial pentru colec\u021bia ta de parfumuri.<\/p>\n<h2>Design compact \u0219i convenabil<\/h2>\n<p>Prezentat \u00eentr-o sticl\u0103 elegant\u0103 de 6 ml, Esenta de Parfum Concentrat Tabacco Vanilie nu este doar atr\u0103g\u0103tor din punct de vedere vizual, ci \u0219i incredibil de convenabil. Dimensiunea sa compact\u0103 v\u0103 permite s\u0103-l transporta\u021bi cu u\u0219urin\u021b\u0103 \u00een geant\u0103 sau buzunar, f\u0103c\u00e2ndu-l perfect pentru aplica\u021bii din mers. Indiferent dac\u0103 c\u0103l\u0103tori\u021bi, la serviciu sau participa\u021bi la un eveniment social, un spritz rapid v\u0103 va revigora mirosul \u0219i v\u0103 va ridica starea de spirit. \u00cembr\u0103\u021bi\u0219eaz\u0103 frumuse\u021bea portabilit\u0103\u021bii \u00een timp ce te r\u0103sf\u0103\u021bi cu un parfum de lux de care te po\u021bi bucura oric\u00e2nd \u0219i oriunde.<\/p>","protected":false},"excerpt":{"rendered":"<p><strong data-start=\"137\" data-end=\"154\">Note de v\u00e2rf:<\/strong> Frunze de tutun, Condimente calde<br data-start=\"188\" data-end=\"191\" \/><strong data-start=\"191\" data-end=\"210\">Note de mijloc:<\/strong> Vanilie, Cacao, Boabe de tonka, Floare de tutun<br data-start=\"258\" data-end=\"261\" \/><strong data-start=\"261\" data-end=\"278\" data-is-only-node=\"\">Note de baz\u0103:<\/strong> Fructe uscate, Note lemnoase dulci<\/p>","protected":false},"featured_media":1423,"comment_status":"open","ping_status":"closed","template":"","meta":{"om_disable_all_campaigns":false,"_monsterinsights_skip_tracking":false,"_monsterinsights_sitenote_active":false,"_monsterinsights_sitenote_note":"","_monsterinsights_sitenote_category":0},"product_brand":[],"product_cat":[58],"product_tag":[],"class_list":{"0":"post-1432","1":"product","2":"type-product","3":"status-publish","4":"has-post-thumbnail","6":"product_cat-extracte-si-esente","8":"first","9":"instock","10":"shipping-taxable","11":"purchasable","12":"product-type-simple"},"aioseo_notices":[],"ct_brands":[],"_links":{"self":[{"href":"https:\/\/habibimb.com\/en\/wp-json\/wp\/v2\/product\/1432","targetHints":{"allow":["GET"]}}],"collection":[{"href":"https:\/\/habibimb.com\/en\/wp-json\/wp\/v2\/product"}],"about":[{"href":"https:\/\/habibimb.com\/en\/wp-json\/wp\/v2\/types\/product"}],"replies":[{"embeddable":true,"href":"https:\/\/habibimb.com\/en\/wp-json\/wp\/v2\/comments?post=1432"}],"wp:featuredmedia":[{"embeddable":true,"href":"https:\/\/habibimb.com\/en\/wp-json\/wp\/v2\/media\/1423"}],"wp:attachment":[{"href":"https:\/\/habibimb.com\/en\/wp-json\/wp\/v2\/media?parent=1432"}],"wp:term":[{"taxonomy":"product_brand","embeddable":true,"href":"https:\/\/habibimb.com\/en\/wp-json\/wp\/v2\/product_brand?post=1432"},{"taxonomy":"product_cat","embeddable":true,"href":"https:\/\/habibimb.com\/en\/wp-json\/wp\/v2\/product_cat?post=1432"},{"taxonomy":"product_tag","embeddable":true,"href":"https:\/\/habibimb.com\/en\/wp-json\/wp\/v2\/product_tag?post=1432"}],"curies":[{"name":"wp","href":"https:\/\/api.w.org\/{rel}","templated":true}]}}