{"id":1431,"date":"2025-04-24T15:53:48","date_gmt":"2025-04-24T15:53:48","guid":{"rendered":"https:\/\/habibimb.com\/?post_type=product&#038;p=1431"},"modified":"2025-05-15T07:30:51","modified_gmt":"2025-05-15T07:30:51","slug":"esenta-de-parfum-concentrat-oud-lime-unisex-6ml","status":"publish","type":"product","link":"https:\/\/habibimb.com\/en\/product\/esenta-de-parfum-concentrat-oud-lime-unisex-6ml\/","title":{"rendered":"Esenta de Parfum Concentrat Oud Lime , 6"},"content":{"rendered":"<h2>Descoperi\u021bi parfumul atr\u0103g\u0103tor al limei Oud<\/h2>\n<p>V\u0103 prezent\u0103m <strong>Esenta de Parfum Concentrat Oud Lime<\/strong>, un parfum unisex care combin\u0103 bog\u0103\u021bia exotic\u0103 a oudului cu coaja r\u0103coritoare a limei. Aceast\u0103 sticl\u0103 de 6 ml este perfect\u0103 pentru cei care apreciaz\u0103 un parfum sofisticat, care este at\u00e2t revigorant, c\u00e2t \u0219i cald.<\/p>\n<h2>De ce s\u0103 alegi Oud Lime?<\/h2>\n<p>Parfumul nostru concentrat de lime este creat pentru persoanele care caut\u0103 un parfum distinctiv care transcende grani\u021bele tradi\u021bionale de gen. Notele vibrante de lime lumineaz\u0103 esen\u021bele profunde \u0219i p\u0103m\u00e2ntii ale oudului, cre\u00e2nd un amestec armonios care atinge un echilibru perfect \u00eentre prospe\u021bime \u0219i profunzime. Indiferent dac\u0103 participa\u021bi la un eveniment formal sau v\u0103 bucura\u021bi de o zi informal\u0103, Oud Lime se potrive\u0219te oric\u0103rei ocazii.<\/p>\n<h2>Parfum de lung\u0103 durat\u0103<\/h2>\n<p>Una dintre caracteristicile remarcabile ale parfumului nostru concentrat este formula sa de lung\u0103 durat\u0103. Doar c\u00e2teva pic\u0103turi te vor \u00eenv\u0103lui \u00eentr-o arom\u0103 captivant\u0103 care dureaz\u0103 toat\u0103 ziua. Cu Oud Lime, nu aplici doar un parfum; faci o declara\u021bie memorabil\u0103. \u00cen plus, dimensiunea compact\u0103 de 6 ml \u00eel face u\u0219or de transportat \u00een geant\u0103 sau buzunar, permi\u021b\u00e2ndu-v\u0103 s\u0103 v\u0103 re\u00eemprosp\u0103ta\u021bi parfumul oric\u00e2nd dori\u021bi.<\/p>\n<p>Alege Oud Lime \u0219i \u00eembun\u0103t\u0103\u021be\u0219te-\u021bi colec\u021bia de parfumuri cu acest amestec unic care atrage fiecare nas. Experimenteaz\u0103 alura luxoas\u0103 \u0219i pofta r\u0103coritoare pe care doar <strong>Esenta de Parfum Concentrat Oud Lime<\/strong> le poate oferi.<\/p>","protected":false},"excerpt":{"rendered":"<p><strong data-start=\"191\" data-end=\"208\">Note de v\u00e2rf:<\/strong> Oud (lemn de agar), Trandafir de Damasc, \u0218ofran<br data-start=\"256\" data-end=\"259\" \/><strong data-start=\"259\" data-end=\"278\">Note de mijloc:<\/strong> Lemn de santal, Ambr\u0103, Mosc alb<br data-start=\"310\" data-end=\"313\" \/><strong data-start=\"313\" data-end=\"330\" data-is-only-node=\"\">Note de baz\u0103:<\/strong> Patchouli, R\u0103\u0219in\u0103 de t\u0103m\u00e2ie, Piele fin\u0103<\/p>","protected":false},"featured_media":1423,"comment_status":"open","ping_status":"closed","template":"","meta":{"om_disable_all_campaigns":false,"_monsterinsights_skip_tracking":false,"_monsterinsights_sitenote_active":false,"_monsterinsights_sitenote_note":"","_monsterinsights_sitenote_category":0},"product_brand":[],"product_cat":[58],"product_tag":[],"class_list":{"0":"post-1431","1":"product","2":"type-product","3":"status-publish","4":"has-post-thumbnail","6":"product_cat-extracte-si-esente","8":"first","9":"instock","10":"shipping-taxable","11":"purchasable","12":"product-type-simple"},"aioseo_notices":[],"ct_brands":[],"_links":{"self":[{"href":"https:\/\/habibimb.com\/en\/wp-json\/wp\/v2\/product\/1431","targetHints":{"allow":["GET"]}}],"collection":[{"href":"https:\/\/habibimb.com\/en\/wp-json\/wp\/v2\/product"}],"about":[{"href":"https:\/\/habibimb.com\/en\/wp-json\/wp\/v2\/types\/product"}],"replies":[{"embeddable":true,"href":"https:\/\/habibimb.com\/en\/wp-json\/wp\/v2\/comments?post=1431"}],"wp:featuredmedia":[{"embeddable":true,"href":"https:\/\/habibimb.com\/en\/wp-json\/wp\/v2\/media\/1423"}],"wp:attachment":[{"href":"https:\/\/habibimb.com\/en\/wp-json\/wp\/v2\/media?parent=1431"}],"wp:term":[{"taxonomy":"product_brand","embeddable":true,"href":"https:\/\/habibimb.com\/en\/wp-json\/wp\/v2\/product_brand?post=1431"},{"taxonomy":"product_cat","embeddable":true,"href":"https:\/\/habibimb.com\/en\/wp-json\/wp\/v2\/product_cat?post=1431"},{"taxonomy":"product_tag","embeddable":true,"href":"https:\/\/habibimb.com\/en\/wp-json\/wp\/v2\/product_tag?post=1431"}],"curies":[{"name":"wp","href":"https:\/\/api.w.org\/{rel}","templated":true}]}}