{"id":1430,"date":"2025-04-24T15:49:45","date_gmt":"2025-04-24T15:49:45","guid":{"rendered":"https:\/\/habibimb.com\/?post_type=product&#038;p=1430"},"modified":"2025-05-15T07:30:51","modified_gmt":"2025-05-15T07:30:51","slug":"esenta-de-parfum-concentrat-dubai-barbati-6ml","status":"publish","type":"product","link":"https:\/\/habibimb.com\/en\/product\/esenta-de-parfum-concentrat-dubai-barbati-6ml\/","title":{"rendered":"Esenta de Parfum Concentrat , Dubai, 6"},"content":{"rendered":"<h2>Descoperi\u021bi Esen\u021ba De Parfum Concentrat<\/h2>\n<p>Esenta de Parfum Concentrat, Dubai, B\u0103rba\u021bi 6ml, este o alegere perfect\u0103 pentru b\u0103rbatul modern care caut\u0103 s\u0103 se eviden\u021bieze printr-un parfum rafinat. Cu o combina\u021bie echilibrat\u0103 de note vibrante \u0219i profunde, acest parfum eman\u0103 carism\u0103 \u0219i seduc\u021bie, capt\u00e2nd aten\u021bia celor din jur.<\/p>\n<h2>Notele Parfumului<\/h2>\n<p>Acest parfum ofer\u0103 o experien\u021b\u0103 olfactiv\u0103 intens\u0103, \u00eencep\u00e2nd cu note de v\u00e2rf revigorante care includ nuan\u021be citrice ce energizeaz\u0103 sim\u021burile. Pe m\u0103sur\u0103 ce parfumurile evolueaz\u0103, inimile sale dezv\u0103luie un amestec subtil de flori \u0219i condimente, cre\u00e2nd o aur\u0103 misterioas\u0103 \u0219i atr\u0103g\u0103toare. La baza parfumului se afl\u0103 tonuri profunde de lemn \u0219i mosc, care asigur\u0103 o persisten\u021b\u0103 de lung\u0103 durat\u0103, l\u0103s\u00e2nd o amprent\u0103 memorabil\u0103.<\/p>\n<h2>Perfect Pentru Orice Ocazie<\/h2>\n<p>Fie c\u0103 este vorba despre o \u00eent\u00e2lnire de afaceri, o sear\u0103 romantic\u0103 sau un eveniment social, Esenta de Parfum Concentrat, Dubai, B\u0103rba\u021bi, este partenerul ideal. Ambalat\u0103 elegant \u00eentr-un flacon de 6ml, o face u\u0219or de transportat, permi\u021b\u00e2ndu-v\u0103 s\u0103 reaplica\u021bi parfumul ori de c\u00e2te ori dori\u021bi, men\u021bin\u00e2ndu-v\u0103 prospe\u021bimea pe parcursul \u00eentregii zile. Alege\u021bi acest parfum \u0219i transforma\u021bi orice moment \u00eentr-unul memorabil.<\/p>","protected":false},"excerpt":{"rendered":"<p>Note de v\u00e2rf:Oud (lemn de agar) ,Trandafir de Damasc,\u0218ofran<\/p>\n<p data-start=\"375\" data-end=\"400\">Note de mijloc:Lemn de santal,Ambra,Mosc alb<\/p>\n<p data-start=\"444\" data-end=\"467\">Note de baz\u0103:Patchouli,R\u0103\u0219in\u0103 de t\u0103m\u00e2ie,Piele fin\u0103<\/p>","protected":false},"featured_media":1423,"comment_status":"open","ping_status":"closed","template":"","meta":{"om_disable_all_campaigns":false,"_monsterinsights_skip_tracking":false,"_monsterinsights_sitenote_active":false,"_monsterinsights_sitenote_note":"","_monsterinsights_sitenote_category":0},"product_brand":[],"product_cat":[58],"product_tag":[],"class_list":{"0":"post-1430","1":"product","2":"type-product","3":"status-publish","4":"has-post-thumbnail","6":"product_cat-extracte-si-esente","8":"first","9":"instock","10":"shipping-taxable","11":"purchasable","12":"product-type-simple"},"aioseo_notices":[],"ct_brands":[],"_links":{"self":[{"href":"https:\/\/habibimb.com\/en\/wp-json\/wp\/v2\/product\/1430","targetHints":{"allow":["GET"]}}],"collection":[{"href":"https:\/\/habibimb.com\/en\/wp-json\/wp\/v2\/product"}],"about":[{"href":"https:\/\/habibimb.com\/en\/wp-json\/wp\/v2\/types\/product"}],"replies":[{"embeddable":true,"href":"https:\/\/habibimb.com\/en\/wp-json\/wp\/v2\/comments?post=1430"}],"wp:featuredmedia":[{"embeddable":true,"href":"https:\/\/habibimb.com\/en\/wp-json\/wp\/v2\/media\/1423"}],"wp:attachment":[{"href":"https:\/\/habibimb.com\/en\/wp-json\/wp\/v2\/media?parent=1430"}],"wp:term":[{"taxonomy":"product_brand","embeddable":true,"href":"https:\/\/habibimb.com\/en\/wp-json\/wp\/v2\/product_brand?post=1430"},{"taxonomy":"product_cat","embeddable":true,"href":"https:\/\/habibimb.com\/en\/wp-json\/wp\/v2\/product_cat?post=1430"},{"taxonomy":"product_tag","embeddable":true,"href":"https:\/\/habibimb.com\/en\/wp-json\/wp\/v2\/product_tag?post=1430"}],"curies":[{"name":"wp","href":"https:\/\/api.w.org\/{rel}","templated":true}]}}