{"id":1426,"date":"2025-04-24T15:38:17","date_gmt":"2025-04-24T15:38:17","guid":{"rendered":"https:\/\/habibimb.com\/?post_type=product&#038;p=1426"},"modified":"2025-05-15T07:30:51","modified_gmt":"2025-05-15T07:30:51","slug":"esenta-de-ulei-concentrat-cocos-si-mosc-femei-6ml","status":"publish","type":"product","link":"https:\/\/habibimb.com\/en\/product\/esenta-de-ulei-concentrat-cocos-si-mosc-femei-6ml\/","title":{"rendered":"Esenta de Ulei Concentrat Cocos \u0219i Mosc,\u00a06"},"content":{"rendered":"<h2>Revitalizeaz\u0103-\u021bi sim\u021burile cu esen\u021b\u0103 de nuc\u0103 de cocos \u0219i mosc<\/h2>\n<p>Descoper\u0103 amestecul \u00eenc\u00e2nt\u0103tor de Esenta de Ulei Concentrat Cocos \u0219i Mosc, special creat pentru femeile care apreciaz\u0103 lucrurile fine din via\u021b\u0103. Acest ulei concentrat rafinat ofer\u0103 o arom\u0103 unic\u0103 care nu numai c\u0103 v\u0103 revitalizeaz\u0103 sim\u021burile, dar v\u0103 \u00eembun\u0103t\u0103\u021be\u0219te \u0219i starea de spirit. Perfect\u0103 pentru utilizarea zilnic\u0103 sau pentru ocazii speciale, aceast\u0103 esen\u021b\u0103 va deveni rapid un element de baz\u0103 \u00een colec\u021bia ta de parfumuri.<\/p>\n<h2>Calitate de neegalat pentru o experien\u021b\u0103 de lux<\/h2>\n<p>Esen\u021ba noastr\u0103 concentrat\u0103 de nuc\u0103 de cocos \u0219i mosc este formulat\u0103 cu ingrediente de cea mai \u00eenalt\u0103 calitate, asigur\u00e2nd un parfum de lung\u0103 durat\u0103 care persist\u0103 frumos pe pielea ta. Amestecul luxos de dulcea\u021b\u0103 cremoas\u0103 a nucii de cocos \u0219i alura cald\u0103 a moscului creeaz\u0103 un parfum armonios care se poate adapta oric\u0103rui decor, f\u0103c\u00e2ndu-l potrivit at\u00e2t pentru purtarea zilei, c\u00e2t \u0219i pentru evenimentele de sear\u0103.<\/p>\n<h2>Posibilit\u0103\u021bi versatile de aplicare<\/h2>\n<p>Integreaz\u0103 cu u\u0219urin\u021b\u0103 Esenta de Ulei Concentrat Cocos \u0219i Mosc \u00een rutina ta zilnic\u0103. Natura sa versatil\u0103 v\u0103 permite s\u0103-l utiliza\u021bi ca parfum personal, un plus r\u0103coritor la rutina de \u00eengrijire a p\u0103rului sau chiar ca un \u00eembun\u0103t\u0103\u021bitor al st\u0103rii de spirit \u00een spa\u021biul de locuit atunci c\u00e2nd este difuzat. Doar c\u00e2teva pic\u0103turi v\u0103 pot transforma mediul, \u00eembun\u0103t\u0103\u021bindu-v\u0103 bun\u0103starea general\u0103.<\/p>\n<p>\u00cen concluzie, l\u0103sa\u021bi parfumul captivant al Esenta de Ulei Concentrat Cocos \u0219i Mosc s\u0103 v\u0103 transporte \u00eentr-un paradis tropical, evoc\u00e2nd sentimente de relaxare \u0219i fericire. Cu atractivitatea sa luxoas\u0103 \u0219i utiliz\u0103rile cu mai multe fa\u021bete, aceast\u0103 esen\u021b\u0103 de 6 ml va impresiona \u0219i va satisface cu siguran\u021b\u0103. \u00cencerca\u021bi-l ast\u0103zi \u0219i delecta\u021bi-v\u0103 cu parfumul s\u0103u \u00eenc\u00e2nt\u0103tor! E<\/p>","protected":false},"excerpt":{"rendered":"<p>Note de varf:frcute tropicale<\/p>\n<p>Note de mijloc: nuca de cocos<\/p>\n<p>Note de\u00a0 baza:nuca de cocos,mosc,boabe de tonka<\/p>","protected":false},"featured_media":1423,"comment_status":"open","ping_status":"closed","template":"","meta":{"om_disable_all_campaigns":false,"_monsterinsights_skip_tracking":false,"_monsterinsights_sitenote_active":false,"_monsterinsights_sitenote_note":"","_monsterinsights_sitenote_category":0},"product_brand":[],"product_cat":[58],"product_tag":[],"class_list":{"0":"post-1426","1":"product","2":"type-product","3":"status-publish","4":"has-post-thumbnail","6":"product_cat-extracte-si-esente","8":"first","9":"instock","10":"shipping-taxable","11":"purchasable","12":"product-type-simple"},"aioseo_notices":[],"ct_brands":[],"_links":{"self":[{"href":"https:\/\/habibimb.com\/en\/wp-json\/wp\/v2\/product\/1426","targetHints":{"allow":["GET"]}}],"collection":[{"href":"https:\/\/habibimb.com\/en\/wp-json\/wp\/v2\/product"}],"about":[{"href":"https:\/\/habibimb.com\/en\/wp-json\/wp\/v2\/types\/product"}],"replies":[{"embeddable":true,"href":"https:\/\/habibimb.com\/en\/wp-json\/wp\/v2\/comments?post=1426"}],"wp:featuredmedia":[{"embeddable":true,"href":"https:\/\/habibimb.com\/en\/wp-json\/wp\/v2\/media\/1423"}],"wp:attachment":[{"href":"https:\/\/habibimb.com\/en\/wp-json\/wp\/v2\/media?parent=1426"}],"wp:term":[{"taxonomy":"product_brand","embeddable":true,"href":"https:\/\/habibimb.com\/en\/wp-json\/wp\/v2\/product_brand?post=1426"},{"taxonomy":"product_cat","embeddable":true,"href":"https:\/\/habibimb.com\/en\/wp-json\/wp\/v2\/product_cat?post=1426"},{"taxonomy":"product_tag","embeddable":true,"href":"https:\/\/habibimb.com\/en\/wp-json\/wp\/v2\/product_tag?post=1426"}],"curies":[{"name":"wp","href":"https:\/\/api.w.org\/{rel}","templated":true}]}}