{"id":1425,"date":"2025-04-24T15:35:38","date_gmt":"2025-04-24T15:35:38","guid":{"rendered":"https:\/\/habibimb.com\/?post_type=product&#038;p=1425"},"modified":"2025-05-15T07:30:51","modified_gmt":"2025-05-15T07:30:51","slug":"esenta-de-parfum-concentrat-oriental-unisex-6ml","status":"publish","type":"product","link":"https:\/\/habibimb.com\/en\/product\/esenta-de-parfum-concentrat-oriental-unisex-6ml\/","title":{"rendered":"Esenta de Parfum Concentrat, Oriental, \u00a06"},"content":{"rendered":"<h2>Experimenta\u021bi farmecul parfumului oriental<\/h2>\n<p>R\u0103sf\u0103\u021ba\u021bi-v\u0103 cu notele exotice ale concentratului nostru Esenta de Parfum, un parfum unisex luxos care transcende grani\u021bele tradi\u021bionale. Cu un pre\u021b de doar 69 de lei, acest parfum captivant este conceput pentru a evoca un sentiment de mister \u0219i elegan\u021b\u0103, f\u0103c\u00e2ndu-l un plus indispensabil pentru colec\u021bia ta de parfumuri.<\/p>\n<h2>Un amestec unic de senza\u021bii<\/h2>\n<p>Acest concentrat este realizat cu aten\u021bie cu un amestec de note bogate \u0219i calde care se g\u0103sesc de obicei \u00een parfumurile orientale. Cu formula sa unic\u0103, Esenta de Parfum ofer\u0103 un parfum de lung\u0103 durat\u0103 care captiveaz\u0103 at\u00e2t b\u0103rba\u021bii, c\u00e2t \u0219i femeile. Experien\u021ba aromatic\u0103 \u00eencepe cu note de v\u00e2rf picante care trezesc sim\u021burile, urmate de o inim\u0103 de nuan\u021be profunde, florale \u0219i o baz\u0103 solid\u0103 de note lemnoase \u0219i chihlimbar. Aceast\u0103 compozi\u021bie complicat\u0103 asigur\u0103 o c\u0103l\u0103torie parfumat\u0103 care persist\u0103 pe tot parcursul zilei.<\/p>\n<h2>Perfect pentru orice ocazie<\/h2>\n<p>Fie c\u0103 v\u0103 \u00eembr\u0103ca\u021bi pentru o zi casual sau pentru un eveniment formal de sear\u0103, Esenta de Parfum Concentrat, Oriental, Unisex se adapteaz\u0103 cu gra\u021bie oric\u0103rui decor. Versatilitatea sa v\u0103 permite s\u0103 v\u0103 exprima\u021bi personalitatea \u0219i farmecul oriunde a\u021bi merge. Ambalajul s\u0103u compact \u00eel face u\u0219or de transportat, asigur\u00e2ndu-v\u0103 c\u0103 v\u0103 pute\u021bi re\u00eemprosp\u0103ta parfumul oric\u00e2nd \u0219i oriunde. \u00cen ciuda pre\u021bului s\u0103u accesibil, calitatea \u0219i rafinamentul acestui parfum rivalizeaz\u0103 cu cele ale parfumurilor de ultim\u0103 genera\u021bie.<\/p>","protected":false},"excerpt":{"rendered":"<p>Note de varf:bargamota, oregano, piper, tamaie, fum<\/p>\n<p>Note de mijloc: ambra, piele, elemi, iasomie, trandafir<\/p>\n<p>Note de\u00a0 baza :paciuli, lemn de santal, vetiver,cedru,mosc,vanilie<\/p>","protected":false},"featured_media":1423,"comment_status":"open","ping_status":"closed","template":"","meta":{"om_disable_all_campaigns":false,"_monsterinsights_skip_tracking":false,"_monsterinsights_sitenote_active":false,"_monsterinsights_sitenote_note":"","_monsterinsights_sitenote_category":0},"product_brand":[],"product_cat":[58],"product_tag":[],"class_list":{"0":"post-1425","1":"product","2":"type-product","3":"status-publish","4":"has-post-thumbnail","6":"product_cat-extracte-si-esente","8":"first","9":"instock","10":"shipping-taxable","11":"purchasable","12":"product-type-simple"},"aioseo_notices":[],"ct_brands":[],"_links":{"self":[{"href":"https:\/\/habibimb.com\/en\/wp-json\/wp\/v2\/product\/1425","targetHints":{"allow":["GET"]}}],"collection":[{"href":"https:\/\/habibimb.com\/en\/wp-json\/wp\/v2\/product"}],"about":[{"href":"https:\/\/habibimb.com\/en\/wp-json\/wp\/v2\/types\/product"}],"replies":[{"embeddable":true,"href":"https:\/\/habibimb.com\/en\/wp-json\/wp\/v2\/comments?post=1425"}],"wp:featuredmedia":[{"embeddable":true,"href":"https:\/\/habibimb.com\/en\/wp-json\/wp\/v2\/media\/1423"}],"wp:attachment":[{"href":"https:\/\/habibimb.com\/en\/wp-json\/wp\/v2\/media?parent=1425"}],"wp:term":[{"taxonomy":"product_brand","embeddable":true,"href":"https:\/\/habibimb.com\/en\/wp-json\/wp\/v2\/product_brand?post=1425"},{"taxonomy":"product_cat","embeddable":true,"href":"https:\/\/habibimb.com\/en\/wp-json\/wp\/v2\/product_cat?post=1425"},{"taxonomy":"product_tag","embeddable":true,"href":"https:\/\/habibimb.com\/en\/wp-json\/wp\/v2\/product_tag?post=1425"}],"curies":[{"name":"wp","href":"https:\/\/api.w.org\/{rel}","templated":true}]}}