{"id":1422,"date":"2025-04-24T15:31:05","date_gmt":"2025-04-24T15:31:05","guid":{"rendered":"https:\/\/habibimb.com\/?post_type=product&#038;p=1422"},"modified":"2025-05-15T07:30:51","modified_gmt":"2025-05-15T07:30:51","slug":"esenta-de-parfum-concentrat-fougere-fondimentat-unisex-6ml","status":"publish","type":"product","link":"https:\/\/habibimb.com\/en\/product\/esenta-de-parfum-concentrat-fougere-fondimentat-unisex-6ml\/","title":{"rendered":"Esenta de Parfum Condimentat, Fougere Fondimentat, 6"},"content":{"rendered":"<h2>Descoperi\u021bi farmecul Fougere Fondimentat<\/h2>\n<p>V\u0103 prezent\u0103m <strong>Esenta de Parfum Condimentaat<\/strong>, un parfum unisex captivant care \u00eencapsuleaz\u0103 esen\u021ba rafinamentului \u0219i a individualit\u0103\u021bii. Cu o compozi\u021bie unic\u0103 Fougere Fondimentat, acest parfum concentrat ofer\u0103 un parfum de neuitat care evolueaz\u0103 gra\u021bios pe piele, f\u0103c\u00e2ndu-l alegerea perfect\u0103 pentru orice ocazie.<\/p>\n<h2>De ce s\u0103 alege\u021bi parfumul nostru unisex?<\/h2>\n<p>Creat at\u00e2t pentru b\u0103rba\u021bi, c\u00e2t \u0219i pentru femei, <strong>Esenta de Parfum Condimentat<\/strong> este o \u00eentruchipare a luxului versatil. Notele sale atent echilibrate creeaz\u0103 un amestec armonios care se potrive\u0219te fiec\u0103rei personalit\u0103\u021bi, indiferent dac\u0103 v\u0103 \u00eembr\u0103ca\u021bi pentru o zi casual sau pentru o sear\u0103 elegant\u0103. Acest parfum v\u0103 asigur\u0103 nu numai c\u0103 mirosi\u021bi minunat, ci \u0219i eman\u0103 \u00eencredere \u0219i farmec.<\/p>\n<h2>Esen\u021b\u0103 de lung\u0103 durat\u0103 pentru fiecare moment<\/h2>\n<p>Flaconul de <strong>6 ml<\/strong> de Esenta de Parfum Condimentat este conceput pentru cei care apreciaz\u0103 arta parfumeriei. Formula sa concentrat\u0103 \u00eenseamn\u0103 c\u0103 ave\u021bi nevoie de doar c\u00e2teva pic\u0103turi pentru a v\u0103 bucura de un parfum de durat\u0103 pe tot parcursul zilei. Portabil \u0219i u\u0219or de transportat, acest parfum v\u0103 permite s\u0103 v\u0103 re\u00eemprosp\u0103ta\u021bi aura oric\u00e2nd \u0219i oriunde.<\/p>\n<p>Experimenta\u021bi profunzimea profilului de parfum Fougere Fondimentat, un amestec sofisticat de note p\u0103m\u00e2ntii \u0219i nuan\u021be elegante care v\u0103 vor \u00eenv\u0103lui \u00eentr-o \u00eembr\u0103\u021bi\u0219are cald\u0103. Ideal\u0103 pentru a fi stratificat\u0103 sau purtat\u0103 singur\u0103, aceast\u0103 esen\u021b\u0103 unisex se adapteaz\u0103 frumos la chimia ta unic\u0103, asigur\u00e2nd o experien\u021b\u0103 personalizat\u0103 a parfumului.<\/p>","protected":false},"excerpt":{"rendered":"<p>Note de varf: bergamota, acorduri de apa, grapefruit, frunze de smochin.<\/p>\n<p>Note de mijloc: piper negru, patchouli, frunze de violeta, papyrus.<\/p>\n<p>Note de baza: tamaie, mosc, boabe de tonka, sofran.<\/p>","protected":false},"featured_media":1423,"comment_status":"open","ping_status":"closed","template":"","meta":{"om_disable_all_campaigns":false,"_monsterinsights_skip_tracking":false,"_monsterinsights_sitenote_active":false,"_monsterinsights_sitenote_note":"","_monsterinsights_sitenote_category":0},"product_brand":[68],"product_cat":[58],"product_tag":[],"class_list":{"0":"post-1422","1":"product","2":"type-product","3":"status-publish","4":"has-post-thumbnail","6":"product_brand-fougere-fondimentat","7":"product_cat-extracte-si-esente","9":"first","10":"instock","11":"shipping-taxable","12":"purchasable","13":"product-type-simple"},"aioseo_notices":[],"ct_brands":[{"id":68,"name":"Fougere Fondimentat","slug":"fougere-fondimentat"}],"_links":{"self":[{"href":"https:\/\/habibimb.com\/en\/wp-json\/wp\/v2\/product\/1422","targetHints":{"allow":["GET"]}}],"collection":[{"href":"https:\/\/habibimb.com\/en\/wp-json\/wp\/v2\/product"}],"about":[{"href":"https:\/\/habibimb.com\/en\/wp-json\/wp\/v2\/types\/product"}],"replies":[{"embeddable":true,"href":"https:\/\/habibimb.com\/en\/wp-json\/wp\/v2\/comments?post=1422"}],"wp:featuredmedia":[{"embeddable":true,"href":"https:\/\/habibimb.com\/en\/wp-json\/wp\/v2\/media\/1423"}],"wp:attachment":[{"href":"https:\/\/habibimb.com\/en\/wp-json\/wp\/v2\/media?parent=1422"}],"wp:term":[{"taxonomy":"product_brand","embeddable":true,"href":"https:\/\/habibimb.com\/en\/wp-json\/wp\/v2\/product_brand?post=1422"},{"taxonomy":"product_cat","embeddable":true,"href":"https:\/\/habibimb.com\/en\/wp-json\/wp\/v2\/product_cat?post=1422"},{"taxonomy":"product_tag","embeddable":true,"href":"https:\/\/habibimb.com\/en\/wp-json\/wp\/v2\/product_tag?post=1422"}],"curies":[{"name":"wp","href":"https:\/\/api.w.org\/{rel}","templated":true}]}}