{"id":1419,"date":"2025-04-24T15:20:27","date_gmt":"2025-04-24T15:20:27","guid":{"rendered":"https:\/\/habibimb.com\/?post_type=product&#038;p=1419"},"modified":"2025-05-15T07:30:51","modified_gmt":"2025-05-15T07:30:51","slug":"apa-de-parfume-extreme-orchid-louis-varel-unisex-100ml","status":"publish","type":"product","link":"https:\/\/habibimb.com\/en\/product\/apa-de-parfume-extreme-orchid-louis-varel-unisex-100ml\/","title":{"rendered":"e Extreme Orchid ,Louis Varel"},"content":{"rendered":"<h2>Dezl\u0103n\u021buie-\u021bi sim\u021burile cu Extreme Orchid<\/h2>\n<p>Experimenta\u021bi o c\u0103l\u0103torie captivant\u0103 cu <strong>Apa de Parfume Extreme Orchid<\/strong> de Louis Varel. Acest parfum unisex este conceput pentru individul modern care caut\u0103 s\u0103-\u0219i exprime unicitatea prin parfum. Cu un amestec perfect de note florale \u0219i lemnoase, acest parfum surprinde esen\u021ba at\u00e2t a elegan\u021bei, c\u00e2t \u0219i a puterii, f\u0103c\u00e2ndu-l o alegere ideal\u0103 pentru orice ocazie.<\/p>\n<h2>Compozi\u021bie rafinat\u0103 a parfumului<\/h2>\n<p>Profilul aromatic al Extreme Orchid se deschide cu note de v\u00e2rf proaspete care stimuleaz\u0103 sim\u021burile, urmate de o inim\u0103 de orhidee luxuriante care ancoreaz\u0103 alura parfumului. Notele de baz\u0103 atent echilibrate ofer\u0103 profunzime \u0219i c\u0103ldur\u0103, asigur\u00e2nd o impresie de lung\u0103 durat\u0103 care te \u00eenv\u0103luie pe tot parcursul zilei. Indiferent dac\u0103 te \u00eendrep\u021bi spre un eveniment formal sau te bucuri de o ie\u0219ire casual, acest parfum se adapteaz\u0103 perfect, f\u0103c\u00e2ndu-l un plus versatil pentru colec\u021bia ta.<\/p>\n<h2>Valoare dincolo de mirosurile obi\u0219nuite<\/h2>\n<p>Ceea ce diferen\u021biaz\u0103 <strong>Apa de Parfume Extreme Orchid<\/strong> este amestecul s\u0103u unic care atrage at\u00e2t b\u0103rba\u021bii, c\u00e2t \u0219i femeile. Sticla de 100 ml nu numai c\u0103 con\u021bine un parfum de \u00eenalt\u0103 calitate, dar serve\u0219te \u0219i ca o pies\u0103 decorativ\u0103 uimitoare pentru toaleta ta. Designul s\u0103u elegant \u0219i parfumul rafinat \u00eel fac un cadou excep\u021bional pentru cei dragi. \u00cembr\u0103\u021bi\u0219eaz\u0103 extraordinarul cu acest parfum \u00eenc\u00e2nt\u0103tor \u0219i redefine\u0219te-\u021bi garderoba de parfumuri.<\/p>\n<p>\u00cembr\u0103\u021bi\u0219eaz\u0103-\u021bi individualitatea \u0219i las\u0103 <strong>Apa de Parfume Extreme Orchid<\/strong> de Louis Varel s\u0103 devin\u0103 semn\u0103tura ta olfactiv\u0103. Este timpul s\u0103-\u021bi \u00eembun\u0103t\u0103\u021be\u0219ti experien\u021ba de zi cu zi cu un parfum la fel de unic ca tine.<\/p>","protected":false},"excerpt":{"rendered":"<p>Note de v\u00e2rf: \u0219ofran, mandarin\u0103, piersic\u0103, orhidee<\/p>\n<p>Note de mijloc: trandafir, caramel, violet\u0103, patchouli, orhidee ro\u0219ie<\/p>\n<p>Note de baz\u0103: mosc, mu\u0219chi, ambr\u0103, orhidee ro\u0219ie<\/p>","protected":false},"featured_media":1421,"comment_status":"open","ping_status":"closed","template":"","meta":{"om_disable_all_campaigns":false,"_monsterinsights_skip_tracking":false,"_monsterinsights_sitenote_active":false,"_monsterinsights_sitenote_note":"","_monsterinsights_sitenote_category":0},"product_brand":[67],"product_cat":[66],"product_tag":[],"class_list":{"0":"post-1419","1":"product","2":"type-product","3":"status-publish","4":"has-post-thumbnail","6":"product_brand-louis-varel","7":"product_cat-parfumuri-frantuzesti-2","9":"first","10":"instock","11":"shipping-taxable","12":"purchasable","13":"product-type-simple"},"aioseo_notices":[],"ct_brands":[{"id":67,"name":"Louis Varel","slug":"louis-varel"}],"_links":{"self":[{"href":"https:\/\/habibimb.com\/en\/wp-json\/wp\/v2\/product\/1419","targetHints":{"allow":["GET"]}}],"collection":[{"href":"https:\/\/habibimb.com\/en\/wp-json\/wp\/v2\/product"}],"about":[{"href":"https:\/\/habibimb.com\/en\/wp-json\/wp\/v2\/types\/product"}],"replies":[{"embeddable":true,"href":"https:\/\/habibimb.com\/en\/wp-json\/wp\/v2\/comments?post=1419"}],"wp:featuredmedia":[{"embeddable":true,"href":"https:\/\/habibimb.com\/en\/wp-json\/wp\/v2\/media\/1421"}],"wp:attachment":[{"href":"https:\/\/habibimb.com\/en\/wp-json\/wp\/v2\/media?parent=1419"}],"wp:term":[{"taxonomy":"product_brand","embeddable":true,"href":"https:\/\/habibimb.com\/en\/wp-json\/wp\/v2\/product_brand?post=1419"},{"taxonomy":"product_cat","embeddable":true,"href":"https:\/\/habibimb.com\/en\/wp-json\/wp\/v2\/product_cat?post=1419"},{"taxonomy":"product_tag","embeddable":true,"href":"https:\/\/habibimb.com\/en\/wp-json\/wp\/v2\/product_tag?post=1419"}],"curies":[{"name":"wp","href":"https:\/\/api.w.org\/{rel}","templated":true}]}}