{"id":1416,"date":"2025-04-24T15:18:52","date_gmt":"2025-04-24T15:18:52","guid":{"rendered":"https:\/\/habibimb.com\/?post_type=product&#038;p=1416"},"modified":"2025-09-19T11:52:41","modified_gmt":"2025-09-19T11:52:41","slug":"apa-de-parfume-extreme-oriental-louis-varel-unisex-100ml","status":"publish","type":"product","link":"https:\/\/habibimb.com\/en\/product\/apa-de-parfume-extreme-oriental-louis-varel-unisex-100ml\/","title":{"rendered":"e Extreme Oriental ,Louis Varel"},"content":{"rendered":"<h2>Descoper\u0103 esen\u021ba elegan\u021bei<\/h2>\n<p>P\u0103\u0219e\u0219te \u00eentr-o lume rafinat\u0103 cu Apa de Parfume Extreme Oriental de Louis Varel. Acest parfum unisex \u00eenc\u00e2nt\u0103tor este conceput pentru cei care apreciaz\u0103 lucrurile fine din via\u021b\u0103 \u0219i nu se tem s\u0103 ias\u0103 \u00een eviden\u021b\u0103 din mul\u021bime. Fie c\u0103 te \u00eembraci pentru o ocazie special\u0103 sau pur \u0219i simplu vrei s\u0103 adaugi o not\u0103 de lux rutinei tale zilnice, acest parfum este \u00eenso\u021bitorul perfect.<\/p>\n<h2>O arom\u0103 captivant\u0103<\/h2>\n<p>Experimenta\u021bi un amestec unic de note captivante care creeaz\u0103 o c\u0103l\u0103torie olfactiv\u0103 de neuitat. Notele de v\u00e2rf se deschid cu o explozie de citrice r\u0103coritoare, care trec gra\u021bios \u00eentr-o inim\u0103 de condimente bogate \u0219i nuan\u021be florale. \u00cen cele din urm\u0103, notele de baz\u0103 ofer\u0103 o \u00eembr\u0103\u021bi\u0219are cald\u0103 de ambr\u0103 \u0219i lemn, l\u0103s\u00e2nd o arom\u0103 atr\u0103g\u0103toare care persist\u0103 pe tot parcursul zilei. Apa de Parfume Extreme Oriental nu este doar un parfum; este o declara\u021bie.<\/p>\n<h2>Perfect pentru orice ocazie<\/h2>\n<p>Cu profilul s\u0103u olfactiv versatil, Apa de Parfume Extreme Oriental este potrivit\u0103 pentru orice ocazie. Poart\u0103-l la un eveniment elegant de sear\u0103, la o zi casual sau chiar \u00een confortul casei tale. Formula sa unisex \u00eenseamn\u0103 c\u0103 poate fi savurat de oricine, f\u0103c\u00e2ndu-l un cadou perfect pentru prieteni, familie sau chiar pentru tine. Cu 100 ml, sticla frumos proiectat\u0103 nu este doar un parfum, ci o pies\u0103 artistic\u0103 care v\u0103 completeaz\u0103 chiuveta sau masa de toalet\u0103.<\/p>\n<p>R\u0103sf\u0103\u021ba\u021bi-v\u0103 cu experien\u021ba de lux a Apa de Parfume Extreme Oriental \u0219i l\u0103sa\u021bi-v\u0103 spiritul s\u0103 str\u0103luceasc\u0103 prin aceast\u0103 comoar\u0103 aromat\u0103. Ridica\u021bi-v\u0103 colec\u021bia de parfumuri \u0219i lua\u021bi acas\u0103 esen\u021ba elegan\u021bei ast\u0103zi!<\/p>","protected":false},"excerpt":{"rendered":"<p>Note de v\u00e2rf: l\u0103m\u00e2ie, bergamot\u0103, portocal\u0103, note ciprate<\/p>\n<p>Note de mijloc: cardamom, balsam gurjum, cestum, neroli, patchouli, rozmarin<\/p>\n<p>Note de baz\u0103: ambr\u0103, civet, vanilie<\/p>","protected":false},"featured_media":1418,"comment_status":"open","ping_status":"closed","template":"","meta":{"om_disable_all_campaigns":false,"_monsterinsights_skip_tracking":false,"_monsterinsights_sitenote_active":false,"_monsterinsights_sitenote_note":"","_monsterinsights_sitenote_category":0},"product_brand":[67],"product_cat":[57],"product_tag":[],"class_list":{"0":"post-1416","1":"product","2":"type-product","3":"status-publish","4":"has-post-thumbnail","6":"product_brand-louis-varel","7":"product_cat-unisex","9":"first","10":"instock","11":"shipping-taxable","12":"purchasable","13":"product-type-simple"},"aioseo_notices":[],"ct_brands":[{"id":67,"name":"Louis Varel","slug":"louis-varel"}],"_links":{"self":[{"href":"https:\/\/habibimb.com\/en\/wp-json\/wp\/v2\/product\/1416","targetHints":{"allow":["GET"]}}],"collection":[{"href":"https:\/\/habibimb.com\/en\/wp-json\/wp\/v2\/product"}],"about":[{"href":"https:\/\/habibimb.com\/en\/wp-json\/wp\/v2\/types\/product"}],"replies":[{"embeddable":true,"href":"https:\/\/habibimb.com\/en\/wp-json\/wp\/v2\/comments?post=1416"}],"wp:featuredmedia":[{"embeddable":true,"href":"https:\/\/habibimb.com\/en\/wp-json\/wp\/v2\/media\/1418"}],"wp:attachment":[{"href":"https:\/\/habibimb.com\/en\/wp-json\/wp\/v2\/media?parent=1416"}],"wp:term":[{"taxonomy":"product_brand","embeddable":true,"href":"https:\/\/habibimb.com\/en\/wp-json\/wp\/v2\/product_brand?post=1416"},{"taxonomy":"product_cat","embeddable":true,"href":"https:\/\/habibimb.com\/en\/wp-json\/wp\/v2\/product_cat?post=1416"},{"taxonomy":"product_tag","embeddable":true,"href":"https:\/\/habibimb.com\/en\/wp-json\/wp\/v2\/product_tag?post=1416"}],"curies":[{"name":"wp","href":"https:\/\/api.w.org\/{rel}","templated":true}]}}