{"id":1413,"date":"2025-04-24T15:16:43","date_gmt":"2025-04-24T15:16:43","guid":{"rendered":"https:\/\/habibimb.com\/?post_type=product&#038;p=1413"},"modified":"2025-05-15T07:30:51","modified_gmt":"2025-05-15T07:30:51","slug":"apa-de-parfume-extreme-woodlouis-varel-unisex-100ml","status":"publish","type":"product","link":"https:\/\/habibimb.com\/en\/product\/apa-de-parfume-extreme-woodlouis-varel-unisex-100ml\/","title":{"rendered":"e Extreme Wood,Louis Varel"},"content":{"rendered":"<h2>Descoperi\u021bi o nou\u0103 dimensiune a parfumului<\/h2>\n<p>Apa de Parfume Extreme Wood de Louis Varel este un parfum unisex captivant care aduce un amestec extraordinar de note aromatice bogate \u00een rutina ta zilnic\u0103. Acest parfum este conceput pentru cei care apreciaz\u0103 rafinamentul \u0219i elegan\u021ba \u00eentr-o sticl\u0103. Indiferent dac\u0103 v\u0103 \u00eendrepta\u021bi spre un eveniment formal sau o ie\u0219ire casual, acest parfum promite s\u0103 v\u0103 completeze personalitatea unic\u0103 \u0219i s\u0103 v\u0103 sporeasc\u0103 prezen\u021ba.<\/p>\n<h2>Creat pentru individul cu discern\u0103m\u00e2nt<\/h2>\n<p>Extreme Wood nu este doar un parfum; este o experien\u021b\u0103. Notele de deschidere prezint\u0103 un amestec captivant de lemn exotic \u0219i citrice r\u0103coritoare, urmat de o inim\u0103 \u00eembog\u0103\u021bit\u0103 cu nuan\u021be florale \u0219i picante. Aceast\u0103 complexitate stratificat\u0103 evolueaz\u0103 frumos, f\u0103c\u00e2ndu-l potrivit at\u00e2t pentru zi, c\u00e2t \u0219i pentru noapte. Pe m\u0103sur\u0103 ce parfumul se a\u0219eaz\u0103, dezv\u0103luie o baz\u0103 de musc profund \u0219i chihlimbar cald, l\u0103s\u00e2nd o impresie de durat\u0103 asupra celor din jurul t\u0103u.<\/p>\n<h2>Ingrediente de calitate pentru o impresie de lung\u0103 durat\u0103<\/h2>\n<p>Louis Varel este cunoscut pentru angajamentul s\u0103u fa\u021b\u0103 de calitate, iar Apa de Parfume Extreme Wood nu face excep\u021bie. Ambalat \u00eentr-o sticl\u0103 elegant\u0103 de 100 ml, acest parfum este formulat pentru a asigura longevitate \u0219i proiec\u021bie robust\u0103 a mirosului. Combina\u021bia de esen\u021be de \u00eenalt\u0103 calitate \u00eenseamn\u0103 c\u0103 po\u021bi fi sigur c\u0103 parfumul t\u0103u va rezista toat\u0103 ziua, f\u0103c\u00e2ndu-l o alegere ideal\u0103 pentru stilurile de via\u021b\u0103 ocupate.<\/p>\n<p>\u00cembr\u0103\u021bi\u0219eaz\u0103 esen\u021ba luxului cu Apa de Parfume Extreme Wood. Perfect pentru orice ocazie, este un cadou atent pentru prieteni \u0219i cei dragi sau un r\u0103sf\u0103\u021b personal pentru tine. \u00cembun\u0103t\u0103\u021be\u0219te-\u021bi colec\u021bia de parfumuri cu acest parfum remarcabil care va deveni cu siguran\u021b\u0103 un favorit.<\/p>","protected":false},"excerpt":{"rendered":"<p>Note de varf: fructe roz, morcov, pelin<br \/>\nNote de mijloc: tamaie, iris, lemn alb, cipriol, condimente, Amyris<br \/>\nNote de baza: ambra, mosc, vanilie<\/p>","protected":false},"featured_media":1414,"comment_status":"open","ping_status":"closed","template":"","meta":{"om_disable_all_campaigns":false,"_monsterinsights_skip_tracking":false,"_monsterinsights_sitenote_active":false,"_monsterinsights_sitenote_note":"","_monsterinsights_sitenote_category":0},"product_brand":[67],"product_cat":[66],"product_tag":[],"class_list":{"0":"post-1413","1":"product","2":"type-product","3":"status-publish","4":"has-post-thumbnail","6":"product_brand-louis-varel","7":"product_cat-parfumuri-frantuzesti-2","9":"first","10":"instock","11":"shipping-taxable","12":"purchasable","13":"product-type-simple"},"aioseo_notices":[],"ct_brands":[{"id":67,"name":"Louis Varel","slug":"louis-varel"}],"_links":{"self":[{"href":"https:\/\/habibimb.com\/en\/wp-json\/wp\/v2\/product\/1413","targetHints":{"allow":["GET"]}}],"collection":[{"href":"https:\/\/habibimb.com\/en\/wp-json\/wp\/v2\/product"}],"about":[{"href":"https:\/\/habibimb.com\/en\/wp-json\/wp\/v2\/types\/product"}],"replies":[{"embeddable":true,"href":"https:\/\/habibimb.com\/en\/wp-json\/wp\/v2\/comments?post=1413"}],"wp:featuredmedia":[{"embeddable":true,"href":"https:\/\/habibimb.com\/en\/wp-json\/wp\/v2\/media\/1414"}],"wp:attachment":[{"href":"https:\/\/habibimb.com\/en\/wp-json\/wp\/v2\/media?parent=1413"}],"wp:term":[{"taxonomy":"product_brand","embeddable":true,"href":"https:\/\/habibimb.com\/en\/wp-json\/wp\/v2\/product_brand?post=1413"},{"taxonomy":"product_cat","embeddable":true,"href":"https:\/\/habibimb.com\/en\/wp-json\/wp\/v2\/product_cat?post=1413"},{"taxonomy":"product_tag","embeddable":true,"href":"https:\/\/habibimb.com\/en\/wp-json\/wp\/v2\/product_tag?post=1413"}],"curies":[{"name":"wp","href":"https:\/\/api.w.org\/{rel}","templated":true}]}}