{"id":1410,"date":"2025-04-24T15:12:45","date_gmt":"2025-04-24T15:12:45","guid":{"rendered":"https:\/\/habibimb.com\/?post_type=product&#038;p=1410"},"modified":"2025-12-17T12:39:58","modified_gmt":"2025-12-17T12:39:58","slug":"apa-de-parfume-extreme-pachouli-louis-varel-unisex-100ml","status":"publish","type":"product","link":"https:\/\/habibimb.com\/en\/product\/apa-de-parfume-extreme-pachouli-louis-varel-unisex-100ml\/","title":{"rendered":"e Extreme Pachouli ,Louis Varel"},"content":{"rendered":"<p class=\"\" data-start=\"91\" data-end=\"155\"><strong data-start=\"91\" data-end=\"155\">Extreme Patchouli \u2013 Louis Varel \u2013 Ap\u0103 de Parfum Unisex 100ml<\/strong><\/p>\n<p class=\"\" data-start=\"157\" data-end=\"538\">Un parfum intens, rafinat \u0219i misterios.<br data-start=\"196\" data-end=\"199\" \/><strong data-start=\"199\" data-end=\"220\">Extreme Patchouli<\/strong> de la <strong data-start=\"227\" data-end=\"242\">Louis Varel<\/strong> este o esen\u021b\u0103 puternic\u0103 ce celebreaz\u0103 farmecul oriental al patchouli-ului, reinterpretat modern pentru femei \u0219i b\u0103rba\u021bi deopotriv\u0103. Notele lemnoase \u0219i balsamice se \u00eempletesc armonios \u00eentr-un parfum persistent, cald \u0219i sofisticat, perfect pentru cei care ador\u0103 aromele ad\u00e2nci, cu personalitate.<\/p>\n<p class=\"\" data-start=\"540\" data-end=\"683\">Ideal pentru sear\u0103, evenimente speciale sau pur \u0219i simplu pentru a ie\u0219i din anonimat, <strong data-start=\"626\" data-end=\"647\">Extreme Patchouli<\/strong> \u00ee\u021bi las\u0103 amprenta oriunde ai merge.<\/p>","protected":false},"excerpt":{"rendered":"<p>Note de V\u00e2rf: Grapefruit, Bergamot\u0103, L\u0103m\u00e2ie<br \/>\nNote de Mijloc: Piper de Sichuan<br \/>\nNote de Baz\u0103: Paciuli, Vetiver<\/p>","protected":false},"featured_media":1411,"comment_status":"open","ping_status":"closed","template":"","meta":{"om_disable_all_campaigns":false,"_monsterinsights_skip_tracking":false,"_monsterinsights_sitenote_active":false,"_monsterinsights_sitenote_note":"","_monsterinsights_sitenote_category":0},"product_brand":[67],"product_cat":[66],"product_tag":[],"class_list":{"0":"post-1410","1":"product","2":"type-product","3":"status-publish","4":"has-post-thumbnail","6":"product_brand-louis-varel","7":"product_cat-parfumuri-frantuzesti-2","9":"first","10":"instock","11":"shipping-taxable","12":"purchasable","13":"product-type-simple"},"aioseo_notices":[],"ct_brands":[{"id":67,"name":"Louis Varel","slug":"louis-varel"}],"_links":{"self":[{"href":"https:\/\/habibimb.com\/en\/wp-json\/wp\/v2\/product\/1410","targetHints":{"allow":["GET"]}}],"collection":[{"href":"https:\/\/habibimb.com\/en\/wp-json\/wp\/v2\/product"}],"about":[{"href":"https:\/\/habibimb.com\/en\/wp-json\/wp\/v2\/types\/product"}],"replies":[{"embeddable":true,"href":"https:\/\/habibimb.com\/en\/wp-json\/wp\/v2\/comments?post=1410"}],"wp:featuredmedia":[{"embeddable":true,"href":"https:\/\/habibimb.com\/en\/wp-json\/wp\/v2\/media\/1411"}],"wp:attachment":[{"href":"https:\/\/habibimb.com\/en\/wp-json\/wp\/v2\/media?parent=1410"}],"wp:term":[{"taxonomy":"product_brand","embeddable":true,"href":"https:\/\/habibimb.com\/en\/wp-json\/wp\/v2\/product_brand?post=1410"},{"taxonomy":"product_cat","embeddable":true,"href":"https:\/\/habibimb.com\/en\/wp-json\/wp\/v2\/product_cat?post=1410"},{"taxonomy":"product_tag","embeddable":true,"href":"https:\/\/habibimb.com\/en\/wp-json\/wp\/v2\/product_tag?post=1410"}],"curies":[{"name":"wp","href":"https:\/\/api.w.org\/{rel}","templated":true}]}}