{"id":1407,"date":"2025-04-24T10:44:49","date_gmt":"2025-04-24T10:44:49","guid":{"rendered":"https:\/\/habibimb.com\/?post_type=product&#038;p=1407"},"modified":"2025-05-15T07:30:51","modified_gmt":"2025-05-15T07:30:51","slug":"apa-de-parfume-extreme-rose-louis-varel-femei-100ml","status":"publish","type":"product","link":"https:\/\/habibimb.com\/en\/product\/apa-de-parfume-extreme-rose-louis-varel-femei-100ml\/","title":{"rendered":"e Extreme Rose ,Louis Varel"},"content":{"rendered":"<h2>Dezv\u0103luie-\u021bi farmecul feminin<\/h2>\n<p>R\u0103sf\u0103\u021ba\u021bi-v\u0103 cu aroma luxoas\u0103 a <strong>Apa de Parfume Extreme Rose<\/strong> de Louis Varel, un parfum conceput pentru femeia modern\u0103 care \u00eentruchipeaz\u0103 elegan\u021ba \u0219i gra\u021bia. Acest parfum rafinat surprinde esen\u021ba rafinamentului, oferind un buchet \u00eenc\u00e2nt\u0103tor care transcende \u00eent\u00e2lnirile obi\u0219nuite.<\/p>\n<h2>Lux \u00een fiecare pic\u0103tur\u0103<\/h2>\n<p>Ad\u0103postit \u00eentr-o sticl\u0103 de 100 ml frumos realizat\u0103, acest parfum nu este doar un parfum; este o experien\u021b\u0103. Amestecul armonios de note florale proaspete este accentuat de note de c\u0103ldur\u0103 \u0219i profunzime, asigur\u00e2ndu-v\u0103 c\u0103 ie\u0219i\u021bi \u00een eviden\u021b\u0103 \u00een orice decor. Cu fiecare pulverizare, te vei \u00eenv\u0103lui \u00eentr-un nor de rafinament care persist\u0103 pe tot parcursul zilei.<\/p>\n<h2>Perfect pentru orice ocazie<\/h2>\n<p>Fie c\u0103 v\u0103 \u00eendrepta\u021bi spre un eveniment formal sau v\u0103 bucura\u021bi de un pr\u00e2nz casual cu prietenii, <strong>Apa de Parfume Extreme Rose<\/strong> este \u00eenso\u021bitorul perfect. Parfumul s\u0103u versatil trece f\u0103r\u0103 probleme de la zi la noapte, f\u0103c\u00e2ndu-l completarea esen\u021bial\u0103 a colec\u021biei tale. \u00cembr\u0103\u021bi\u0219eaz\u0103-\u021bi feminitatea \u0219i las\u0103 acest parfum captivant s\u0103-\u021bi sporeasc\u0103 alura natural\u0103.<\/p>\n<p>\u00cembun\u0103t\u0103\u021be\u0219te-\u021bi jocul de parfumuri cu acest parfum care celebreaz\u0103 femeia modern\u0103. Preg\u0103te\u0219te-te s\u0103 prime\u0219ti complimente \u0219i s\u0103 faci impresii de durat\u0103 de fiecare dat\u0103 c\u00e2nd por\u021bi rafinatul <strong>Apa de Parfume Extreme Rose<\/strong> de la Louis Varel.<\/p>","protected":false},"excerpt":{"rendered":"<p>Note de varf: portocala, lamaie, ciocolata alba<br \/>\nNote de mijloc: trandafir, paciuli, lemn alb<br \/>\nNote de baza: ambra, vanilie<\/p>","protected":false},"featured_media":1408,"comment_status":"open","ping_status":"closed","template":"","meta":{"om_disable_all_campaigns":false,"_monsterinsights_skip_tracking":false,"_monsterinsights_sitenote_active":false,"_monsterinsights_sitenote_note":"","_monsterinsights_sitenote_category":0},"product_brand":[67],"product_cat":[66],"product_tag":[],"class_list":{"0":"post-1407","1":"product","2":"type-product","3":"status-publish","4":"has-post-thumbnail","6":"product_brand-louis-varel","7":"product_cat-parfumuri-frantuzesti-2","9":"first","10":"instock","11":"shipping-taxable","12":"purchasable","13":"product-type-simple"},"aioseo_notices":[],"ct_brands":[{"id":67,"name":"Louis Varel","slug":"louis-varel"}],"_links":{"self":[{"href":"https:\/\/habibimb.com\/en\/wp-json\/wp\/v2\/product\/1407","targetHints":{"allow":["GET"]}}],"collection":[{"href":"https:\/\/habibimb.com\/en\/wp-json\/wp\/v2\/product"}],"about":[{"href":"https:\/\/habibimb.com\/en\/wp-json\/wp\/v2\/types\/product"}],"replies":[{"embeddable":true,"href":"https:\/\/habibimb.com\/en\/wp-json\/wp\/v2\/comments?post=1407"}],"wp:featuredmedia":[{"embeddable":true,"href":"https:\/\/habibimb.com\/en\/wp-json\/wp\/v2\/media\/1408"}],"wp:attachment":[{"href":"https:\/\/habibimb.com\/en\/wp-json\/wp\/v2\/media?parent=1407"}],"wp:term":[{"taxonomy":"product_brand","embeddable":true,"href":"https:\/\/habibimb.com\/en\/wp-json\/wp\/v2\/product_brand?post=1407"},{"taxonomy":"product_cat","embeddable":true,"href":"https:\/\/habibimb.com\/en\/wp-json\/wp\/v2\/product_cat?post=1407"},{"taxonomy":"product_tag","embeddable":true,"href":"https:\/\/habibimb.com\/en\/wp-json\/wp\/v2\/product_tag?post=1407"}],"curies":[{"name":"wp","href":"https:\/\/api.w.org\/{rel}","templated":true}]}}