{"id":1404,"date":"2025-04-24T10:40:11","date_gmt":"2025-04-24T10:40:11","guid":{"rendered":"https:\/\/habibimb.com\/?post_type=product&#038;p=1404"},"modified":"2025-05-15T07:30:51","modified_gmt":"2025-05-15T07:30:51","slug":"apa-de-parfume-extreme-mukhalat-louis-varel-barbati-100ml","status":"publish","type":"product","link":"https:\/\/habibimb.com\/en\/product\/apa-de-parfume-extreme-mukhalat-louis-varel-barbati-100ml\/","title":{"rendered":"e Extreme Mukhalat ,Louis Varel"},"content":{"rendered":"<h2>Dezl\u0103n\u021buie-\u021bi carisma cu Extreme Mukhalat<\/h2>\n<p>Experimenta\u021bi alura captivant\u0103 a <strong>Apa de Parfume Extreme Mukhalat<\/strong> de Louis Varel. Conceput special pentru b\u0103rba\u021bi, acest parfum \u00eentruchipeaz\u0103 rafinamentul \u0219i elegan\u021ba, f\u0103c\u00e2ndu-l un must-have pentru orice gentleman modern. Cu compozi\u021bia sa bogat\u0103 \u0219i parfumul de lung\u0103 durat\u0103, este perfect at\u00e2t pentru purtarea de zi cu zi, c\u00e2t \u0219i pentru ocazii speciale.<\/p>\n<h2>Un amestec unic de note<\/h2>\n<p>Extreme Mukhalat se deschide cu un v\u00e2rtej vibrant de note de v\u00e2rf care trezesc sim\u021burile &#8211; notele delicate de citrice se amestec\u0103 cu condimentele calde pentru a crea o prim\u0103 impresie \u00eembietoare. Pe m\u0103sur\u0103 ce se a\u0219eaz\u0103, straturi de acorduri florale \u0219i lemnoase profunde se desf\u0103\u0219oar\u0103 elegant, dezv\u0103luind inima parfumului. Notele de baz\u0103 ancoreaz\u0103 parfumul cu un amestec armonios de chihlimbar \u0219i mosc, l\u0103s\u00e2nd o urm\u0103 care persist\u0103 pe tot parcursul zilei.<\/p>\n<h2>Perfect ambalat \u0219i gata s\u0103 impresioneze<\/h2>\n<p>G\u0103zduit \u00eentr-o sticl\u0103 de 100 ml cu design elegant, <strong>Apa de Parfume Extreme Mukhalat<\/strong> ofer\u0103 mai mult dec\u00e2t un parfum captivant; este o pies\u0103 de declara\u021bie pentru vanitatea ta. Prezentarea sa luxoas\u0103 reflect\u0103 calitatea \u0219i m\u0103iestria pe care o pute\u021bi a\u0219tepta de la Louis Varel. Fie c\u0103 v\u0103 r\u0103sf\u0103\u021ba\u021bi sau c\u0103uta\u021bi cadoul ideal pentru o persoan\u0103 drag\u0103, acest parfum face o impresie de neuitat.<\/p>\n<p>P\u0103\u0219e\u0219te \u00eentr-o lume a rafinamentului \u0219i a intrigii cu extrema Mukhalat. \u00cembr\u0103\u021bi\u0219eaz\u0103 \u00eencrederea care vine odat\u0103 cu purtarea unui parfum care simbolizeaz\u0103 puterea, elegan\u021ba \u0219i masculinitatea. Adaug\u0103-l ast\u0103zi \u00een colec\u021bia ta \u0219i ridic\u0103-\u021bi parfumul de semn\u0103tur\u0103.<\/p>","protected":false},"excerpt":{"rendered":"<p>Note de v\u00e2rf: Bergamot\u0103 \u0219i Cui\u0219oare<\/p>\n<p>Note de mijloc: Trandafir, Iris \u0219i Floare de Portocal<\/p>\n<p>Note de baz\u0103: Vanilie, Ambra, Piele, Mosc \u0219i Patchouli<\/p>","protected":false},"featured_media":1406,"comment_status":"open","ping_status":"closed","template":"","meta":{"om_disable_all_campaigns":false,"_monsterinsights_skip_tracking":false,"_monsterinsights_sitenote_active":false,"_monsterinsights_sitenote_note":"","_monsterinsights_sitenote_category":0},"product_brand":[67],"product_cat":[66],"product_tag":[],"class_list":{"0":"post-1404","1":"product","2":"type-product","3":"status-publish","4":"has-post-thumbnail","6":"product_brand-louis-varel","7":"product_cat-parfumuri-frantuzesti-2","9":"first","10":"instock","11":"shipping-taxable","12":"purchasable","13":"product-type-simple"},"aioseo_notices":[],"ct_brands":[{"id":67,"name":"Louis Varel","slug":"louis-varel"}],"_links":{"self":[{"href":"https:\/\/habibimb.com\/en\/wp-json\/wp\/v2\/product\/1404","targetHints":{"allow":["GET"]}}],"collection":[{"href":"https:\/\/habibimb.com\/en\/wp-json\/wp\/v2\/product"}],"about":[{"href":"https:\/\/habibimb.com\/en\/wp-json\/wp\/v2\/types\/product"}],"replies":[{"embeddable":true,"href":"https:\/\/habibimb.com\/en\/wp-json\/wp\/v2\/comments?post=1404"}],"wp:featuredmedia":[{"embeddable":true,"href":"https:\/\/habibimb.com\/en\/wp-json\/wp\/v2\/media\/1406"}],"wp:attachment":[{"href":"https:\/\/habibimb.com\/en\/wp-json\/wp\/v2\/media?parent=1404"}],"wp:term":[{"taxonomy":"product_brand","embeddable":true,"href":"https:\/\/habibimb.com\/en\/wp-json\/wp\/v2\/product_brand?post=1404"},{"taxonomy":"product_cat","embeddable":true,"href":"https:\/\/habibimb.com\/en\/wp-json\/wp\/v2\/product_cat?post=1404"},{"taxonomy":"product_tag","embeddable":true,"href":"https:\/\/habibimb.com\/en\/wp-json\/wp\/v2\/product_tag?post=1404"}],"curies":[{"name":"wp","href":"https:\/\/api.w.org\/{rel}","templated":true}]}}