{"id":1401,"date":"2025-04-24T10:37:30","date_gmt":"2025-04-24T10:37:30","guid":{"rendered":"https:\/\/habibimb.com\/?post_type=product&#038;p=1401"},"modified":"2025-05-15T07:30:51","modified_gmt":"2025-05-15T07:30:51","slug":"apa-de-parfum-she-louis-varel-femei-100ml","status":"publish","type":"product","link":"https:\/\/habibimb.com\/en\/product\/apa-de-parfum-she-louis-varel-femei-100ml\/","title":{"rendered":"She , Louis Varel"},"content":{"rendered":"<h2>Dezv\u0103luie-\u021bi esen\u021ba cu Apa de Parfum She<\/h2>\n<p>V\u0103 prezent\u0103m fermec\u0103toarea <strong>Apa de Parfum She<\/strong> de Louis Varel &#8211; un parfum conceput pentru femeia contemporan\u0103 care \u00ee\u0219i \u00eembr\u0103\u021bi\u0219eaz\u0103 esen\u021ba unic\u0103. Acest parfum rafinat surprinde spiritul feminit\u0103\u021bii \u0219i elegan\u021bei, f\u0103c\u00e2ndu-l \u00eenso\u021bitorul perfect pentru orice ocazie. Cu un amestec de note captivante, Apa de Parfum She este mai mult dec\u00e2t un simplu parfum; Este o experien\u021b\u0103 care evoc\u0103 \u00eencredere \u0219i farmec.<\/p>\n<h2>Note care inspir\u0103 \u00eencredere<\/h2>\n<p>\u00cen inima Apa de Parfum She se afl\u0103 un amestec armonios de note florale \u0219i fructate care creeaz\u0103 o aur\u0103 primitoare. Spray-ul ini\u021bial introduce note de v\u00e2rf proaspete, trezind sim\u021burile cu o explozie de dulcea\u021b\u0103. Pe m\u0103sur\u0103 ce parfumul se desf\u0103\u0219oar\u0103, dezv\u0103luie note de mijloc sofisticate care te \u00eenv\u0103luie, cre\u00e2nd un farmec irezistibil. \u00cen cele din urm\u0103, notele calde de baz\u0103 persist\u0103 pe piele, l\u0103s\u00e2nd o impresie subtil\u0103, dar de durat\u0103, care te urm\u0103re\u0219te pe tot parcursul zilei. Acest echilibru delicat de ingrediente prezint\u0103 adev\u0103rata m\u0103iestrie a m\u0103iestriei lui Louis Varel.<\/p>\n<h2>Ideal pentru orice ocazie<\/h2>\n<p>Fie c\u0103 te \u00eembraci pentru un eveniment formal, te bucuri de o zi cu prietenii sau pur \u0219i simplu te r\u0103sfe\u021bi cu o sear\u0103 lini\u0219tit\u0103 acas\u0103, <strong>Apa de Parfum She<\/strong> este potrivit\u0103 pentru toate ocaziile. Profilul s\u0103u olfactiv versatil \u00eel face esen\u021bial pentru fiecare zi, oferind \u00een acela\u0219i timp acea not\u0103 special\u0103 pentru momentele semnificative. Cu o sticl\u0103 generoas\u0103 de 100 ml, vei avea luxul de a pulveriza acest parfum \u00eenc\u00e2nt\u0103tor oric\u00e2nd dore\u0219ti.<\/p>\n<p>\u00cembun\u0103t\u0103\u021be\u0219te-\u021bi colec\u021bia de parfumuri cu Apa de Parfum She de Louis Varel &#8211; o expresie atemporal\u0103 a feminit\u0103\u021bii care celebreaz\u0103 femeia din tine. Experimenta\u021bi magia acestui parfum captivant \u0219i l\u0103sa\u021bi-l s\u0103 v\u0103 \u00eenso\u021beasc\u0103 \u00een aventurile zilnice.<\/p>","protected":false},"excerpt":{"rendered":"<ul>\n<li><strong>Note de v\u00e2rf<\/strong>: Iasomie \u0219i Mandarin\u0103<\/li>\n<li><strong>Note de mijloc<\/strong>: Iasomie \u0219i Note Solare<\/li>\n<li><strong>Note de baz\u0103<\/strong>: Ambr\u0103, Ca\u0219meran (Cashmere wood)<\/li>\n<\/ul>","protected":false},"featured_media":1403,"comment_status":"open","ping_status":"closed","template":"","meta":{"om_disable_all_campaigns":false,"_monsterinsights_skip_tracking":false,"_monsterinsights_sitenote_active":false,"_monsterinsights_sitenote_note":"","_monsterinsights_sitenote_category":0},"product_brand":[67],"product_cat":[66],"product_tag":[],"class_list":{"0":"post-1401","1":"product","2":"type-product","3":"status-publish","4":"has-post-thumbnail","6":"product_brand-louis-varel","7":"product_cat-parfumuri-frantuzesti-2","9":"first","10":"instock","11":"shipping-taxable","12":"purchasable","13":"product-type-simple"},"aioseo_notices":[],"ct_brands":[{"id":67,"name":"Louis Varel","slug":"louis-varel"}],"_links":{"self":[{"href":"https:\/\/habibimb.com\/en\/wp-json\/wp\/v2\/product\/1401","targetHints":{"allow":["GET"]}}],"collection":[{"href":"https:\/\/habibimb.com\/en\/wp-json\/wp\/v2\/product"}],"about":[{"href":"https:\/\/habibimb.com\/en\/wp-json\/wp\/v2\/types\/product"}],"replies":[{"embeddable":true,"href":"https:\/\/habibimb.com\/en\/wp-json\/wp\/v2\/comments?post=1401"}],"wp:featuredmedia":[{"embeddable":true,"href":"https:\/\/habibimb.com\/en\/wp-json\/wp\/v2\/media\/1403"}],"wp:attachment":[{"href":"https:\/\/habibimb.com\/en\/wp-json\/wp\/v2\/media?parent=1401"}],"wp:term":[{"taxonomy":"product_brand","embeddable":true,"href":"https:\/\/habibimb.com\/en\/wp-json\/wp\/v2\/product_brand?post=1401"},{"taxonomy":"product_cat","embeddable":true,"href":"https:\/\/habibimb.com\/en\/wp-json\/wp\/v2\/product_cat?post=1401"},{"taxonomy":"product_tag","embeddable":true,"href":"https:\/\/habibimb.com\/en\/wp-json\/wp\/v2\/product_tag?post=1401"}],"curies":[{"name":"wp","href":"https:\/\/api.w.org\/{rel}","templated":true}]}}