{"id":1398,"date":"2025-04-24T10:34:38","date_gmt":"2025-04-24T10:34:38","guid":{"rendered":"https:\/\/habibimb.com\/?post_type=product&#038;p=1398"},"modified":"2025-05-15T07:30:51","modified_gmt":"2025-05-15T07:30:51","slug":"apa-de-parfum-she-in-love-louis-varel-femei-100ml","status":"publish","type":"product","link":"https:\/\/habibimb.com\/en\/product\/apa-de-parfum-she-in-love-louis-varel-femei-100ml\/","title":{"rendered":"She in Love, Louis Varel"},"content":{"rendered":"<h2>Descoper\u0103 parfumul atr\u0103g\u0103tor al She in Love<\/h2>\n<p>Dezl\u0103n\u021buie-\u021bi \u00eencrederea interioar\u0103 cu luxosul <strong>Apa de Parfum She in Love<\/strong> de Louis Varel. Acest parfum rafinat este creat special pentru femeile care apreciaz\u0103 arta individualit\u0103\u021bii \u00een timp ce \u00ee\u0219i \u00eembr\u0103\u021bi\u0219eaz\u0103 esen\u021ba feminin\u0103. \u00cenvelit \u00eentr-o sticl\u0103 uimitoare de 100 ml, acest parfum ofer\u0103 o arom\u0103 captivant\u0103, care este at\u00e2t elegant\u0103, c\u00e2t \u0219i atr\u0103g\u0103toare, f\u0103c\u00e2ndu-l \u00eenso\u021bitorul perfect pentru orice ocazie.<\/p>\n<h2>Note care captiveaz\u0103<\/h2>\n<p>\u00cenc\u0103 de la prima pulverizare, She in Love \u00ee\u021bi captiveaz\u0103 sim\u021burile cu note de v\u00e2rf r\u0103coritoare care danseaz\u0103 juc\u0103u\u0219, urmate de o inim\u0103 bogat\u0103 \u00een delicate\u021be florale. Amestecul delicat de ingrediente parfumate se desf\u0103\u0219oar\u0103 pentru a crea o simfonie de parfum care este viu \u00eenc\u00e2nt\u0103toare. Cu note de baz\u0103 atent selectate, acest parfum las\u0103 o impresie de durat\u0103, asigur\u00e2ndu-v\u0103 c\u0103 sunte\u021bi de neuitat oriunde v-a\u021bi plimba.<\/p>\n<h2>De ce s\u0103 o alegi \u00eendr\u0103gostit\u0103?<\/h2>\n<p>C\u00e2nd alegi <strong>Apa de Parfum She in Love<\/strong> de Louis Varel, alegi s\u0103 \u00eembr\u0103\u021bi\u0219ezi un parfum care vorbe\u0219te despre personalitatea ta \u0219i \u00ee\u021bi completeaz\u0103 stilul de via\u021b\u0103. Acest parfum nu numai c\u0103 \u00ee\u021bi \u00eembun\u0103t\u0103\u021be\u0219te aura senzual\u0103, dar te face \u0219i s\u0103 te sim\u021bi puternic\u0103 \u0219i frumoas\u0103. Ideal pentru ziua sau seara, trece f\u0103r\u0103 probleme de la un cadru la altul, permi\u021b\u00e2ndu-v\u0103 s\u0103 v\u0103 exprima\u021bi rafinamentul f\u0103r\u0103 efort.<\/p>\n<p>Investe\u0219te ast\u0103zi \u00een parfumul t\u0103u semn\u0103tur\u0103 \u0219i experimenteaz\u0103 bucuria de a radia \u00eencredere cu fiecare pulverizare, pentru c\u0103 meri\u021bi s\u0103 te sim\u021bi &#8222;\u00eendr\u0103gostit&#8221; \u00een fiecare zi.<\/p>","protected":false},"excerpt":{"rendered":"<p>Note de top: Iasomie, Iasomie Arab\u0103, Mandarin\u0103<\/p>\n<p>Note de mijloc: Iasomie si note Solare<\/p>\n<p>Note de baz\u0103: Chilimbar alb, Ca\u0219mir,\u00a0note lemnoase<\/p>\n<h2><\/h2>\n<p>&nbsp;<\/p>\n<h2><\/h2>\n<p>&nbsp;<\/p>\n<p>&nbsp;<\/p>","protected":false},"featured_media":1400,"comment_status":"open","ping_status":"closed","template":"","meta":{"om_disable_all_campaigns":false,"_monsterinsights_skip_tracking":false,"_monsterinsights_sitenote_active":false,"_monsterinsights_sitenote_note":"","_monsterinsights_sitenote_category":0},"product_brand":[67],"product_cat":[66],"product_tag":[],"class_list":{"0":"post-1398","1":"product","2":"type-product","3":"status-publish","4":"has-post-thumbnail","6":"product_brand-louis-varel","7":"product_cat-parfumuri-frantuzesti-2","9":"first","10":"instock","11":"shipping-taxable","12":"purchasable","13":"product-type-simple"},"aioseo_notices":[],"ct_brands":[{"id":67,"name":"Louis Varel","slug":"louis-varel"}],"_links":{"self":[{"href":"https:\/\/habibimb.com\/en\/wp-json\/wp\/v2\/product\/1398","targetHints":{"allow":["GET"]}}],"collection":[{"href":"https:\/\/habibimb.com\/en\/wp-json\/wp\/v2\/product"}],"about":[{"href":"https:\/\/habibimb.com\/en\/wp-json\/wp\/v2\/types\/product"}],"replies":[{"embeddable":true,"href":"https:\/\/habibimb.com\/en\/wp-json\/wp\/v2\/comments?post=1398"}],"wp:featuredmedia":[{"embeddable":true,"href":"https:\/\/habibimb.com\/en\/wp-json\/wp\/v2\/media\/1400"}],"wp:attachment":[{"href":"https:\/\/habibimb.com\/en\/wp-json\/wp\/v2\/media?parent=1398"}],"wp:term":[{"taxonomy":"product_brand","embeddable":true,"href":"https:\/\/habibimb.com\/en\/wp-json\/wp\/v2\/product_brand?post=1398"},{"taxonomy":"product_cat","embeddable":true,"href":"https:\/\/habibimb.com\/en\/wp-json\/wp\/v2\/product_cat?post=1398"},{"taxonomy":"product_tag","embeddable":true,"href":"https:\/\/habibimb.com\/en\/wp-json\/wp\/v2\/product_tag?post=1398"}],"curies":[{"name":"wp","href":"https:\/\/api.w.org\/{rel}","templated":true}]}}