{"id":1395,"date":"2025-04-24T10:29:01","date_gmt":"2025-04-24T10:29:01","guid":{"rendered":"https:\/\/habibimb.com\/?post_type=product&#038;p=1395"},"modified":"2025-05-15T07:30:51","modified_gmt":"2025-05-15T07:30:51","slug":"apa-de-parfum-extreme-neroli-louis-varel-unisex-100ml","status":"publish","type":"product","link":"https:\/\/habibimb.com\/en\/product\/apa-de-parfum-extreme-neroli-louis-varel-unisex-100ml\/","title":{"rendered":"Extreme Neroli, Louis Varel"},"content":{"rendered":"<h2>\u00cembr\u0103\u021bi\u0219eaz\u0103 esen\u021ba elegan\u021bei<\/h2>\n<p>Descoper\u0103 alura captivant\u0103 a Apa de Parfum Extreme Neroli de Louis Varel, un parfum unisex care transcende grani\u021bele tradi\u021bionale ale parfumurilor. Acest parfum rafinat este conceput pentru cei care apreciaz\u0103 arta parfumului \u0219i doresc s\u0103-\u0219i exprime individualitatea printr-o experien\u021b\u0103 olfactiv\u0103 unic\u0103. Combina\u021bia de note florale \u0219i subtonuri calde creeaz\u0103 un parfum de semn\u0103tur\u0103 care se simte at\u00e2t r\u0103coritor, c\u00e2t \u0219i atemporal.<\/p>\n<h2>Note care captiveaz\u0103<\/h2>\n<p>Parfumul se deschide cu o explozie revigorant\u0103 de neroli, o floare \u00eenflorit\u0103 cunoscut\u0103 pentru aroma sa str\u0103lucitoare \u0219i picant\u0103. Aceast\u0103 prospe\u021bime ini\u021bial\u0103 este echilibrat\u0103 cu note de mijloc de iasomie delicat\u0103 \u0219i flori albe moi, compun\u00e2nd o simfonie de arome care evoc\u0103 un sentiment de senin\u0103tate \u0219i rafinament. Pe m\u0103sur\u0103 ce parfumul se dezvolt\u0103, apar nuan\u021be calde de chihlimbar \u0219i lemn, oferind o profunzime persistent\u0103 care face din Apa de Parfum Extreme Neroli o alegere perfect\u0103 pentru orice ocazie.<\/p>\n<h2>Un cadou perfect pentru orice ocazie<\/h2>\n<p>Ad\u0103postit \u00eentr-o sticl\u0103 frumos proiectat\u0103, acest parfum de 100 ml nu este doar un parfum; Este o pies\u0103 statement, ceea ce o face un cadou ideal pentru cei dragi sau un r\u0103sf\u0103\u021b de lux pentru tine. Atrac\u021bia universal\u0103 a acestui parfum unisex asigur\u0103 c\u0103 oricine se poate r\u0103sf\u0103\u021ba cu \u00eembr\u0103\u021bi\u0219area sa, f\u0103c\u00e2ndu-l potrivit at\u00e2t pentru zi, c\u00e2t \u0219i pentru noapte. Fie c\u0103 te \u00eendrep\u021bi spre o \u00eent\u00e2lnire special\u0103 sau te bucuri de o sear\u0103 lini\u0219tit\u0103, te vei sim\u021bi \u00eencrez\u0103tor \u0219i elegant, \u00eenv\u0103luit \u00een aroma \u00eenc\u00e2nt\u0103toare a Extreme Neroli de la Louis Varel.<\/p>\n<p>Dezl\u0103n\u021buie-\u021bi esen\u021ba interioar\u0103 cu Apa de Parfum Extreme Neroli \u0219i experimenteaz\u0103 un parfum care rezoneaz\u0103 cu autenticitate \u0219i farmec. \u00cembun\u0103t\u0103\u021be\u0219te-\u021bi rutina zilnic\u0103 cu un parfum care spune o poveste de rafinament \u0219i individualitate, invit\u00e2ndu-i pe cei din jurul t\u0103u s\u0103 descopere adev\u0103rata esen\u021b\u0103 a ceea ce e\u0219ti.<\/p>","protected":false},"excerpt":{"rendered":"<p><strong>Note de mijloc:<\/strong>\u00a0Neroli, Portocal\u0103, Piper roz, Lemn alb<\/p>\n<p><strong>Note de baz\u0103:<\/strong>\u00a0Mosc, Ambroxan.<\/p>\n<p><strong>Note de v\u00e2rf:<\/strong>\u00a0Bergamot\u0103, Portocal\u0103;<\/p>","protected":false},"featured_media":1396,"comment_status":"open","ping_status":"closed","template":"","meta":{"om_disable_all_campaigns":false,"_monsterinsights_skip_tracking":false,"_monsterinsights_sitenote_active":false,"_monsterinsights_sitenote_note":"","_monsterinsights_sitenote_category":0},"product_brand":[67],"product_cat":[66],"product_tag":[],"class_list":{"0":"post-1395","1":"product","2":"type-product","3":"status-publish","4":"has-post-thumbnail","6":"product_brand-louis-varel","7":"product_cat-parfumuri-frantuzesti-2","9":"first","10":"instock","11":"shipping-taxable","12":"purchasable","13":"product-type-simple"},"aioseo_notices":[],"ct_brands":[{"id":67,"name":"Louis Varel","slug":"louis-varel"}],"_links":{"self":[{"href":"https:\/\/habibimb.com\/en\/wp-json\/wp\/v2\/product\/1395","targetHints":{"allow":["GET"]}}],"collection":[{"href":"https:\/\/habibimb.com\/en\/wp-json\/wp\/v2\/product"}],"about":[{"href":"https:\/\/habibimb.com\/en\/wp-json\/wp\/v2\/types\/product"}],"replies":[{"embeddable":true,"href":"https:\/\/habibimb.com\/en\/wp-json\/wp\/v2\/comments?post=1395"}],"wp:featuredmedia":[{"embeddable":true,"href":"https:\/\/habibimb.com\/en\/wp-json\/wp\/v2\/media\/1396"}],"wp:attachment":[{"href":"https:\/\/habibimb.com\/en\/wp-json\/wp\/v2\/media?parent=1395"}],"wp:term":[{"taxonomy":"product_brand","embeddable":true,"href":"https:\/\/habibimb.com\/en\/wp-json\/wp\/v2\/product_brand?post=1395"},{"taxonomy":"product_cat","embeddable":true,"href":"https:\/\/habibimb.com\/en\/wp-json\/wp\/v2\/product_cat?post=1395"},{"taxonomy":"product_tag","embeddable":true,"href":"https:\/\/habibimb.com\/en\/wp-json\/wp\/v2\/product_tag?post=1395"}],"curies":[{"name":"wp","href":"https:\/\/api.w.org\/{rel}","templated":true}]}}