{"id":1391,"date":"2025-04-24T10:25:27","date_gmt":"2025-04-24T10:25:27","guid":{"rendered":"https:\/\/habibimb.com\/?post_type=product&#038;p=1391"},"modified":"2025-05-15T07:30:51","modified_gmt":"2025-05-15T07:30:51","slug":"apa-de-parfum-extreme-vetiver-louis-varel-unisex-100ml","status":"publish","type":"product","link":"https:\/\/habibimb.com\/en\/product\/apa-de-parfum-extreme-vetiver-louis-varel-unisex-100ml\/","title":{"rendered":"Extreme Vetiver, Louis Varel"},"content":{"rendered":"<h2>Dezv\u0103luie-\u021bi esen\u021ba<\/h2>\n<p>Descoper\u0103 alura captivant\u0103 a <strong>Apa de Parfum Extreme Vetiver<\/strong> de la Louis Varel, un parfum uimitor conceput at\u00e2t pentru b\u0103rba\u021bi, c\u00e2t \u0219i pentru femei. \u00cen esen\u021b\u0103, acest parfum unisex este creat pentru a evoca rafinament \u0219i \u00eencredere, f\u0103c\u00e2ndu-l un plus esen\u021bial pentru orice colec\u021bie de parfumuri. Cu notele sale vibrante \u0219i p\u0103m\u00e2ntii, promite s\u0103 v\u0103 sporeasc\u0103 farmecul natural \u0219i s\u0103 lase o impresie de durat\u0103.<\/p>\n<h2>Profilul parfumului<\/h2>\n<p>Parfumul se deschide cu o explozie de citrice proaspete, care se \u00eemplete\u0219te perfect cu esen\u021ba robust\u0103 de vetiver, un ingredient natural renumit pentru aroma sa profund\u0103, lemnoas\u0103. Pe m\u0103sur\u0103 ce parfumul se dezvolt\u0103, apar straturi de note p\u0103m\u00e2ntii, oferind o \u00eembr\u0103\u021bi\u0219are cald\u0103 care este at\u00e2t revigorant\u0103, c\u00e2t \u0219i lini\u0219titoare. Infuzat cu note subtile de condimente \u0219i flori, Extreme Vetiver creeaz\u0103 un echilibru armonios care captiveaz\u0103 sim\u021burile.<\/p>\n<h2>Perfect pentru orice ocazie<\/h2>\n<p>Fie c\u0103 participa\u021bi la un eveniment formal, v\u0103 bucura\u021bi de o ie\u0219ire casual sau pur \u0219i simplu v\u0103 r\u0103sf\u0103\u021ba\u021bi cu o sear\u0103 lini\u0219tit\u0103, <strong>Apa de Parfum Extreme Vetiver<\/strong> este suficient de versatil pentru a se potrivi oric\u0103rei ocazii. Flaconul de 100 ml este conceput pentru o utilizare de durat\u0103, asigur\u00e2ndu-v\u0103 c\u0103 v\u0103 pute\u021bi bucura de parfum oric\u00e2nd dori\u021bi. \u00cembun\u0103t\u0103\u021be\u0219te-\u021bi rutina zilnic\u0103 cu un strop din acest parfum rafinat \u0219i las\u0103 aroma sa \u00eenc\u00e2nt\u0103toare s\u0103-\u021bi ridice starea de spirit.<\/p>\n<p>Cu angajamentul lui Louis Varel fa\u021b\u0103 de calitate \u0219i m\u0103iestrie, pute\u021bi avea \u00eencredere c\u0103 acest parfum nu numai c\u0103 miroase luxos, ci v\u0103 asigur\u0103 \u0219i c\u0103 v\u0103 sim\u021bi\u021bi cel mai bine, indiferent de cadru. P\u0103\u0219e\u0219te \u00eentr-o lume a rafinamentului cu parfumul Extreme Vetiver, o od\u0103 adus\u0103 splendorii naturii.<\/p>","protected":false},"excerpt":{"rendered":"<p>Note de varf: grepfrut, bergamota, lamaie<br \/>\nNote de mijloc: piper, vetiver<br \/>\nNote de baza: paciuli, vetiver<\/p>","protected":false},"featured_media":1393,"comment_status":"open","ping_status":"closed","template":"","meta":{"om_disable_all_campaigns":false,"_monsterinsights_skip_tracking":false,"_monsterinsights_sitenote_active":false,"_monsterinsights_sitenote_note":"","_monsterinsights_sitenote_category":0},"product_brand":[67],"product_cat":[66],"product_tag":[],"class_list":{"0":"post-1391","1":"product","2":"type-product","3":"status-publish","4":"has-post-thumbnail","6":"product_brand-louis-varel","7":"product_cat-parfumuri-frantuzesti-2","9":"first","10":"instock","11":"shipping-taxable","12":"purchasable","13":"product-type-simple"},"aioseo_notices":[],"ct_brands":[{"id":67,"name":"Louis Varel","slug":"louis-varel"}],"_links":{"self":[{"href":"https:\/\/habibimb.com\/en\/wp-json\/wp\/v2\/product\/1391","targetHints":{"allow":["GET"]}}],"collection":[{"href":"https:\/\/habibimb.com\/en\/wp-json\/wp\/v2\/product"}],"about":[{"href":"https:\/\/habibimb.com\/en\/wp-json\/wp\/v2\/types\/product"}],"replies":[{"embeddable":true,"href":"https:\/\/habibimb.com\/en\/wp-json\/wp\/v2\/comments?post=1391"}],"wp:featuredmedia":[{"embeddable":true,"href":"https:\/\/habibimb.com\/en\/wp-json\/wp\/v2\/media\/1393"}],"wp:attachment":[{"href":"https:\/\/habibimb.com\/en\/wp-json\/wp\/v2\/media?parent=1391"}],"wp:term":[{"taxonomy":"product_brand","embeddable":true,"href":"https:\/\/habibimb.com\/en\/wp-json\/wp\/v2\/product_brand?post=1391"},{"taxonomy":"product_cat","embeddable":true,"href":"https:\/\/habibimb.com\/en\/wp-json\/wp\/v2\/product_cat?post=1391"},{"taxonomy":"product_tag","embeddable":true,"href":"https:\/\/habibimb.com\/en\/wp-json\/wp\/v2\/product_tag?post=1391"}],"curies":[{"name":"wp","href":"https:\/\/api.w.org\/{rel}","templated":true}]}}