{"id":1388,"date":"2025-04-24T10:23:44","date_gmt":"2025-04-24T10:23:44","guid":{"rendered":"https:\/\/habibimb.com\/?post_type=product&#038;p=1388"},"modified":"2026-01-22T09:29:54","modified_gmt":"2026-01-22T09:29:54","slug":"apa-de-parfum-extreme-jasmine-louis-varel-unisex-100ml","status":"publish","type":"product","link":"https:\/\/habibimb.com\/en\/product\/apa-de-parfum-extreme-jasmine-louis-varel-unisex-100ml\/","title":{"rendered":"Extreme Jasmine, Louis Varel"},"content":{"rendered":"<h2>Descoperi\u021bi esen\u021ba iasomiei extreme<\/h2>\n<p>R\u0103sf\u0103\u021ba\u021bi-v\u0103 cu o experien\u021b\u0103 de parfum transformatoare cu Apa de Parfum Extreme Jasmine de Louis Varel. Special creat at\u00e2t pentru b\u0103rba\u021bi, c\u00e2t \u0219i pentru femei, acest parfum unisex surprinde aroma delicat\u0103, dar puternic\u0103 a iasomiei, oferind o c\u0103l\u0103torie senzorial\u0103 care este at\u00e2t \u00een\u0103l\u021b\u0103toare, c\u00e2t \u0219i \u00eenc\u00e2nt\u0103toare. Cu o sticl\u0103 generoas\u0103 de 100 ml, acest parfum este perfect pentru purtarea zilnic\u0103 sau pentru ocazii speciale, eviden\u021biindu-\u021bi individualitatea \u0219i stilul unic.<\/p>\n<h2>Profilul parfumului<\/h2>\n<p>Iasomia extrem\u0103 este mai mult dec\u00e2t un simplu parfum; este o expresie a elegan\u021bei \u0219i rafinamentului. Notele de v\u00e2rf se deschid cu o explozie proasp\u0103t\u0103 care revigoreaz\u0103 sim\u021burile, duc\u00e2nd \u00eentr-o inim\u0103 \u00een care \u00eenflore\u0219te frumuse\u021bea eteric\u0103 a iasomiei. Notele de baz\u0103 ofer\u0103 un finisaj cald \u0219i persistent, \u00eemp\u0103m\u00e2nt\u00e2nd parfumul cu lemn subtil \u0219i mosc moale, asigur\u00e2ndu-v\u0103 c\u0103 l\u0103sa\u021bi o impresie de durat\u0103 oriunde merge\u021bi. Aceast\u0103 simfonie bine echilibrat\u0103 de senza\u021bii \u00eel face un plus pre\u021bios pentru orice colec\u021bie de parfumuri.<\/p>\n<h2>De ce s\u0103 alegi Apa de Parfum Extreme Jasmine?<\/h2>\n<p>Alegerea Apa de Parfum Extreme Jasmine \u00eenseamn\u0103 alegerea unui parfum care rezoneaz\u0103 cu sinele t\u0103u interior. Versatilitatea parfumului \u00eel face potrivit pentru orice ocazie, fie c\u0103 este vorba de o zi casual, o \u00eent\u00e2lnire de afaceri important\u0103 sau o sear\u0103 romantic\u0103. Acest parfum unisex v\u0103 permite s\u0103 v\u0103 exprima\u021bi personalitatea \u0219i farmecul cu \u00eencredere. Fiecare spritz te \u00eenv\u0103luie \u00eentr-o aur\u0103 de frumuse\u021be, elegan\u021b\u0103 \u0219i farmec, asigur\u00e2ndu-te c\u0103 ie\u0219i \u00een eviden\u021b\u0103 f\u0103r\u0103 efort. Experimenta\u021bi luxul cu fiecare aplica\u021bie \u0219i l\u0103sa\u021bi esen\u021ba captivant\u0103 a Extreme Jasmine s\u0103 \u00eentoarc\u0103 capetele \u0219i s\u0103 st\u00e2rneasc\u0103 conversa\u021bii.<\/p>","protected":false},"excerpt":{"rendered":"<p>Note de v\u00e2rf: Bergamot\u0103 \u0219i Caramel<\/p>\n<p>Note de mijloc: Patchouli, Trandafir \u0219i L\u0103cr\u0103mioar\u0103<\/p>\n<p>Note de baz\u0103: Boabe de Tonka, Vanilie, Ambra \u0219i Mosc<\/p>","protected":false},"featured_media":1389,"comment_status":"open","ping_status":"closed","template":"","meta":{"om_disable_all_campaigns":false,"_monsterinsights_skip_tracking":false,"_monsterinsights_sitenote_active":false,"_monsterinsights_sitenote_note":"","_monsterinsights_sitenote_category":0},"product_brand":[67],"product_cat":[66],"product_tag":[],"class_list":{"0":"post-1388","1":"product","2":"type-product","3":"status-publish","4":"has-post-thumbnail","6":"product_brand-louis-varel","7":"product_cat-parfumuri-frantuzesti-2","9":"first","10":"outofstock","11":"shipping-taxable","12":"purchasable","13":"product-type-simple"},"aioseo_notices":[],"ct_brands":[{"id":67,"name":"Louis Varel","slug":"louis-varel"}],"_links":{"self":[{"href":"https:\/\/habibimb.com\/en\/wp-json\/wp\/v2\/product\/1388","targetHints":{"allow":["GET"]}}],"collection":[{"href":"https:\/\/habibimb.com\/en\/wp-json\/wp\/v2\/product"}],"about":[{"href":"https:\/\/habibimb.com\/en\/wp-json\/wp\/v2\/types\/product"}],"replies":[{"embeddable":true,"href":"https:\/\/habibimb.com\/en\/wp-json\/wp\/v2\/comments?post=1388"}],"wp:featuredmedia":[{"embeddable":true,"href":"https:\/\/habibimb.com\/en\/wp-json\/wp\/v2\/media\/1389"}],"wp:attachment":[{"href":"https:\/\/habibimb.com\/en\/wp-json\/wp\/v2\/media?parent=1388"}],"wp:term":[{"taxonomy":"product_brand","embeddable":true,"href":"https:\/\/habibimb.com\/en\/wp-json\/wp\/v2\/product_brand?post=1388"},{"taxonomy":"product_cat","embeddable":true,"href":"https:\/\/habibimb.com\/en\/wp-json\/wp\/v2\/product_cat?post=1388"},{"taxonomy":"product_tag","embeddable":true,"href":"https:\/\/habibimb.com\/en\/wp-json\/wp\/v2\/product_tag?post=1388"}],"curies":[{"name":"wp","href":"https:\/\/api.w.org\/{rel}","templated":true}]}}