{"id":1381,"date":"2025-04-24T10:19:37","date_gmt":"2025-04-24T10:19:37","guid":{"rendered":"https:\/\/habibimb.com\/?post_type=product&#038;p=1381"},"modified":"2025-05-15T07:30:51","modified_gmt":"2025-05-15T07:30:51","slug":"apa-de-parfum-extreme-marine-louis-varel-unisex-100ml","status":"publish","type":"product","link":"https:\/\/habibimb.com\/en\/product\/apa-de-parfum-extreme-marine-louis-varel-unisex-100ml\/","title":{"rendered":"Extreme Marine, Louis Varel"},"content":{"rendered":"<h2>Dezl\u0103n\u021buie puterea oceanului<\/h2>\n<p>Descoper\u0103 alura r\u0103coritoare a <strong>Apa de Parfum Extreme Marine<\/strong> de Louis Varel. Acest parfum unisex surprinde esen\u021ba m\u0103rii cu fiecare pulverizare. Conceput pentru cei care \u00eembr\u0103\u021bi\u0219eaz\u0103 aventura \u0219i libertatea, acest parfum este un tribut adus \u00eendr\u0103zne\u021bei naturii. L\u0103sa\u021bi notele marine s\u0103 v\u0103 trezeasc\u0103 sim\u021burile \u0219i s\u0103 v\u0103 transporte la briza r\u0103coroas\u0103 a valurilor oceanului.<\/p>\n<h2>Un profil olfactiv revigorant<\/h2>\n<p>Parfumul se deschide cu o explozie de bergamot\u0103 citrice \u0219i ment\u0103 revigorant\u0103, amestec\u00e2ndu-se perfect pentru a crea un \u00eenceput \u00een\u0103l\u021b\u0103tor. Pe m\u0103sur\u0103 ce se a\u0219eaz\u0103, notele de inim\u0103 dezv\u0103luie o frumoas\u0103 fuziune de flori acvatice, care amintesc de un \u021b\u0103rm senin al m\u0103rii. Notele de baz\u0103 de lemn sofisticat \u0219i mosc ofer\u0103 un finisaj cald de lung\u0103 durat\u0103, care v\u0103 men\u021bine proasp\u0103t \u0219i vibrant pe tot parcursul zilei.<\/p>\n<h2>Perfect pentru orice ocazie<\/h2>\n<p>Fie c\u0103 te \u00eendrep\u021bi spre un brunch casual, o ie\u0219ire \u00een ora\u0219 sau o zi la plaj\u0103, <strong>Apa de Parfum Extreme Marine<\/strong> este suficient de versatil pentru a se potrivi oric\u0103rui decor. Atractivitatea sa unisex \u00eel face o alegere excelent\u0103 pentru oricine dore\u0219te s\u0103 adauge o not\u0103 de elegan\u021b\u0103 \u0219i prospe\u021bime colec\u021biei lor de parfumuri. Sticla elegant\u0103 de 100 ml adaug\u0103 o not\u0103 de \u0219ic contemporan chiuvetei tale, f\u0103c\u00e2ndu-l at\u00e2t un plus atractiv, c\u00e2t \u0219i practic pentru stilul t\u0103u de via\u021b\u0103.<\/p>\n<p>\u00cen concluzie, <strong>Apa de Parfum Extreme Marine<\/strong>, cu aroma sa oceanic\u0103 captivant\u0103, este mai mult dec\u00e2t un simplu parfum; Este o experien\u021b\u0103 care a\u0219teapt\u0103 s\u0103 fie descoperit\u0103. \u00cembun\u0103t\u0103\u021be\u0219te-\u021bi jocul de parfumuri cu acest parfum rafinat \u0219i las\u0103 esen\u021ba oceanului s\u0103 te \u00eenso\u021beasc\u0103 oriunde te-ai duce.<\/p>","protected":false},"excerpt":{"rendered":"<p><strong>Note de varf<\/strong>:\u00a0<span class=\"Y2IQFc\" lang=\"ro\">sofran, mandarina, piersica, orhidee<\/span><br \/>\n<strong>Note de mijloc<\/strong>:\u00a0trandafir, caramel, frunze de violeta, paciuli, orhidee rosie<br \/>\n<strong>Note de baza<\/strong>:\u00a0mosc, muschi, ambra, orhidee rosie<\/p>","protected":false},"featured_media":1383,"comment_status":"open","ping_status":"closed","template":"","meta":{"om_disable_all_campaigns":false,"_monsterinsights_skip_tracking":false,"_monsterinsights_sitenote_active":false,"_monsterinsights_sitenote_note":"","_monsterinsights_sitenote_category":0},"product_brand":[67],"product_cat":[66],"product_tag":[],"class_list":{"0":"post-1381","1":"product","2":"type-product","3":"status-publish","4":"has-post-thumbnail","6":"product_brand-louis-varel","7":"product_cat-parfumuri-frantuzesti-2","9":"first","10":"instock","11":"shipping-taxable","12":"purchasable","13":"product-type-simple"},"aioseo_notices":[],"ct_brands":[{"id":67,"name":"Louis Varel","slug":"louis-varel"}],"_links":{"self":[{"href":"https:\/\/habibimb.com\/en\/wp-json\/wp\/v2\/product\/1381","targetHints":{"allow":["GET"]}}],"collection":[{"href":"https:\/\/habibimb.com\/en\/wp-json\/wp\/v2\/product"}],"about":[{"href":"https:\/\/habibimb.com\/en\/wp-json\/wp\/v2\/types\/product"}],"replies":[{"embeddable":true,"href":"https:\/\/habibimb.com\/en\/wp-json\/wp\/v2\/comments?post=1381"}],"wp:featuredmedia":[{"embeddable":true,"href":"https:\/\/habibimb.com\/en\/wp-json\/wp\/v2\/media\/1383"}],"wp:attachment":[{"href":"https:\/\/habibimb.com\/en\/wp-json\/wp\/v2\/media?parent=1381"}],"wp:term":[{"taxonomy":"product_brand","embeddable":true,"href":"https:\/\/habibimb.com\/en\/wp-json\/wp\/v2\/product_brand?post=1381"},{"taxonomy":"product_cat","embeddable":true,"href":"https:\/\/habibimb.com\/en\/wp-json\/wp\/v2\/product_cat?post=1381"},{"taxonomy":"product_tag","embeddable":true,"href":"https:\/\/habibimb.com\/en\/wp-json\/wp\/v2\/product_tag?post=1381"}],"curies":[{"name":"wp","href":"https:\/\/api.w.org\/{rel}","templated":true}]}}