{"id":1378,"date":"2025-04-24T10:17:32","date_gmt":"2025-04-24T10:17:32","guid":{"rendered":"https:\/\/habibimb.com\/?post_type=product&#038;p=1378"},"modified":"2025-05-15T07:30:51","modified_gmt":"2025-05-15T07:30:51","slug":"apa-de-parfum-extreme-santal-louis-varel-unisex-100ml","status":"publish","type":"product","link":"https:\/\/habibimb.com\/en\/product\/apa-de-parfum-extreme-santal-louis-varel-unisex-100ml\/","title":{"rendered":"Extreme Santal, Louis Varel"},"content":{"rendered":"<h2>Experimenta\u021bi o elegan\u021b\u0103 de neegalat<\/h2>\n<p>Descoperi\u021bi un parfum care dep\u0103\u0219e\u0219te grani\u021bele tradi\u021bionale cu Apa de Parfum Extreme Santal de Louis Varel. Acest parfum unisex este conceput pentru cei care \u00eendr\u0103znesc s\u0103-\u0219i \u00eembr\u0103\u021bi\u0219eze individualitatea. Cu parfumul s\u0103u bogat \u0219i atr\u0103g\u0103tor, Extreme Santal ofer\u0103 o experien\u021b\u0103 olfactiv\u0103 captivant\u0103 care vorbe\u0219te sim\u021burilor \u0219i celebreaz\u0103 esen\u021ba at\u00e2t a masculinit\u0103\u021bii, c\u00e2t \u0219i a feminit\u0103\u021bii.<\/p>\n<h2>Note c\u0103 Enchant<\/h2>\n<p>Extreme Santal se deschide cu un amestec captivant de note calde \u0219i picante care \u00ee\u021bi trezesc spiritul. Inima dezv\u0103luie un buchet de lemn de santal cremos, care este frumos completat de o nuan\u021b\u0103 p\u0103m\u00e2ntie. Structura acestui parfum culmineaz\u0103 cu note de chihlimbar \u0219i mosc, oferind un final profund \u0219i de durat\u0103. Fiecare spray te poart\u0103 \u00eentr-o c\u0103l\u0103torie, evoc\u00e2nd sentimente de \u00eencredere \u0219i rafinament. Cu compozi\u021bia sa conving\u0103toare, acest parfum este perfect pentru orice ocazie, de la ie\u0219iri casual p\u00e2n\u0103 la seri elegante.<\/p>\n<h2>Cadoul perfect pentru oricine<\/h2>\n<p>Cau\u021bi cadoul ideal? Nu c\u0103uta\u021bi mai departe dec\u00e2t Apa de Parfum Extreme Santal. \u00cenvelit elegant \u00eentr-o sticl\u0103 elegant\u0103 de 100 ml, nu este doar un r\u0103sf\u0103\u021b pentru sim\u021burile tale, ci \u0219i un plus atr\u0103g\u0103tor din punct de vedere vizual pentru orice colec\u021bie de parfumuri. Unisex \u00een natur\u0103, acest parfum este o alegere excelent\u0103 pentru zile de na\u0219tere, anivers\u0103ri sau pur \u0219i simplu ca o surpriz\u0103 pentru tine sau pentru o persoan\u0103 drag\u0103. Parfumul luxos va face cu siguran\u021b\u0103 o impresie de neuitat.<\/p>\n<p>\u00cembun\u0103t\u0103\u021be\u0219te-\u021bi jocul de parfumuri \u0219i exprim\u0103-\u021bi stilul unic cu aroma bogat\u0103 \u0219i versatil\u0103 a Apa de Parfum Extreme Santal de la Louis Varel. Acest parfum captivant este o adev\u0103rat\u0103 reprezentare a elegan\u021bei moderne, oferind o esen\u021b\u0103 care va l\u0103sa o impresie de durat\u0103 oriunde te-ai duce. Nu rata\u021bi ocazia de a v\u0103 \u00eempodobi cu acest parfum rafinat.<\/p>","protected":false},"excerpt":{"rendered":"<p><strong>Note de varf:<\/strong>\u00a0Condimente, Zahar<\/p>\n<p>&nbsp;<\/p>\n<p><strong>Note de mijloc:<\/strong>\u00a0Lemn de santal, Note pudrate, Note florale<\/p>\n<p>&nbsp;<\/p>\n<p><strong>Note de baz\u0103:<\/strong>\u00a0Vanilie, Ambra, Mosc<\/p>","protected":false},"featured_media":1380,"comment_status":"open","ping_status":"closed","template":"","meta":{"om_disable_all_campaigns":false,"_monsterinsights_skip_tracking":false,"_monsterinsights_sitenote_active":false,"_monsterinsights_sitenote_note":"","_monsterinsights_sitenote_category":0},"product_brand":[67],"product_cat":[66],"product_tag":[],"class_list":{"0":"post-1378","1":"product","2":"type-product","3":"status-publish","4":"has-post-thumbnail","6":"product_brand-louis-varel","7":"product_cat-parfumuri-frantuzesti-2","9":"first","10":"instock","11":"shipping-taxable","12":"purchasable","13":"product-type-simple"},"aioseo_notices":[],"ct_brands":[{"id":67,"name":"Louis Varel","slug":"louis-varel"}],"_links":{"self":[{"href":"https:\/\/habibimb.com\/en\/wp-json\/wp\/v2\/product\/1378","targetHints":{"allow":["GET"]}}],"collection":[{"href":"https:\/\/habibimb.com\/en\/wp-json\/wp\/v2\/product"}],"about":[{"href":"https:\/\/habibimb.com\/en\/wp-json\/wp\/v2\/types\/product"}],"replies":[{"embeddable":true,"href":"https:\/\/habibimb.com\/en\/wp-json\/wp\/v2\/comments?post=1378"}],"wp:featuredmedia":[{"embeddable":true,"href":"https:\/\/habibimb.com\/en\/wp-json\/wp\/v2\/media\/1380"}],"wp:attachment":[{"href":"https:\/\/habibimb.com\/en\/wp-json\/wp\/v2\/media?parent=1378"}],"wp:term":[{"taxonomy":"product_brand","embeddable":true,"href":"https:\/\/habibimb.com\/en\/wp-json\/wp\/v2\/product_brand?post=1378"},{"taxonomy":"product_cat","embeddable":true,"href":"https:\/\/habibimb.com\/en\/wp-json\/wp\/v2\/product_cat?post=1378"},{"taxonomy":"product_tag","embeddable":true,"href":"https:\/\/habibimb.com\/en\/wp-json\/wp\/v2\/product_tag?post=1378"}],"curies":[{"name":"wp","href":"https:\/\/api.w.org\/{rel}","templated":true}]}}