{"id":1375,"date":"2025-04-24T10:14:47","date_gmt":"2025-04-24T10:14:47","guid":{"rendered":"https:\/\/habibimb.com\/?post_type=product&#038;p=1375"},"modified":"2025-05-15T07:30:51","modified_gmt":"2025-05-15T07:30:51","slug":"apa-de-parfum-extreme-violet-louis-varel-femei-100ml","status":"publish","type":"product","link":"https:\/\/habibimb.com\/en\/product\/apa-de-parfum-extreme-violet-louis-varel-femei-100ml\/","title":{"rendered":"Extreme Violet, Louis Varel"},"content":{"rendered":"<h2>\u00cembr\u0103\u021bi\u0219eaz\u0103 farmecul Extreme Violet<\/h2>\n<p>Deblocheaz\u0103 esen\u021ba captivant\u0103 a luxului cu <strong>Apa de Parfum Extreme Violet de Louis Varel<\/strong>. Conceput pentru femeia sofisticat\u0103, acest parfum rafinat \u00eentruchipeaz\u0103 elegan\u021ba \u0219i \u00eencrederea. Cu un amestec de note florale \u0219i fructate, \u00ee\u021bi ridic\u0103 sim\u021burile \u0219i las\u0103 o impresie de durat\u0103, perfect\u0103 at\u00e2t pentru purtarea de zi cu zi, c\u00e2t \u0219i pentru ocazii speciale.<\/p>\n<h2>Creat pentru femeia modern\u0103<\/h2>\n<p><strong>Apa de Parfum Extreme Violet<\/strong> este mai mult dec\u00e2t un simplu parfum; este o declara\u021bie. Acest parfum revigorant este meticulos creat pentru a se alinia cu stilul de via\u021b\u0103 al femeii moderne, oferind o arom\u0103 unic\u0103 care combin\u0103 puterea \u0219i feminitatea. Notele de v\u00e2rf izbucnesc cu fructe vibrante, tranzi\u021bion\u00e2ndu-se elegant \u00eentr-o inim\u0103 de flori delicate, cre\u00e2nd un echilibru armonios care este at\u00e2t r\u0103coritor, c\u00e2t \u0219i atr\u0103g\u0103tor.<\/p>\n<h2>Experien\u021b\u0103 de parfum de lung\u0103 durat\u0103<\/h2>\n<p>Una dintre caracteristicile remarcabile ale <strong>Apa de Parfum Extreme Violet<\/strong> este longevitatea sa impresionant\u0103. Cu doar c\u00e2teva pulveriz\u0103ri, te vei bucura de un parfum de durat\u0103 care persist\u0103 pe tot parcursul zilei. Notele de baz\u0103 ofer\u0103 o nuan\u021b\u0103 cald\u0103, lemnoas\u0103, asigur\u00e2ndu-se c\u0103 acest parfum delicat r\u0103m\u00e2ne cu tine, sporindu-\u021bi \u00eencrederea de diminea\u021ba p\u00e2n\u0103 seara.<\/p>\n<p>Prezentat \u00eentr-o sticl\u0103 de 100 ml frumos proiectat\u0103, acest parfum nu este doar un r\u0103sf\u0103\u021b pentru sim\u021burile tale, ci \u0219i un plus uimitor pentru toaleta ta. <strong>Face\u021bi din Apa de Parfum Extreme Violet de Louis Varel<\/strong> o parte a ritualului dumneavoastr\u0103 zilnic \u0219i l\u0103sa\u021bi-l s\u0103 v\u0103 \u00eencapsuleze stilul unic.<\/p>","protected":false},"excerpt":{"rendered":"<p><strong>Nota de varf:\u00a0<\/strong>grapefruit si mandarina<br \/>\n<strong>Not\u0103 de mijloc:\u00a0<\/strong>violet, lemn de santal, floare alb\u0103 \u0219i note pudrate<br \/>\n<strong>Nota de baza:\u00a0<\/strong>vanilie, iris si mosc<\/p>","protected":false},"featured_media":1377,"comment_status":"open","ping_status":"closed","template":"","meta":{"om_disable_all_campaigns":false,"_monsterinsights_skip_tracking":false,"_monsterinsights_sitenote_active":false,"_monsterinsights_sitenote_note":"","_monsterinsights_sitenote_category":0},"product_brand":[67],"product_cat":[66],"product_tag":[],"class_list":{"0":"post-1375","1":"product","2":"type-product","3":"status-publish","4":"has-post-thumbnail","6":"product_brand-louis-varel","7":"product_cat-parfumuri-frantuzesti-2","9":"first","10":"instock","11":"shipping-taxable","12":"purchasable","13":"product-type-simple"},"aioseo_notices":[],"ct_brands":[{"id":67,"name":"Louis Varel","slug":"louis-varel"}],"_links":{"self":[{"href":"https:\/\/habibimb.com\/en\/wp-json\/wp\/v2\/product\/1375","targetHints":{"allow":["GET"]}}],"collection":[{"href":"https:\/\/habibimb.com\/en\/wp-json\/wp\/v2\/product"}],"about":[{"href":"https:\/\/habibimb.com\/en\/wp-json\/wp\/v2\/types\/product"}],"replies":[{"embeddable":true,"href":"https:\/\/habibimb.com\/en\/wp-json\/wp\/v2\/comments?post=1375"}],"wp:featuredmedia":[{"embeddable":true,"href":"https:\/\/habibimb.com\/en\/wp-json\/wp\/v2\/media\/1377"}],"wp:attachment":[{"href":"https:\/\/habibimb.com\/en\/wp-json\/wp\/v2\/media?parent=1375"}],"wp:term":[{"taxonomy":"product_brand","embeddable":true,"href":"https:\/\/habibimb.com\/en\/wp-json\/wp\/v2\/product_brand?post=1375"},{"taxonomy":"product_cat","embeddable":true,"href":"https:\/\/habibimb.com\/en\/wp-json\/wp\/v2\/product_cat?post=1375"},{"taxonomy":"product_tag","embeddable":true,"href":"https:\/\/habibimb.com\/en\/wp-json\/wp\/v2\/product_tag?post=1375"}],"curies":[{"name":"wp","href":"https:\/\/api.w.org\/{rel}","templated":true}]}}