{"id":1370,"date":"2025-04-24T10:11:50","date_gmt":"2025-04-24T10:11:50","guid":{"rendered":"https:\/\/habibimb.com\/?post_type=product&#038;p=1370"},"modified":"2025-05-15T07:30:51","modified_gmt":"2025-05-15T07:30:51","slug":"apa-de-parfum-extreme-oud-louis-varel-barbati-100ml","status":"publish","type":"product","link":"https:\/\/habibimb.com\/en\/product\/apa-de-parfum-extreme-oud-louis-varel-barbati-100ml\/","title":{"rendered":"Extreme Oud, Louis Varel"},"content":{"rendered":"<h2>Dezl\u0103n\u021buie-\u021bi sim\u021burile cu Extreme Oud<\/h2>\n<p>Experimenta\u021bi alura captivant\u0103 a <strong>Apa de Parfum Extreme Oud<\/strong> de Louis Varel, un parfum conceput pentru b\u0103rbatul modern care apreciaz\u0103 luxul \u0219i rafinamentul. Acest parfum rafinat \u00eentruchipeaz\u0103 esen\u021ba bogat\u0103 \u0219i misterioas\u0103 a oudului, adesea denumit\u0103 aur lichid. Fiecare spritz ofer\u0103 un amestec \u00eemb\u0103t\u0103tor care captiveaz\u0103 sim\u021burile, f\u0103c\u00e2ndu-l accesoriul perfect pentru orice ocazie.<\/p>\n<h2>Un parfum care define\u0219te masculinitatea<\/h2>\n<p><strong>Apa de Parfum Extreme Oud<\/strong> este creat pentru cei care \u00eembr\u0103\u021bi\u0219eaz\u0103 puterea \u00een caracterul \u0219i stilul lor. Notele robuste de oud sunt completate de un amestec armonios de condimente \u0219i nuan\u021be calde de lemn, cre\u00e2nd un parfum care este at\u00e2t puternic, c\u00e2t \u0219i primitor. Aceast\u0103 sticl\u0103 de 100 ml de elegan\u021b\u0103 pur\u0103 este o pies\u0103 statement care se potrive\u0219te at\u00e2t \u00eent\u00e2lnirilor formale, c\u00e2t \u0219i \u00eent\u00e2lnirilor casual.<\/p>\n<h2>\u00cembun\u0103t\u0103\u021be\u0219te-\u021bi colec\u021bia de parfumuri<\/h2>\n<p>A investi \u00een <strong>Apa de Parfum Extreme Oud<\/strong> \u00eenseamn\u0103 a investi \u00eentr-un parfum care rezist\u0103 testului timpului. Longevitatea \u0219i silajul acestui parfum v\u0103 asigur\u0103 c\u0103 r\u0103m\u00e2ne\u021bi memorabil mult timp dup\u0103 ce a\u021bi p\u0103r\u0103sit camera. Ideal pentru toate anotimpurile, aroma sa bogat\u0103 te \u00eenv\u0103luie \u00een c\u0103ldur\u0103 \u00een lunile mai reci \u0219i r\u0103m\u00e2ne unic vara. R\u0103sf\u0103\u021ba\u021bi-v\u0103 sau d\u0103rui\u021bi-l cuiva special \u0219i descoperi\u021bi atrac\u021bia de neegalat a acestui parfum iconic<\/p>","protected":false},"excerpt":{"rendered":"<p>Dezl\u0103n\u021buie-\u021bi sim\u021burile cu Extreme Oud Experimenta\u021bi alura captivant\u0103 a Apa de Parfum Extreme Oud de Louis Varel, un parfum conceput pentru b\u0103rbatul modern care apreciaz\u0103 luxul \u0219i rafinamentul. Acest parfum rafinat \u00eentruchipeaz\u0103 esen\u021ba bogat\u0103 \u0219i misterioas\u0103 a oudului, adesea denumit\u0103 aur lichid. Fiecare spritz ofer\u0103 un amestec \u00eemb\u0103t\u0103tor care captiveaz\u0103 sim\u021burile, f\u0103c\u00e2ndu-l accesoriul perfect pentru [&hellip;]<\/p>","protected":false},"featured_media":2379,"comment_status":"open","ping_status":"closed","template":"","meta":{"om_disable_all_campaigns":false,"_monsterinsights_skip_tracking":false,"_monsterinsights_sitenote_active":false,"_monsterinsights_sitenote_note":"","_monsterinsights_sitenote_category":0},"product_brand":[67],"product_cat":[66],"product_tag":[],"class_list":{"0":"post-1370","1":"product","2":"type-product","3":"status-publish","4":"has-post-thumbnail","6":"product_brand-louis-varel","7":"product_cat-parfumuri-frantuzesti-2","9":"first","10":"instock","11":"shipping-taxable","12":"purchasable","13":"product-type-simple"},"aioseo_notices":[],"ct_brands":[{"id":67,"name":"Louis Varel","slug":"louis-varel"}],"_links":{"self":[{"href":"https:\/\/habibimb.com\/en\/wp-json\/wp\/v2\/product\/1370","targetHints":{"allow":["GET"]}}],"collection":[{"href":"https:\/\/habibimb.com\/en\/wp-json\/wp\/v2\/product"}],"about":[{"href":"https:\/\/habibimb.com\/en\/wp-json\/wp\/v2\/types\/product"}],"replies":[{"embeddable":true,"href":"https:\/\/habibimb.com\/en\/wp-json\/wp\/v2\/comments?post=1370"}],"wp:featuredmedia":[{"embeddable":true,"href":"https:\/\/habibimb.com\/en\/wp-json\/wp\/v2\/media\/2379"}],"wp:attachment":[{"href":"https:\/\/habibimb.com\/en\/wp-json\/wp\/v2\/media?parent=1370"}],"wp:term":[{"taxonomy":"product_brand","embeddable":true,"href":"https:\/\/habibimb.com\/en\/wp-json\/wp\/v2\/product_brand?post=1370"},{"taxonomy":"product_cat","embeddable":true,"href":"https:\/\/habibimb.com\/en\/wp-json\/wp\/v2\/product_cat?post=1370"},{"taxonomy":"product_tag","embeddable":true,"href":"https:\/\/habibimb.com\/en\/wp-json\/wp\/v2\/product_tag?post=1370"}],"curies":[{"name":"wp","href":"https:\/\/api.w.org\/{rel}","templated":true}]}}