{"id":1367,"date":"2025-04-24T10:07:08","date_gmt":"2025-04-24T10:07:08","guid":{"rendered":"https:\/\/habibimb.com\/?post_type=product&#038;p=1367"},"modified":"2025-05-15T07:30:51","modified_gmt":"2025-05-15T07:30:51","slug":"apa-de-parfum-extreme-musk-louis-varel-unisex-100ml","status":"publish","type":"product","link":"https:\/\/habibimb.com\/en\/product\/apa-de-parfum-extreme-musk-louis-varel-unisex-100ml\/","title":{"rendered":"Extreme Musk, Louis Varel"},"content":{"rendered":"<h2>Experimenta\u021bi farmecul moscului extrem<\/h2>\n<p>V\u0103 prezent\u0103m Apa de Parfum Extreme Musk de Louis Varel, un parfum unisex care aduce o experien\u021b\u0103 de neegalat sim\u021burilor tale. Acest parfum rafinat este conceput pentru cei care apreciaz\u0103 lucrurile mai bune din via\u021b\u0103 \u0219i doresc s\u0103 fac\u0103 o impresie de durat\u0103. Cu notele sale atr\u0103g\u0103toare, Extreme Musk captiveaz\u0103 at\u00e2t b\u0103rba\u021bii, c\u00e2t \u0219i femeile, oferind un parfum versatil, dar distinct, care poate fi purtat cu orice ocazie.<\/p>\n<h2>Profilul parfumului<\/h2>\n<p>Apa de Parfum Extreme Musk are un amestec atr\u0103g\u0103tor de note de v\u00e2rf, mijloc \u0219i de baz\u0103 care se armonizeaz\u0103 frumos. Explozia ini\u021bial\u0103 de bergamot\u0103 proasp\u0103t\u0103 \u0219i iasomie elegant\u0103 creeaz\u0103 o deschidere \u00eembietoare, trec\u00e2nd f\u0103r\u0103 probleme \u00een note de inim\u0103 de nuc\u0219oar\u0103 picant\u0103 \u0219i lavand\u0103 aromat\u0103. \u00cen cele din urm\u0103, parfumul se instaleaz\u0103 \u00eentr-o baz\u0103 cald\u0103 \u0219i senzual\u0103 de note bogate de mosc \u0219i chihlimbar moale, oferind un finisaj luxos care persist\u0103 pe tot parcursul zilei.<\/p>\n<h2>De ce s\u0103 alegi Extreme Musk?<\/h2>\n<p>Aceast\u0103 sticl\u0103 de 100 ml ofer\u0103 nu numai o cantitate impresionant\u0103, ci \u0219i un design izbitor, care arat\u0103 elegant pe orice chiuvet\u0103. Indiferent dac\u0103 te \u00eendrep\u021bi spre un eveniment formal sau te bucuri de o ie\u0219ire casual, acest parfum serve\u0219te ca accesoriu perfect pentru a-\u021bi \u00eembun\u0103t\u0103\u021bi stilul personal. Este mai mult dec\u00e2t un simplu parfum; este o declara\u021bie de \u00eencredere \u0219i rafinament care rezoneaz\u0103 cu fiecare spray.<\/p>\n<p>\u00cembr\u0103\u021bi\u0219eaz\u0103 esen\u021ba unic\u0103 a Apa de Parfum Extreme Musk de Louis Varel ast\u0103zi. Acest parfum unisex promite o c\u0103l\u0103torie olfactiv\u0103 f\u0103r\u0103 egal, invit\u00e2ndu-v\u0103 s\u0103 v\u0103 explora\u021bi individualitatea, l\u0103s\u00e2nd \u00een acela\u0219i timp o impresie memorabil\u0103 asupra tuturor celor pe care \u00eei \u00eent\u00e2lni\u021bi.<\/p>","protected":false},"excerpt":{"rendered":"<p>Note de v\u00e2rf: L\u0103cr\u0103mioar\u0103, Caramel \u015fi Ghimbir<\/p>\n<p>Note de mijloc: Trandafir, Patchouli, Smirn\u0103 \u015fi Lemn de Santal<\/p>\n<p>Note de baz\u0103: Ambra gri, Smirn\u0103, Lemn de Agar (Oud), Mosc \u015fi Vanilie<\/p>","protected":false},"featured_media":1368,"comment_status":"open","ping_status":"closed","template":"","meta":{"om_disable_all_campaigns":false,"_monsterinsights_skip_tracking":false,"_monsterinsights_sitenote_active":false,"_monsterinsights_sitenote_note":"","_monsterinsights_sitenote_category":0},"product_brand":[67],"product_cat":[66],"product_tag":[],"class_list":{"0":"post-1367","1":"product","2":"type-product","3":"status-publish","4":"has-post-thumbnail","6":"product_brand-louis-varel","7":"product_cat-parfumuri-frantuzesti-2","9":"first","10":"instock","11":"shipping-taxable","12":"purchasable","13":"product-type-simple"},"aioseo_notices":[],"ct_brands":[{"id":67,"name":"Louis Varel","slug":"louis-varel"}],"_links":{"self":[{"href":"https:\/\/habibimb.com\/en\/wp-json\/wp\/v2\/product\/1367","targetHints":{"allow":["GET"]}}],"collection":[{"href":"https:\/\/habibimb.com\/en\/wp-json\/wp\/v2\/product"}],"about":[{"href":"https:\/\/habibimb.com\/en\/wp-json\/wp\/v2\/types\/product"}],"replies":[{"embeddable":true,"href":"https:\/\/habibimb.com\/en\/wp-json\/wp\/v2\/comments?post=1367"}],"wp:featuredmedia":[{"embeddable":true,"href":"https:\/\/habibimb.com\/en\/wp-json\/wp\/v2\/media\/1368"}],"wp:attachment":[{"href":"https:\/\/habibimb.com\/en\/wp-json\/wp\/v2\/media?parent=1367"}],"wp:term":[{"taxonomy":"product_brand","embeddable":true,"href":"https:\/\/habibimb.com\/en\/wp-json\/wp\/v2\/product_brand?post=1367"},{"taxonomy":"product_cat","embeddable":true,"href":"https:\/\/habibimb.com\/en\/wp-json\/wp\/v2\/product_cat?post=1367"},{"taxonomy":"product_tag","embeddable":true,"href":"https:\/\/habibimb.com\/en\/wp-json\/wp\/v2\/product_tag?post=1367"}],"curies":[{"name":"wp","href":"https:\/\/api.w.org\/{rel}","templated":true}]}}