{"id":1352,"date":"2025-04-22T13:17:05","date_gmt":"2025-04-22T13:17:05","guid":{"rendered":"https:\/\/habibimb.com\/?post_type=product&#038;p=1352"},"modified":"2025-09-22T10:06:03","modified_gmt":"2025-09-22T10:06:03","slug":"apa-de-parfum-aventos-green-fragrance-world-barbati-50ml","status":"publish","type":"product","link":"https:\/\/habibimb.com\/en\/product\/apa-de-parfum-aventos-green-fragrance-world-barbati-50ml\/","title":{"rendered":"Aventos Green , Fragrance World"},"content":{"rendered":"<h2>Dezl\u0103n\u021buie-\u021bi spiritul cu Aventos Green<\/h2>\n<p>Descoperi\u021bi esen\u021ba rafinamentului \u0219i a vitalit\u0103\u021bii cu Apa de Parfum Aventos Green de la Fragrance World. Acest parfum rafinat pentru b\u0103rba\u021bi \u00eencapsuleaz\u0103 spiritul de aventur\u0103 \u0219i lux, perfect pentru b\u0103rbatul modern care caut\u0103 s\u0103 fac\u0103 o declara\u021bie. Cu amestecul s\u0103u atr\u0103g\u0103tor de note proaspete \u0219i p\u0103m\u00e2ntii, Aventos Green promite s\u0103-\u021bi ridice prezen\u021ba \u0219i s\u0103-\u021bi \u00eembun\u0103t\u0103\u021beasc\u0103 \u00eencrederea.<\/p>\n<h2>O experien\u021b\u0103 de arom\u0103 revigorant\u0103<\/h2>\n<p>Un amestec de citrice vibrante \u0219i nuan\u021be calde de lemn define\u0219te Aventos Green. Notele de v\u00e2rf explodeaz\u0103 cu citrice revigorante, aduc\u00e2nd o energie r\u0103coritoare care v\u0103 revigoreaz\u0103 sim\u021burile. Notele de mijloc introduc o elegan\u021b\u0103 subtil\u0103 cu note de salvie \u0219i m\u0103r verde, echilibr\u00e2nd perfect prospe\u021bimea cu profunzimea. \u00cen cele din urm\u0103, notele de baz\u0103 de mu\u0219chi de stejar \u0219i patchouli \u00eemp\u0103m\u00e2nteaz\u0103 parfumul, cre\u00e2nd o urm\u0103 persistent\u0103 care captiveaz\u0103 oriunde te-ai duce.<\/p>\n<h2>Perfect pentru orice ocazie<\/h2>\n<p>Versatilitatea Aventos Green \u00eel face potrivit pentru toate ocaziile, fie c\u0103 este vorba de o ie\u0219ire casual sau un eveniment formal. Parfumul \u00eenc\u00e2nt\u0103tor nu numai c\u0103 v\u0103 completeaz\u0103 purtarea de zi cu zi, dar adaug\u0103 \u0219i o not\u0103 sofisticat\u0103 ocaziilor speciale. Cu doar un spritz, experimenteaz\u0103 un parfum care se \u00eembin\u0103 perfect cu stilul t\u0103u personal \u0219i las\u0103 o impresie de durat\u0103. Fiecare sticl\u0103 de 50 ml este conceput\u0103 pentru confortul t\u0103u, f\u0103c\u00e2ndu-l u\u0219or de transportat \u0219i de aplicat oric\u00e2nd ai nevoie de un impuls r\u0103coritor.<\/p>\n<p>R\u0103sf\u0103\u021ba\u021bi-v\u0103 cu aroma vibrant\u0103 a Apa de Parfum Aventos Green \u0219i \u00eembr\u0103\u021bi\u0219a\u021bi un parfum care vorbe\u0219te despre identitatea dvs. Experimenteaz\u0103 \u00eencrederea care vine odat\u0103 cu faptul c\u0103 \u0219tii c\u0103 mirosi la fel de fantastic pe c\u00e2t te sim\u021bi. Adaug\u0103 acest parfum esen\u021bial colec\u021biei tale \u0219i redefine\u0219te-\u021bi prezen\u021ba ast\u0103ziA<\/p>","protected":false},"excerpt":{"rendered":"<p data-start=\"507\" data-end=\"720\">Inspirat din Creed Aventus<\/p>\n<p data-start=\"507\" data-end=\"720\"><strong data-start=\"510\" data-end=\"527\">Note de v\u00e2rf:<\/strong>\u00a0Verbena de l\u0103m\u00e2ie, Note citrice \u2013 Debutul parfumului este energizant \u0219i revigorant, cu un mix exploziv de verbena de l\u0103m\u00e2ie \u0219i acorduri citrice, ce adaug\u0103 prospe\u021bime \u0219i dinamism compozi\u021biei.<\/p>\n<p data-start=\"722\" data-end=\"885\">\u00a0<strong data-start=\"725\" data-end=\"744\">Note de mijloc:<\/strong>\u00a0Iris \u2013 Inima parfumului este dominat\u0103 de iris, un ingredient pre\u021bios \u0219i elegant, ce adaug\u0103 un caracter sofisticat, u\u0219or pudrat \u0219i rafinat.<\/p>\n<p data-start=\"887\" data-end=\"1129\">\u00a0<strong data-start=\"890\" data-end=\"907\">Note de baz\u0103:<\/strong>\u00a0Ambr\u0103 gri, Lemn de santal \u2013 Finalul parfumului este cald \u0219i senzual, cu ambr\u0103 gri intens\u0103 \u0219i profund\u0103, al\u0103turi de lemnul de santal, care adaug\u0103 un aer lemnos, cremos \u0219i sofisticat, l\u0103s\u00e2nd o amprent\u0103 memorabil\u0103 pe piele.<\/p>","protected":false},"featured_media":1354,"comment_status":"open","ping_status":"closed","template":"","meta":{"om_disable_all_campaigns":false,"_monsterinsights_skip_tracking":false,"_monsterinsights_sitenote_active":false,"_monsterinsights_sitenote_note":"","_monsterinsights_sitenote_category":0},"product_brand":[61],"product_cat":[62],"product_tag":[],"class_list":{"0":"post-1352","1":"product","2":"type-product","3":"status-publish","4":"has-post-thumbnail","6":"product_brand-fragance-world","7":"product_cat-parfumuri-sub-45ron","9":"first","10":"instock","11":"shipping-taxable","12":"purchasable","13":"product-type-simple"},"aioseo_notices":[],"ct_brands":[{"id":61,"name":"Fragrance World","slug":"fragance-world"}],"_links":{"self":[{"href":"https:\/\/habibimb.com\/en\/wp-json\/wp\/v2\/product\/1352","targetHints":{"allow":["GET"]}}],"collection":[{"href":"https:\/\/habibimb.com\/en\/wp-json\/wp\/v2\/product"}],"about":[{"href":"https:\/\/habibimb.com\/en\/wp-json\/wp\/v2\/types\/product"}],"replies":[{"embeddable":true,"href":"https:\/\/habibimb.com\/en\/wp-json\/wp\/v2\/comments?post=1352"}],"wp:featuredmedia":[{"embeddable":true,"href":"https:\/\/habibimb.com\/en\/wp-json\/wp\/v2\/media\/1354"}],"wp:attachment":[{"href":"https:\/\/habibimb.com\/en\/wp-json\/wp\/v2\/media?parent=1352"}],"wp:term":[{"taxonomy":"product_brand","embeddable":true,"href":"https:\/\/habibimb.com\/en\/wp-json\/wp\/v2\/product_brand?post=1352"},{"taxonomy":"product_cat","embeddable":true,"href":"https:\/\/habibimb.com\/en\/wp-json\/wp\/v2\/product_cat?post=1352"},{"taxonomy":"product_tag","embeddable":true,"href":"https:\/\/habibimb.com\/en\/wp-json\/wp\/v2\/product_tag?post=1352"}],"curies":[{"name":"wp","href":"https:\/\/api.w.org\/{rel}","templated":true}]}}