{"id":1308,"date":"2025-04-21T14:21:26","date_gmt":"2025-04-21T14:21:26","guid":{"rendered":"https:\/\/habibimb.com\/?post_type=product&#038;p=1308"},"modified":"2025-09-19T12:01:25","modified_gmt":"2025-09-19T12:01:25","slug":"apa-de-parfum-smart-black-fragrance-world-barbati-50ml","status":"publish","type":"product","link":"https:\/\/habibimb.com\/en\/product\/apa-de-parfum-smart-black-fragrance-world-barbati-50ml\/","title":{"rendered":"Smart Black, Fragrance World"},"content":{"rendered":"<h2>Dezl\u0103n\u021buie-\u021bi parfumul semn\u0103tur\u0103<\/h2>\n<p>V\u0103 prezent\u0103m Apa de Parfum Smart Black de la Fragrance World, un parfum \u00eendr\u0103zne\u021b \u0219i captivant conceput special pentru b\u0103rba\u021bi. Acest parfum rafinat \u00eencapsuleaz\u0103 esen\u021ba rafinamentului modern, eman\u00e2nd \u00een acela\u0219i timp un aer de \u00eencredere. La 50 ml, parfumul Smart Black este perfect pentru utilizarea de zi cu zi sau pentru ocazii speciale.<\/p>\n<h2>Un amestec unic de note parfumate<\/h2>\n<p>Creat cu un amestec armonios de note, Apa de Parfum Smart Black prezint\u0103 o combina\u021bie atr\u0103g\u0103toare de arome picante \u0219i lemnoase. Notele de v\u00e2rf \u00ee\u021bi revigoreaz\u0103 sim\u021burile cu o explozie r\u0103coritoare de citrice, \u00een timp ce inima dezv\u0103luie un buchet floral captivant, oferind profunzime \u0219i complexitate. \u00cen cele din urm\u0103, notele de baz\u0103, bogate \u00een lemn de santal \u0219i chihlimbar, las\u0103 o impresie de durat\u0103 care persist\u0103 pe tot parcursul zilei.<\/p>\n<h2>Perfect pentru fiecare b\u0103rbat<\/h2>\n<p>Indiferent dac\u0103 te \u00eendrep\u021bi la birou, la o \u00eent\u00e2lnire sau participi la un eveniment formal, Apa de Parfum Smart Black este atingerea final\u0103 ideal\u0103 pentru \u021binuta ta. Parfumul s\u0103u versatil trece f\u0103r\u0103 efort de la zi la noapte, f\u0103c\u00e2ndu-l un plus obligatoriu pentru colec\u021bia ta de parfumuri. \u00cembun\u0103t\u0103\u021be\u0219te-\u021bi rutina de \u00eengrijire cu acest parfum elegant care vorbe\u0219te despre personalitatea \u0219i stilul t\u0103u.<\/p>\n<p>Smart Black nu numai c\u0103 ofer\u0103 o atrac\u021bie incontestabil\u0103, dar reflect\u0103 \u0219i un angajament fa\u021b\u0103 de calitate \u0219i m\u0103iestrie pentru care Fragrance World este renumit. Fabricat cu ingrediente de \u00eenalt\u0103 calitate, acest parfum asigur\u0103 o purtare de lung\u0103 durat\u0103, permi\u021b\u00e2ndu-v\u0103 s\u0103 purta\u021bi parfumul semn\u0103tur\u0103 oriunde merge\u021bi.<\/p>\n<p>R\u0103sf\u0103\u021ba\u021bi-v\u0103 cu parfumul bogat \u0219i distinctiv al Apa de Parfum Smart Black \u0219i face\u021bi o declara\u021bie care rezoneaz\u0103. Acest parfum este o m\u0103rturie a b\u0103rbatului modern, care \u00eembr\u0103\u021bi\u0219eaz\u0103 at\u00e2t elegan\u021ba, c\u00e2t \u0219i puterea.<\/p>","protected":false},"excerpt":{"rendered":"<p>Dezl\u0103n\u021buie-\u021bi parfumul semn\u0103tur\u0103 V\u0103 prezent\u0103m Apa de Parfum Smart Black de la Fragrance World, un parfum \u00eendr\u0103zne\u021b \u0219i captivant conceput special pentru b\u0103rba\u021bi. Acest parfum rafinat \u00eencapsuleaz\u0103 esen\u021ba rafinamentului modern, eman\u00e2nd \u00een acela\u0219i timp un aer de \u00eencredere. La 50 ml, parfumul Smart Black este perfect pentru utilizarea de zi cu zi sau pentru ocazii [&hellip;]<\/p>","protected":false},"featured_media":1315,"comment_status":"open","ping_status":"closed","template":"","meta":{"om_disable_all_campaigns":false,"_monsterinsights_skip_tracking":false,"_monsterinsights_sitenote_active":false,"_monsterinsights_sitenote_note":"","_monsterinsights_sitenote_category":0},"product_brand":[61],"product_cat":[62],"product_tag":[],"class_list":{"0":"post-1308","1":"product","2":"type-product","3":"status-publish","4":"has-post-thumbnail","6":"product_brand-fragance-world","7":"product_cat-parfumuri-sub-45ron","9":"first","10":"instock","11":"shipping-taxable","12":"purchasable","13":"product-type-simple"},"aioseo_notices":[],"ct_brands":[{"id":61,"name":"Fragrance World","slug":"fragance-world"}],"_links":{"self":[{"href":"https:\/\/habibimb.com\/en\/wp-json\/wp\/v2\/product\/1308","targetHints":{"allow":["GET"]}}],"collection":[{"href":"https:\/\/habibimb.com\/en\/wp-json\/wp\/v2\/product"}],"about":[{"href":"https:\/\/habibimb.com\/en\/wp-json\/wp\/v2\/types\/product"}],"replies":[{"embeddable":true,"href":"https:\/\/habibimb.com\/en\/wp-json\/wp\/v2\/comments?post=1308"}],"wp:featuredmedia":[{"embeddable":true,"href":"https:\/\/habibimb.com\/en\/wp-json\/wp\/v2\/media\/1315"}],"wp:attachment":[{"href":"https:\/\/habibimb.com\/en\/wp-json\/wp\/v2\/media?parent=1308"}],"wp:term":[{"taxonomy":"product_brand","embeddable":true,"href":"https:\/\/habibimb.com\/en\/wp-json\/wp\/v2\/product_brand?post=1308"},{"taxonomy":"product_cat","embeddable":true,"href":"https:\/\/habibimb.com\/en\/wp-json\/wp\/v2\/product_cat?post=1308"},{"taxonomy":"product_tag","embeddable":true,"href":"https:\/\/habibimb.com\/en\/wp-json\/wp\/v2\/product_tag?post=1308"}],"curies":[{"name":"wp","href":"https:\/\/api.w.org\/{rel}","templated":true}]}}