{"id":1305,"date":"2025-04-21T14:18:11","date_gmt":"2025-04-21T14:18:11","guid":{"rendered":"https:\/\/habibimb.com\/?post_type=product&#038;p=1305"},"modified":"2025-12-10T13:53:28","modified_gmt":"2025-12-10T13:53:28","slug":"apa-de-parfum-black-ink-fragrance-world-barbati-50ml","status":"publish","type":"product","link":"https:\/\/habibimb.com\/en\/product\/apa-de-parfum-black-ink-fragrance-world-barbati-50ml\/","title":{"rendered":"Black Ink, Fragrance World"},"content":{"rendered":"<h2>Dezl\u0103n\u021buie-\u021bi \u00eencrederea cu cerneala neagr\u0103<\/h2>\n<p>P\u0103\u0219e\u0219te \u00eentr-o lume a rafinamentului \u0219i a farmecului cu <strong>cerneala neagr\u0103 Apa de Parfum<\/strong> de la Fragrance World. Conceput pentru b\u0103rbatul modern, acest parfum captivant este \u00eenso\u021bitorul t\u0103u perfect, oferindu-\u021bi posibilitatea de a-\u021bi exprima individualitatea \u0219i stilul. Amestecul s\u0103u unic de note este adaptat pentru a face o impresie de durat\u0103, fie la o \u00eent\u00e2lnire profesional\u0103, fie la o sear\u0103 intim\u0103.<\/p>\n<h2>Note parfumate captivante<\/h2>\n<p>Parfumul Black Ink se desf\u0103\u0219oar\u0103 cu o deschidere intens\u0103, cu note vibrante de v\u00e2rf care captiveaz\u0103 sim\u021burile. Pe m\u0103sur\u0103 ce parfumul se dezvolt\u0103, inima dezv\u0103luie un amestec armonios de condimente bogate \u0219i nuan\u021be florale, cre\u00e2nd o prezen\u021b\u0103 elegant\u0103, dar \u00eendr\u0103znea\u021b\u0103. Notele de baz\u0103 ancoreaz\u0103 parfumul cu elemente lemnoase calde \u0219i primitoare, asigur\u00e2nd un parfum bine rotunjit care persist\u0103 pe tot parcursul zilei.<\/p>\n<h2>Perfect pentru orice ocazie<\/h2>\n<p>Fie c\u0103 te \u00eembraci pentru o noapte \u00een ora\u0219 sau cau\u021bi un parfum de zi cu zi, <strong>cerneala neagr\u0103 Apa de Parfum<\/strong> este suficient de versatil\u0103 pentru a se potrivi oric\u0103rei ocazii. Sticla sa de 50 ml este prietenoas\u0103 cu c\u0103l\u0103toriile \u0219i u\u0219or de transportat, permi\u021b\u00e2ndu-v\u0103 s\u0103 v\u0103 re\u00eemprosp\u0103ta\u021bi parfumul oric\u00e2nd dori\u021bi. Acest parfum este ideal pentru b\u0103rbatul \u00eencrez\u0103tor, contemporan, care apreciaz\u0103 lucrurile fine din via\u021b\u0103.<\/p>\n<p>\u00cembun\u0103t\u0103\u021be\u0219te-\u021bi jocul de parfumuri cu cerneala neagr\u0103 \u0219i experimenteaz\u0103 puterea parfumului care spune multe despre personalitatea ta. \u00cembr\u0103\u021bi\u0219eaz\u0103 farmecul \u0219i alege un parfum care \u00eentruchipeaz\u0103 elegan\u021b\u0103, for\u021b\u0103 \u0219i rafinament.<\/p>","protected":false},"excerpt":{"rendered":"<p>Dezl\u0103n\u021buie-\u021bi \u00eencrederea cu cerneala neagr\u0103 P\u0103\u0219e\u0219te \u00eentr-o lume a rafinamentului \u0219i a farmecului cu cerneala neagr\u0103 Apa de Parfum de la Fragrance World. Conceput pentru b\u0103rbatul modern, acest parfum captivant este \u00eenso\u021bitorul t\u0103u perfect, oferindu-\u021bi posibilitatea de a-\u021bi exprima individualitatea \u0219i stilul. Amestecul s\u0103u unic de note este adaptat pentru a face o impresie de [&hellip;]<\/p>","protected":false},"featured_media":1306,"comment_status":"open","ping_status":"closed","template":"","meta":{"om_disable_all_campaigns":false,"_monsterinsights_skip_tracking":false,"_monsterinsights_sitenote_active":false,"_monsterinsights_sitenote_note":"","_monsterinsights_sitenote_category":0},"product_brand":[61],"product_cat":[62],"product_tag":[],"class_list":{"0":"post-1305","1":"product","2":"type-product","3":"status-publish","4":"has-post-thumbnail","6":"product_brand-fragance-world","7":"product_cat-parfumuri-sub-45ron","9":"first","10":"instock","11":"shipping-taxable","12":"purchasable","13":"product-type-simple"},"aioseo_notices":[],"ct_brands":[{"id":61,"name":"Fragrance World","slug":"fragance-world"}],"_links":{"self":[{"href":"https:\/\/habibimb.com\/en\/wp-json\/wp\/v2\/product\/1305","targetHints":{"allow":["GET"]}}],"collection":[{"href":"https:\/\/habibimb.com\/en\/wp-json\/wp\/v2\/product"}],"about":[{"href":"https:\/\/habibimb.com\/en\/wp-json\/wp\/v2\/types\/product"}],"replies":[{"embeddable":true,"href":"https:\/\/habibimb.com\/en\/wp-json\/wp\/v2\/comments?post=1305"}],"wp:featuredmedia":[{"embeddable":true,"href":"https:\/\/habibimb.com\/en\/wp-json\/wp\/v2\/media\/1306"}],"wp:attachment":[{"href":"https:\/\/habibimb.com\/en\/wp-json\/wp\/v2\/media?parent=1305"}],"wp:term":[{"taxonomy":"product_brand","embeddable":true,"href":"https:\/\/habibimb.com\/en\/wp-json\/wp\/v2\/product_brand?post=1305"},{"taxonomy":"product_cat","embeddable":true,"href":"https:\/\/habibimb.com\/en\/wp-json\/wp\/v2\/product_cat?post=1305"},{"taxonomy":"product_tag","embeddable":true,"href":"https:\/\/habibimb.com\/en\/wp-json\/wp\/v2\/product_tag?post=1305"}],"curies":[{"name":"wp","href":"https:\/\/api.w.org\/{rel}","templated":true}]}}