{"id":1302,"date":"2025-04-21T14:15:13","date_gmt":"2025-04-21T14:15:13","guid":{"rendered":"https:\/\/habibimb.com\/?post_type=product&#038;p=1302"},"modified":"2025-10-04T05:28:24","modified_gmt":"2025-10-04T05:28:24","slug":"apa-de-parfum-hayaati-fragrance-world-barbati-50ml","status":"publish","type":"product","link":"https:\/\/habibimb.com\/en\/product\/apa-de-parfum-hayaati-fragrance-world-barbati-50ml\/","title":{"rendered":"Hayaati, Fragrance World"},"content":{"rendered":"<h2>Dezv\u0103lui\u021bi luxul Hayaati<\/h2>\n<p>Descoperi\u021bi aroma captivant\u0103 a <strong>Apa de Parfum Hayaati<\/strong> de la Fragrance World, un parfum care \u00eentruchipeaz\u0103 rafinamentul \u0219i farmecul. Perfect amestecat pentru a evoca o alur\u0103 irezistibil\u0103, acest 50 ml prin excelen\u021b\u0103 este conceput pentru domnul modern care apreciaz\u0103 lucrurile fine din via\u021b\u0103. Cu fiecare pulverizare, Hayaati dezv\u0103luie o poveste de elegan\u021b\u0103 \u0219i \u00eencredere, f\u0103c\u00e2ndu-l un must-have \u00een orice colec\u021bie de parfumuri.<\/p>\n<h2>Note care captiveaz\u0103<\/h2>\n<p>Parfumul se deschide cu o explozie revigorant\u0103 de note de v\u00e2rf proaspete care trezesc sim\u021burile \u0219i dau tonul c\u0103l\u0103toriei care urmeaz\u0103. Pe m\u0103sur\u0103 ce notele de inim\u0103 se desf\u0103\u0219oar\u0103, ve\u021bi experimenta un amestec armonios care aduce c\u0103ldur\u0103 \u0219i profunzime, cre\u00e2nd o experien\u021b\u0103 \u00eenc\u00e2nt\u0103toare care dureaz\u0103. \u00cen cele din urm\u0103, notele de baz\u0103 ofer\u0103 un final persistent care te \u00eenv\u0103luie \u00eentr-o arom\u0103 moale \u0219i sofisticat\u0103. Hayaati nu este doar un parfum; este o declara\u021bie de stil \u0219i individualitate.<\/p>\n<h2>De ce s\u0103 alegi Hayaati?<\/h2>\n<p>Alegerea <strong>Apa de Parfum Hayaati<\/strong> \u00eenseamn\u0103 alegerea calit\u0103\u021bii \u0219i longevit\u0103\u021bii. Acest parfum rafinat este realizat cu ingrediente de \u00eenalt\u0103 calitate care asigur\u0103 durabilitate \u0219i un parfum de neuitat pe tot parcursul zilei. Ideal pentru orice ocazie, fie c\u0103 este vorba de un eveniment formal sau de o ie\u0219ire casual, Hayaati se adapteaz\u0103 stilului t\u0103u de via\u021b\u0103, sporindu-\u021bi prezen\u021ba f\u0103r\u0103 a fi cople\u0219itor. \u00cembr\u0103\u021bi\u0219eaz\u0103 parfumul caracteristic care las\u0103 o impresie de durat\u0103 oriunde te-ai duce.<\/p>","protected":false},"excerpt":{"rendered":"<p>Inspirat din Invictus Paco Rabanne<\/p>","protected":false},"featured_media":1303,"comment_status":"open","ping_status":"closed","template":"","meta":{"om_disable_all_campaigns":false,"_monsterinsights_skip_tracking":false,"_monsterinsights_sitenote_active":false,"_monsterinsights_sitenote_note":"","_monsterinsights_sitenote_category":0},"product_brand":[61],"product_cat":[62],"product_tag":[],"class_list":{"0":"post-1302","1":"product","2":"type-product","3":"status-publish","4":"has-post-thumbnail","6":"product_brand-fragance-world","7":"product_cat-parfumuri-sub-45ron","9":"first","10":"outofstock","11":"shipping-taxable","12":"purchasable","13":"product-type-simple"},"aioseo_notices":[],"ct_brands":[{"id":61,"name":"Fragrance World","slug":"fragance-world"}],"_links":{"self":[{"href":"https:\/\/habibimb.com\/en\/wp-json\/wp\/v2\/product\/1302","targetHints":{"allow":["GET"]}}],"collection":[{"href":"https:\/\/habibimb.com\/en\/wp-json\/wp\/v2\/product"}],"about":[{"href":"https:\/\/habibimb.com\/en\/wp-json\/wp\/v2\/types\/product"}],"replies":[{"embeddable":true,"href":"https:\/\/habibimb.com\/en\/wp-json\/wp\/v2\/comments?post=1302"}],"wp:featuredmedia":[{"embeddable":true,"href":"https:\/\/habibimb.com\/en\/wp-json\/wp\/v2\/media\/1303"}],"wp:attachment":[{"href":"https:\/\/habibimb.com\/en\/wp-json\/wp\/v2\/media?parent=1302"}],"wp:term":[{"taxonomy":"product_brand","embeddable":true,"href":"https:\/\/habibimb.com\/en\/wp-json\/wp\/v2\/product_brand?post=1302"},{"taxonomy":"product_cat","embeddable":true,"href":"https:\/\/habibimb.com\/en\/wp-json\/wp\/v2\/product_cat?post=1302"},{"taxonomy":"product_tag","embeddable":true,"href":"https:\/\/habibimb.com\/en\/wp-json\/wp\/v2\/product_tag?post=1302"}],"curies":[{"name":"wp","href":"https:\/\/api.w.org\/{rel}","templated":true}]}}