{"id":1299,"date":"2025-04-21T14:11:43","date_gmt":"2025-04-21T14:11:43","guid":{"rendered":"https:\/\/habibimb.com\/?post_type=product&#038;p=1299"},"modified":"2025-09-22T10:01:45","modified_gmt":"2025-09-22T10:01:45","slug":"apa-de-parfum-explore-fragrance-world-barbati-50ml","status":"publish","type":"product","link":"https:\/\/habibimb.com\/en\/product\/apa-de-parfum-explore-fragrance-world-barbati-50ml\/","title":{"rendered":"Explore, Fragrance World"},"content":{"rendered":"<h2>Descoperi\u021bi esen\u021ba aventurii<\/h2>\n<p>Dezl\u0103n\u021buie-\u021bi spiritul \u00eendr\u0103zne\u021b cu Apa de Parfum Explore de la Fragrance World. Aceast\u0103 sticl\u0103 de 50 ml \u00eencapsuleaz\u0103 esen\u021ba explor\u0103rii \u0219i rafinamentului, f\u0103c\u00e2ndu-l un plus obligatoriu pentru colec\u021bia de parfumuri a fiec\u0103rui b\u0103rbat modern. Cu amestecul s\u0103u unic de note aromatice, Explore nu doar \u00ee\u021bi parfumeaz\u0103 pielea; spune o poveste de aventur\u0103 \u0219i \u00eencredere.<\/p>\n<h2>Un amestec armonios de arome<\/h2>\n<p>Apa de Parfum Explore are o compozi\u021bie versatil\u0103 care face apel la gusturile rafinate ale domnului de ast\u0103zi. Parfumul se deschide cu note de v\u00e2rf revigorante care \u00eembin\u0103 citrice \u0219i condimente, revigor\u00e2ndu-\u021bi sim\u021burile \u0219i preg\u0103tind terenul pentru o arom\u0103 captivant\u0103. Pe m\u0103sur\u0103 ce se a\u0219eaz\u0103, ve\u021bi descoperi o inim\u0103 de flori \u00eempletite cu nuan\u021be p\u0103m\u00e2ntii, oferind o profunzime care este at\u00e2t atr\u0103g\u0103toare, c\u00e2t \u0219i memorabil\u0103. \u00cen cele din urm\u0103, parfumul se ad\u00e2nce\u0219te \u00eentr-o baz\u0103 durabil\u0103 de lemn \u0219i mosc, cre\u00e2nd un final cald \u0219i primitor care persist\u0103 pe tot parcursul zilei.<\/p>\n<h2>Parfumul t\u0103u preferat pentru orice ocazie<\/h2>\n<p>Fie c\u0103 te \u00eendrep\u021bi spre birou, te bucuri de o noapte \u00een ora\u0219 sau te \u00eembarci \u00eentr-o aventur\u0103 de weekend, Apa de Parfum Explore este \u00eenso\u021bitorul t\u0103u ideal. Aroma sa echilibrat\u0103 trece f\u0103r\u0103 efort de la zi la noapte, asigur\u00e2ndu-v\u0103 \u00eentotdeauna un miros la fel de bun pe c\u00e2t v\u0103 sim\u021bi\u021bi. Ambalat \u00eentr-o sticl\u0103 elegant\u0103 \u0219i elegant\u0103, este at\u00e2t prietenos cu c\u0103l\u0103toriile, c\u00e2t \u0219i elegant, f\u0103c\u00e2ndu-l perfect pentru uz personal sau ca un cadou atent pentru b\u0103rbatul care pre\u021buie\u0219te calitatea \u0219i stilul.<\/p>\n<p>\u00cembun\u0103t\u0103\u021be\u0219te-\u021bi experien\u021ba parfumului cu Apa de Parfum Explore &#8211; unde fiecare spray te transport\u0103 \u00eentr-o lume plin\u0103 de aventur\u0103, rafinament \u0219i farmec. Face\u021bi din acest parfum captivant o parte a rutinei zilnice \u0219i l\u0103sa\u021bi-l s\u0103 v\u0103 inspire c\u0103l\u0103toria.<\/p>","protected":false},"excerpt":{"rendered":"<p>Inspirat din Silver , Acqua di\u00a0Genova<\/p>","protected":false},"featured_media":1300,"comment_status":"open","ping_status":"closed","template":"","meta":{"om_disable_all_campaigns":false,"_monsterinsights_skip_tracking":false,"_monsterinsights_sitenote_active":false,"_monsterinsights_sitenote_note":"","_monsterinsights_sitenote_category":0},"product_brand":[61],"product_cat":[62],"product_tag":[],"class_list":{"0":"post-1299","1":"product","2":"type-product","3":"status-publish","4":"has-post-thumbnail","6":"product_brand-fragance-world","7":"product_cat-parfumuri-sub-45ron","9":"first","10":"instock","11":"shipping-taxable","12":"purchasable","13":"product-type-simple"},"aioseo_notices":[],"ct_brands":[{"id":61,"name":"Fragrance World","slug":"fragance-world"}],"_links":{"self":[{"href":"https:\/\/habibimb.com\/en\/wp-json\/wp\/v2\/product\/1299","targetHints":{"allow":["GET"]}}],"collection":[{"href":"https:\/\/habibimb.com\/en\/wp-json\/wp\/v2\/product"}],"about":[{"href":"https:\/\/habibimb.com\/en\/wp-json\/wp\/v2\/types\/product"}],"replies":[{"embeddable":true,"href":"https:\/\/habibimb.com\/en\/wp-json\/wp\/v2\/comments?post=1299"}],"wp:featuredmedia":[{"embeddable":true,"href":"https:\/\/habibimb.com\/en\/wp-json\/wp\/v2\/media\/1300"}],"wp:attachment":[{"href":"https:\/\/habibimb.com\/en\/wp-json\/wp\/v2\/media?parent=1299"}],"wp:term":[{"taxonomy":"product_brand","embeddable":true,"href":"https:\/\/habibimb.com\/en\/wp-json\/wp\/v2\/product_brand?post=1299"},{"taxonomy":"product_cat","embeddable":true,"href":"https:\/\/habibimb.com\/en\/wp-json\/wp\/v2\/product_cat?post=1299"},{"taxonomy":"product_tag","embeddable":true,"href":"https:\/\/habibimb.com\/en\/wp-json\/wp\/v2\/product_tag?post=1299"}],"curies":[{"name":"wp","href":"https:\/\/api.w.org\/{rel}","templated":true}]}}