{"id":1294,"date":"2025-04-21T13:55:15","date_gmt":"2025-04-21T13:55:15","guid":{"rendered":"https:\/\/habibimb.com\/?post_type=product&#038;p=1294"},"modified":"2025-09-19T12:00:21","modified_gmt":"2025-09-19T12:00:21","slug":"apa-de-parfum-zara-man-fragrance-world-barbati-50ml","status":"publish","type":"product","link":"https:\/\/habibimb.com\/en\/product\/apa-de-parfum-zara-man-fragrance-world-barbati-50ml\/","title":{"rendered":"Zara Man, Fragrance World"},"content":{"rendered":"<h2>V\u0103 prezent\u0103m Zara Man<\/h2>\n<p>\u00cembun\u0103t\u0103\u021be\u0219te-\u021bi rutina zilnic\u0103 cu parfumul sofisticat al Apa de Parfum Zara Man, un parfum care \u00eencapsuleaz\u0103 esen\u021ba masculinit\u0103\u021bii moderne. Acest parfum atent realizat ofer\u0103 un amestec aromat care este at\u00e2t revigorant, c\u00e2t \u0219i distinctiv, conceput special pentru b\u0103rbatul \u00eencrez\u0103tor care pre\u021buie\u0219te stilul \u0219i elegan\u021ba.<\/p>\n<h2>Un profil de parfum captivant<\/h2>\n<p>Apa de Parfum Zara Man prezint\u0103 note de v\u00e2rf de bergamot\u0103 picant\u0103 \u0219i ment\u0103 revigorant\u0103, preg\u0103tind terenul pentru o experien\u021b\u0103 dinamic\u0103. Pe m\u0103sur\u0103 ce se desf\u0103\u0219oar\u0103, inima dezv\u0103luie un amestec bogat de condimente aromate, completat de tonuri calde \u0219i primitoare de lemn de cedru \u0219i chihlimbar. Rezultatul este un parfum care trece frumos de la zi la noapte, f\u0103c\u00e2ndu-l \u00eenso\u021bitorul perfect pentru orice ocazie.<\/p>\n<h2>De ce s\u0103 alegi acest parfum?<\/h2>\n<p>Alegerea Zara Man \u00eenseamn\u0103 s\u0103 \u00eembr\u0103\u021bi\u0219ezi un parfum atemporal care rezoneaz\u0103 cu individualitatea ta. \u00cenvelit \u00eentr-o sticl\u0103 elegant\u0103 de 50 ml, acest parfum nu este doar o pies\u0103 statement pentru colec\u021bia ta de \u00eengrijire, ci \u0219i un parfum versatil care poate fi \u00eencorporat perfect \u00een via\u021ba ta de zi cu zi. Fie c\u0103 merge\u021bi la birou, ie\u0219i\u021bi cu prietenii sau v\u0103 r\u0103sf\u0103\u021ba\u021bi cu o sear\u0103 romantic\u0103, lumina\u021bi camera cu acest parfum de neuitat.<\/p>\n<p>Experimenteaz\u0103 farmecul Apa de Parfum Zara Man \u0219i descoper\u0103 de ce este un plus indispensabil pentru gama ta de parfumuri. Dezl\u0103n\u021buie-\u021bi \u00eencrederea interioar\u0103 \u0219i las\u0103 o impresie de durat\u0103 oriunde mergi<\/p>","protected":false},"excerpt":{"rendered":"<p>Inspirat din Tom Ford Black Orchid<\/p>","protected":false},"featured_media":1295,"comment_status":"open","ping_status":"closed","template":"","meta":{"om_disable_all_campaigns":false,"_monsterinsights_skip_tracking":false,"_monsterinsights_sitenote_active":false,"_monsterinsights_sitenote_note":"","_monsterinsights_sitenote_category":0},"product_brand":[61],"product_cat":[62],"product_tag":[],"class_list":{"0":"post-1294","1":"product","2":"type-product","3":"status-publish","4":"has-post-thumbnail","6":"product_brand-fragance-world","7":"product_cat-parfumuri-sub-45ron","9":"first","10":"outofstock","11":"shipping-taxable","12":"purchasable","13":"product-type-simple"},"aioseo_notices":[],"ct_brands":[{"id":61,"name":"Fragrance World","slug":"fragance-world"}],"_links":{"self":[{"href":"https:\/\/habibimb.com\/en\/wp-json\/wp\/v2\/product\/1294","targetHints":{"allow":["GET"]}}],"collection":[{"href":"https:\/\/habibimb.com\/en\/wp-json\/wp\/v2\/product"}],"about":[{"href":"https:\/\/habibimb.com\/en\/wp-json\/wp\/v2\/types\/product"}],"replies":[{"embeddable":true,"href":"https:\/\/habibimb.com\/en\/wp-json\/wp\/v2\/comments?post=1294"}],"wp:featuredmedia":[{"embeddable":true,"href":"https:\/\/habibimb.com\/en\/wp-json\/wp\/v2\/media\/1295"}],"wp:attachment":[{"href":"https:\/\/habibimb.com\/en\/wp-json\/wp\/v2\/media?parent=1294"}],"wp:term":[{"taxonomy":"product_brand","embeddable":true,"href":"https:\/\/habibimb.com\/en\/wp-json\/wp\/v2\/product_brand?post=1294"},{"taxonomy":"product_cat","embeddable":true,"href":"https:\/\/habibimb.com\/en\/wp-json\/wp\/v2\/product_cat?post=1294"},{"taxonomy":"product_tag","embeddable":true,"href":"https:\/\/habibimb.com\/en\/wp-json\/wp\/v2\/product_tag?post=1294"}],"curies":[{"name":"wp","href":"https:\/\/api.w.org\/{rel}","templated":true}]}}