{"id":1290,"date":"2025-04-21T13:51:16","date_gmt":"2025-04-21T13:51:16","guid":{"rendered":"https:\/\/habibimb.com\/?post_type=product&#038;p=1290"},"modified":"2025-10-04T05:21:52","modified_gmt":"2025-10-04T05:21:52","slug":"apa-de-parfum-toomford-fragrance-world-barbati-50ml","status":"publish","type":"product","link":"https:\/\/habibimb.com\/en\/product\/apa-de-parfum-toomford-fragrance-world-barbati-50ml\/","title":{"rendered":"ToomFord Fragrance World"},"content":{"rendered":"<h2>Dezv\u0103lui\u021bi esen\u021ba masculinit\u0103\u021bii<\/h2>\n<p>V\u0103 prezent\u0103m Apa de Parfum ToomFord Fragrance World pentru b\u0103rba\u021bi, un parfum luxos conceput pentru a evoca \u00eencredere \u0219i rafinament. Acest parfum \u00eencapsuleaz\u0103 esen\u021ba masculinit\u0103\u021bii moderne, oferind un amestec unic de note care \u00eel diferen\u021biaz\u0103 de parfumurile conven\u021bionale. Cu o sticl\u0103 uimitoare de 50 ml, este un \u00eenso\u021bitor ideal at\u00e2t pentru purtarea zilnic\u0103, c\u00e2t \u0219i pentru ocazii speciale.<\/p>\n<h2>Note captivante pentru fiecare ocazie<\/h2>\n<p>Aroma captivant\u0103 a Apa de Parfum ToomFord Fragrance World \u00eencepe cu o explozie proasp\u0103t\u0103 de citrice, care duce la o inim\u0103 care prezint\u0103 lemn cald \u0219i nuan\u021be florale subtile. Acest amestec armonios creeaz\u0103 un parfum atr\u0103g\u0103tor, care este at\u00e2t r\u0103coritor, c\u00e2t \u0219i atr\u0103g\u0103tor, asigur\u00e2ndu-v\u0103 o impresie de neuitat oriunde merge\u021bi. Notele de baz\u0103 bogate \u0219i profunde ofer\u0103 un final de lung\u0103 durat\u0103, sporindu-\u021bi farmecul mult timp dup\u0103 pulverizarea ini\u021bial\u0103.<\/p>\n<h2>M\u0103iestrie \u0219i calitate<\/h2>\n<p>Fiecare sticl\u0103 de Apa de Parfum ToomFord Fragrance World este o m\u0103rturie a luxului \u0219i elegan\u021bei, realizat\u0103 cu ingrediente de cea mai \u00eenalt\u0103 calitate. Parfumul atent formulat a fost supus unor teste riguroase pentru a se asigura c\u0103 \u00eendepline\u0219te standardele de sofisticare modern\u0103. Designul elegant al sticlei reflect\u0103 perfect con\u021binutul s\u0103u, oferind un aspect estetic care va impresiona cu siguran\u021b\u0103. Cu doar c\u00e2teva spray-uri, te po\u021bi \u00eenv\u0103lui \u00eentr-un parfum care \u00eentruchipeaz\u0103 echilibrul dintre for\u021b\u0103 \u0219i subtilitate.<\/p>\n<p>Experimenteaz\u0103 puterea transformatoare a parfumului cu Apa de Parfum ToomFord Fragrance World, Barbati 50ml. Fie c\u0103 te \u00eembraci pentru o zi la birou sau pentru o noapte \u00een ora\u0219, acest parfum promite s\u0103-\u021bi ridice prezen\u021ba \u0219i s\u0103 lase o impresie de durat\u0103. R\u0103sf\u0103\u021ba\u021bi-v\u0103 pe dumneavoastr\u0103 sau pe o persoan\u0103 drag\u0103 cu acest parfum rafinat care \u00eembun\u0103t\u0103\u021be\u0219te orice garderob\u0103.<\/p>","protected":false},"excerpt":{"rendered":"<p>Dezv\u0103lui\u021bi esen\u021ba masculinit\u0103\u021bii V\u0103 prezent\u0103m Apa de Parfum ToomFord Fragrance World pentru b\u0103rba\u021bi, un parfum luxos conceput pentru a evoca \u00eencredere \u0219i rafinament. Acest parfum \u00eencapsuleaz\u0103 esen\u021ba masculinit\u0103\u021bii moderne, oferind un amestec unic de note care \u00eel diferen\u021biaz\u0103 de parfumurile conven\u021bionale. Cu o sticl\u0103 uimitoare de 50 ml, este un \u00eenso\u021bitor ideal at\u00e2t pentru purtarea [&hellip;]<\/p>","protected":false},"featured_media":1292,"comment_status":"open","ping_status":"closed","template":"","meta":{"om_disable_all_campaigns":false,"_monsterinsights_skip_tracking":false,"_monsterinsights_sitenote_active":false,"_monsterinsights_sitenote_note":"","_monsterinsights_sitenote_category":0},"product_brand":[61],"product_cat":[62],"product_tag":[],"class_list":{"0":"post-1290","1":"product","2":"type-product","3":"status-publish","4":"has-post-thumbnail","6":"product_brand-fragance-world","7":"product_cat-parfumuri-sub-45ron","9":"first","10":"outofstock","11":"shipping-taxable","12":"purchasable","13":"product-type-simple"},"aioseo_notices":[],"ct_brands":[{"id":61,"name":"Fragrance World","slug":"fragance-world"}],"_links":{"self":[{"href":"https:\/\/habibimb.com\/en\/wp-json\/wp\/v2\/product\/1290","targetHints":{"allow":["GET"]}}],"collection":[{"href":"https:\/\/habibimb.com\/en\/wp-json\/wp\/v2\/product"}],"about":[{"href":"https:\/\/habibimb.com\/en\/wp-json\/wp\/v2\/types\/product"}],"replies":[{"embeddable":true,"href":"https:\/\/habibimb.com\/en\/wp-json\/wp\/v2\/comments?post=1290"}],"wp:featuredmedia":[{"embeddable":true,"href":"https:\/\/habibimb.com\/en\/wp-json\/wp\/v2\/media\/1292"}],"wp:attachment":[{"href":"https:\/\/habibimb.com\/en\/wp-json\/wp\/v2\/media?parent=1290"}],"wp:term":[{"taxonomy":"product_brand","embeddable":true,"href":"https:\/\/habibimb.com\/en\/wp-json\/wp\/v2\/product_brand?post=1290"},{"taxonomy":"product_cat","embeddable":true,"href":"https:\/\/habibimb.com\/en\/wp-json\/wp\/v2\/product_cat?post=1290"},{"taxonomy":"product_tag","embeddable":true,"href":"https:\/\/habibimb.com\/en\/wp-json\/wp\/v2\/product_tag?post=1290"}],"curies":[{"name":"wp","href":"https:\/\/api.w.org\/{rel}","templated":true}]}}