{"id":1277,"date":"2025-04-21T13:31:18","date_gmt":"2025-04-21T13:31:18","guid":{"rendered":"https:\/\/habibimb.com\/?post_type=product&#038;p=1277"},"modified":"2025-10-04T05:27:06","modified_gmt":"2025-10-04T05:27:06","slug":"apa-de-parfum-aventos-blue-for-him-fragance-world-barbati-50ml","status":"publish","type":"product","link":"https:\/\/habibimb.com\/en\/product\/apa-de-parfum-aventos-blue-for-him-fragance-world-barbati-50ml\/","title":{"rendered":"Aventos Blue For Him, Fragance World"},"content":{"rendered":"<h2>Experimenta\u021bi o elegan\u021b\u0103 de neegalat<\/h2>\n<p>P\u0103\u0219e\u0219te \u00eentr-o lume a rafinamentului cu <strong>Apa de Parfum Aventos Blue For Him<\/strong> de la Fragance World. Acest parfum rafinat este conceput pentru b\u0103rbatul modern care \u00eentruchipeaz\u0103 \u00eencrederea \u0219i farmecul. Cu un singur spray, vei sim\u021bi un sentiment imediat de \u00eemputernicire, f\u0103c\u00e2ndu-l \u00eenso\u021bitorul perfect pentru orice ocazie.<\/p>\n<h2>Profil de parfum captivant<\/h2>\n<p>Aventos Blue se deschide cu note vibrante de bergamot\u0103 proasp\u0103t\u0103 \u0219i l\u0103m\u00e2ie picant\u0103, cre\u00e2nd o introducere r\u0103coritoare care capteaz\u0103 imediat aten\u021bia. Pe m\u0103sur\u0103 ce parfumul se desf\u0103\u0219oar\u0103, notele de inim\u0103 de lavand\u0103 aromat\u0103 \u0219i nuc\u0219oar\u0103 picant\u0103 adaug\u0103 profunzime \u0219i complexitate, culmin\u00e2nd cu o baz\u0103 lemnoas\u0103 de chihlimbar bogat \u0219i piele neted\u0103. Acest amestec unic asigur\u0103 c\u0103 parfumul persist\u0103 elegant pe tot parcursul zilei, l\u0103s\u00e2nd o impresie de durat\u0103 oriunde te-ai duce.<\/p>\n<h2>Perfect ambalat pentru utilizarea de zi cu zi<\/h2>\n<p>Sticla de <strong>50 ml<\/strong> nu este doar atr\u0103g\u0103toare din punct de vedere vizual prin designul s\u0103u elegant, dar este \u0219i practic\u0103 pentru stilul de via\u021b\u0103 \u00een mi\u0219care. Indiferent dac\u0103 v\u0103 \u00eendrepta\u021bi spre birou, la o cin\u0103 sau la un eveniment special, dimensiunea compact\u0103 permite transportul u\u0219or, astfel \u00eenc\u00e2t s\u0103 v\u0103 pute\u021bi re\u00eemprosp\u0103ta parfumul ori de c\u00e2te ori este nevoie. \u00cembun\u0103t\u0103\u021be\u0219te-\u021bi rutina de zi cu zi cu un strop de Aventos Blue care te va face s\u0103 te sim\u021bi revitalizat \u0219i gata s\u0103 faci fa\u021b\u0103 oric\u0103rui lucru care \u00ee\u021bi iese \u00een cale.<\/p>\n<p>Experimenta\u021bi ast\u0103zi farmecul <strong>Apa de Parfum Aventos Blue For Him<\/strong>. Cu profilul s\u0103u olfactiv sofisticat \u0219i prezentarea elegant\u0103, este parfumul ideal pentru fiecare b\u0103rbat care caut\u0103 s\u0103-\u0219i exprime individualitatea \u0219i stilul. F\u0103-l un element de baz\u0103 \u00een colec\u021bia ta \u0219i urm\u0103re\u0219te cum \u00ee\u021bi transform\u0103 nu doar aspectul, ci \u0219i prezen\u021ba general\u0103.<\/p>","protected":false},"excerpt":{"rendered":"<p>Inspirat din Green Irish Tweed,\u00a0\u00a0Creed<\/p>","protected":false},"featured_media":1278,"comment_status":"open","ping_status":"closed","template":"","meta":{"om_disable_all_campaigns":false,"_monsterinsights_skip_tracking":false,"_monsterinsights_sitenote_active":false,"_monsterinsights_sitenote_note":"","_monsterinsights_sitenote_category":0},"product_brand":[61],"product_cat":[62],"product_tag":[],"class_list":{"0":"post-1277","1":"product","2":"type-product","3":"status-publish","4":"has-post-thumbnail","6":"product_brand-fragance-world","7":"product_cat-parfumuri-sub-45ron","9":"first","10":"outofstock","11":"shipping-taxable","12":"purchasable","13":"product-type-simple"},"aioseo_notices":[],"ct_brands":[{"id":61,"name":"Fragrance World","slug":"fragance-world"}],"_links":{"self":[{"href":"https:\/\/habibimb.com\/en\/wp-json\/wp\/v2\/product\/1277","targetHints":{"allow":["GET"]}}],"collection":[{"href":"https:\/\/habibimb.com\/en\/wp-json\/wp\/v2\/product"}],"about":[{"href":"https:\/\/habibimb.com\/en\/wp-json\/wp\/v2\/types\/product"}],"replies":[{"embeddable":true,"href":"https:\/\/habibimb.com\/en\/wp-json\/wp\/v2\/comments?post=1277"}],"wp:featuredmedia":[{"embeddable":true,"href":"https:\/\/habibimb.com\/en\/wp-json\/wp\/v2\/media\/1278"}],"wp:attachment":[{"href":"https:\/\/habibimb.com\/en\/wp-json\/wp\/v2\/media?parent=1277"}],"wp:term":[{"taxonomy":"product_brand","embeddable":true,"href":"https:\/\/habibimb.com\/en\/wp-json\/wp\/v2\/product_brand?post=1277"},{"taxonomy":"product_cat","embeddable":true,"href":"https:\/\/habibimb.com\/en\/wp-json\/wp\/v2\/product_cat?post=1277"},{"taxonomy":"product_tag","embeddable":true,"href":"https:\/\/habibimb.com\/en\/wp-json\/wp\/v2\/product_tag?post=1277"}],"curies":[{"name":"wp","href":"https:\/\/api.w.org\/{rel}","templated":true}]}}