{"id":1273,"date":"2025-04-21T13:26:41","date_gmt":"2025-04-21T13:26:41","guid":{"rendered":"https:\/\/habibimb.com\/?post_type=product&#038;p=1273"},"modified":"2025-10-04T05:20:48","modified_gmt":"2025-10-04T05:20:48","slug":"apa-de-parfum-fiero-bleu-man-fragance-world-barbati-50ml","status":"publish","type":"product","link":"https:\/\/habibimb.com\/en\/product\/apa-de-parfum-fiero-bleu-man-fragance-world-barbati-50ml\/","title":{"rendered":"Fiero Bleu Man, Fragance World"},"content":{"rendered":"<h2>Dezl\u0103n\u021buie-\u021bi \u00eencrederea<\/h2>\n<p>V\u0103 prezent\u0103m Apa de Parfum Fiero Bleu Man, un parfum \u00eendr\u0103zne\u021b \u0219i sofisticat special conceput pentru b\u0103rbatul modern care \u0219tie ce \u00ee\u0219i dore\u0219te. Cu o greutate de 50 ml, acest parfum \u00eenc\u00e2nt\u0103tor \u00eentruchipeaz\u0103 elegan\u021b\u0103 \u0219i putere, cre\u00e2nd un amestec perfect de note aromatice care captiveaz\u0103 oriunde te-ai duce. Fie c\u0103 este vorba de o zi la birou sau de o noapte \u00een ora\u0219, acest parfum rafinat v\u0103 asigur\u0103 o impresie de durat\u0103.<\/p>\n<h2>Un profil de arom\u0103 captivant<\/h2>\n<p>Parfumul Fiero Bleu Man se deschide cu o explozie proasp\u0103t\u0103 de citrice, combinat\u0103 cu m\u0103iestrie cu nuan\u021be florale bl\u00e2nde care \u00ee\u021bi trezesc sim\u021burile. Pe m\u0103sur\u0103 ce se dezvolt\u0103, apar note mai profunde de lemn de cedru \u0219i paciuli, oferind o baz\u0103 cald\u0103, p\u0103m\u00e2nteasc\u0103, care persist\u0103 pe piele. Rezultatul este un parfum bine rotunjit care trece frumos de la zi la noapte, f\u0103c\u00e2ndu-l suficient de versatil pentru orice ocazie.<\/p>\n<h2>Conceput pentru gentlemanul exigent<\/h2>\n<p>Deblocheaz\u0103-\u021bi adev\u0103ratul poten\u021bial cu Apa de Parfum Fiero Bleu Man. Acest parfum este mai mult dec\u00e2t un simplu parfum; este o extensie a personalit\u0103\u021bii tale. Ambalat \u00eentr-o sticl\u0103 elegant\u0103 care reflect\u0103 rafinamentul con\u021binutului s\u0103u, parfumul este un plus impresionant pentru orice colec\u021bie de \u00eengrijire. C\u00e2teva pulveriz\u0103ri te vor face s\u0103 te sim\u021bi revigorat \u0219i gata s\u0103 cucere\u0219ti lumea, sporindu-\u021bi farmecul \u0219i farmecul natural.<\/p>\n<p>Experimenta\u021bi luxul Fiero Bleu Man \u0219i \u00eembun\u0103t\u0103\u021bi\u021bi-v\u0103 rutina zilnic\u0103 cu un parfum care v\u0103 completeaz\u0103 stilul de via\u021b\u0103. Cu o singur\u0103 aplica\u021bie, ve\u021bi \u00eembr\u0103\u021bi\u0219a o lume de posibilit\u0103\u021bi, l\u0103s\u00e2nd o aur\u0103 de intrig\u0103 care atrage oamenii. Alege\u021bi Fiero Bleu Man &#8211; unde elegan\u021ba \u00eent\u00e2lne\u0219te \u00eencrederea.<\/p>","protected":false},"excerpt":{"rendered":"<p>Dezl\u0103n\u021buie-\u021bi \u00eencrederea V\u0103 prezent\u0103m Apa de Parfum Fiero Bleu Man, un parfum \u00eendr\u0103zne\u021b \u0219i sofisticat special conceput pentru b\u0103rbatul modern care \u0219tie ce \u00ee\u0219i dore\u0219te. Cu o greutate de 50 ml, acest parfum \u00eenc\u00e2nt\u0103tor \u00eentruchipeaz\u0103 elegan\u021b\u0103 \u0219i putere, cre\u00e2nd un amestec perfect de note aromatice care captiveaz\u0103 oriunde te-ai duce. Fie c\u0103 este vorba de [&hellip;]<\/p>","protected":false},"featured_media":1274,"comment_status":"open","ping_status":"closed","template":"","meta":{"om_disable_all_campaigns":false,"_monsterinsights_skip_tracking":false,"_monsterinsights_sitenote_active":false,"_monsterinsights_sitenote_note":"","_monsterinsights_sitenote_category":0},"product_brand":[61],"product_cat":[62],"product_tag":[],"class_list":{"0":"post-1273","1":"product","2":"type-product","3":"status-publish","4":"has-post-thumbnail","6":"product_brand-fragance-world","7":"product_cat-parfumuri-sub-45ron","9":"first","10":"outofstock","11":"shipping-taxable","12":"purchasable","13":"product-type-simple"},"aioseo_notices":[],"ct_brands":[{"id":61,"name":"Fragrance World","slug":"fragance-world"}],"_links":{"self":[{"href":"https:\/\/habibimb.com\/en\/wp-json\/wp\/v2\/product\/1273","targetHints":{"allow":["GET"]}}],"collection":[{"href":"https:\/\/habibimb.com\/en\/wp-json\/wp\/v2\/product"}],"about":[{"href":"https:\/\/habibimb.com\/en\/wp-json\/wp\/v2\/types\/product"}],"replies":[{"embeddable":true,"href":"https:\/\/habibimb.com\/en\/wp-json\/wp\/v2\/comments?post=1273"}],"wp:featuredmedia":[{"embeddable":true,"href":"https:\/\/habibimb.com\/en\/wp-json\/wp\/v2\/media\/1274"}],"wp:attachment":[{"href":"https:\/\/habibimb.com\/en\/wp-json\/wp\/v2\/media?parent=1273"}],"wp:term":[{"taxonomy":"product_brand","embeddable":true,"href":"https:\/\/habibimb.com\/en\/wp-json\/wp\/v2\/product_brand?post=1273"},{"taxonomy":"product_cat","embeddable":true,"href":"https:\/\/habibimb.com\/en\/wp-json\/wp\/v2\/product_cat?post=1273"},{"taxonomy":"product_tag","embeddable":true,"href":"https:\/\/habibimb.com\/en\/wp-json\/wp\/v2\/product_tag?post=1273"}],"curies":[{"name":"wp","href":"https:\/\/api.w.org\/{rel}","templated":true}]}}