{"id":1270,"date":"2025-04-21T13:18:32","date_gmt":"2025-04-21T13:18:32","guid":{"rendered":"https:\/\/habibimb.com\/?post_type=product&#038;p=1270"},"modified":"2025-05-15T07:30:41","modified_gmt":"2025-05-15T07:30:41","slug":"apa-de-parfum-rose-paris-night-ard-al-zaafaran-femei-65ml","status":"publish","type":"product","link":"https:\/\/habibimb.com\/en\/product\/apa-de-parfum-rose-paris-night-ard-al-zaafaran-femei-65ml\/","title":{"rendered":"Rose Paris Night ,Ard Al Zaafaran ,65"},"content":{"rendered":"<h2>Dezv\u0103lui\u021bi noaptea cu Rose Paris<\/h2>\n<p>V\u0103 prezent\u0103m fascinantul <strong>Apa de Parfum Rose Paris Night<\/strong> de Ard Al Zaafaran. Acest parfum rafinat pentru femei surprinde esen\u021ba serilor romantice \u00een ora\u0219ul iubirii. Cu un amestec captivant de note florale \u0219i moscate, acest parfum este conceput pentru a evoca farmecul \u0219i rafinamentul Parisului noaptea, f\u0103c\u00e2ndu-l un plus esen\u021bial pentru orice colec\u021bie de parfumuri.<\/p>\n<h2>Un amestec simfonic de parfumuri<\/h2>\n<p>Parfumul Rose Paris Night te \u00eenv\u0103luie \u00eentr-un buchet luxos, cu note bogate de trandafiri \u00eenflori\u021bi, armonizate cu note subtile de iasomie proasp\u0103t\u0103 \u0219i vanilie catifelat\u0103. Fiecare spray te transport\u0103 \u00eentr-o plimbare sub stele, \u00eenconjurat de ambian\u021ba \u00eenc\u00e2nt\u0103toare a str\u0103zilor pariziene. Aceast\u0103 compozi\u021bie unic\u0103 ofer\u0103 un echilibru perfect, asigur\u00e2ndu-v\u0103 c\u0103 v\u0103 sim\u021bi\u021bi \u00eencrez\u0103tori \u0219i radian\u021bi pentru orice ocazie.<\/p>\n<h2>Lux de lung\u0103 durat\u0103<\/h2>\n<p>Cu o sticl\u0103 generoas\u0103 de 65 ml, <strong>Apa de Parfum Rose Paris Night<\/strong> promite longevitate, p\u0103str\u00e2ndu-\u0219i parfumul atr\u0103g\u0103tor de la amurg p\u00e2n\u0103 \u00een zori. Fie c\u0103 te \u00eembraci pentru o noapte \u00een ora\u0219 sau cau\u021bi o not\u0103 de elegan\u021b\u0103 pentru rutina ta zilnic\u0103, acest parfum surprinde spiritul feminit\u0103\u021bii, romantismului \u0219i rafinamentului. Sticla frumos proiectat\u0103 reflect\u0103 esen\u021ba parfumului s\u0103u, ac\u021bion\u00e2nd ca o completare elegant\u0103 a toaletei tale.<\/p>\n<p>R\u0103sf\u0103\u021ba\u021bi-v\u0103 cu un parfum care rezoneaz\u0103 cu inima, \u00eembr\u0103\u021bi\u0219\u00e2nd at\u00e2t farmecul c\u00e2t \u0219i elegan\u021ba. <strong>Apa de Parfum Rose Paris Night<\/strong> nu este doar un parfum; Este o experien\u021b\u0103 care \u00eencapsuleaz\u0103 m\u0103iestria fabric\u0103rii parfumurilor. Cufund\u0103-te \u00een acest parfum captivant \u0219i las\u0103-l s\u0103 devin\u0103 parfumul t\u0103u semn\u0103tur\u0103.<\/p>","protected":false},"excerpt":{"rendered":"<ul>\n<li>Note de varf: portocale, lamaie, bergamota.<\/li>\n<li>Note de mijloc: parfum dulce, frezii, trandafir.<\/li>\n<li>Note de baza:\u00a0lemn de santal, mosc.<\/li>\n<\/ul>","protected":false},"featured_media":1271,"comment_status":"open","ping_status":"closed","template":"","meta":{"om_disable_all_campaigns":false,"_monsterinsights_skip_tracking":false,"_monsterinsights_sitenote_active":false,"_monsterinsights_sitenote_note":"","_monsterinsights_sitenote_category":0},"product_brand":[64],"product_cat":[56],"product_tag":[],"class_list":{"0":"post-1270","1":"product","2":"type-product","3":"status-publish","4":"has-post-thumbnail","6":"product_brand-ard-al-zaafaran","7":"product_cat-pentru-ea","9":"first","10":"instock","11":"shipping-taxable","12":"purchasable","13":"product-type-simple"},"aioseo_notices":[],"ct_brands":[{"id":64,"name":"Ard Al Zaafaran","slug":"ard-al-zaafaran"}],"_links":{"self":[{"href":"https:\/\/habibimb.com\/en\/wp-json\/wp\/v2\/product\/1270","targetHints":{"allow":["GET"]}}],"collection":[{"href":"https:\/\/habibimb.com\/en\/wp-json\/wp\/v2\/product"}],"about":[{"href":"https:\/\/habibimb.com\/en\/wp-json\/wp\/v2\/types\/product"}],"replies":[{"embeddable":true,"href":"https:\/\/habibimb.com\/en\/wp-json\/wp\/v2\/comments?post=1270"}],"wp:featuredmedia":[{"embeddable":true,"href":"https:\/\/habibimb.com\/en\/wp-json\/wp\/v2\/media\/1271"}],"wp:attachment":[{"href":"https:\/\/habibimb.com\/en\/wp-json\/wp\/v2\/media?parent=1270"}],"wp:term":[{"taxonomy":"product_brand","embeddable":true,"href":"https:\/\/habibimb.com\/en\/wp-json\/wp\/v2\/product_brand?post=1270"},{"taxonomy":"product_cat","embeddable":true,"href":"https:\/\/habibimb.com\/en\/wp-json\/wp\/v2\/product_cat?post=1270"},{"taxonomy":"product_tag","embeddable":true,"href":"https:\/\/habibimb.com\/en\/wp-json\/wp\/v2\/product_tag?post=1270"}],"curies":[{"name":"wp","href":"https:\/\/api.w.org\/{rel}","templated":true}]}}